{"id":6625,"date":"2023-01-16T11:27:56","date_gmt":"2023-01-16T10:27:56","guid":{"rendered":"https:\/\/ispgestion.com\/?page_id=6625"},"modified":"2023-02-21T16:07:28","modified_gmt":"2023-02-21T15:07:28","slug":"backup-en-la-nube","status":"publish","type":"page","link":"https:\/\/ispgestion.com\/pt\/backup-en-la-nube\/","title":{"rendered":"Backups na nuvem"},"content":{"rendered":"<div data-elementor-type=\"wp-page\" data-elementor-id=\"6625\" class=\"elementor elementor-6625\">\n\t\t\t\t\t\t<section class=\"elementor-section elementor-top-section elementor-element elementor-element-5095c7a elementor-section-boxed elementor-section-height-default elementor-section-height-default wpr-particle-no wpr-jarallax-no wpr-parallax-no wpr-sticky-section-no wpr-equal-height-no\" data-id=\"5095c7a\" data-element_type=\"section\" data-e-type=\"section\">\n\t\t\t\t\t\t<div class=\"elementor-container elementor-column-gap-default\">\n\t\t\t\t\t<div class=\"elementor-column elementor-col-100 elementor-top-column elementor-element elementor-element-5d0ca6a\" data-id=\"5d0ca6a\" data-element_type=\"column\" data-e-type=\"column\">\n\t\t\t<div class=\"elementor-widget-wrap elementor-element-populated\">\n\t\t\t\t\t\t<div class=\"elementor-element elementor-element-59d23ee elementor-widget elementor-widget-heading\" data-id=\"59d23ee\" data-element_type=\"widget\" data-e-type=\"widget\" data-widget_type=\"heading.default\">\n\t\t\t\t<div class=\"elementor-widget-container\">\n\t\t\t\t\t<h3 class=\"elementor-heading-title elementor-size-default\">BACKUPS NA NUVEM<\/h3>\t\t\t\t<\/div>\n\t\t\t\t<\/div>\n\t\t\t\t\t<\/div>\n\t\t<\/div>\n\t\t\t\t\t<\/div>\n\t\t<\/section>\n\t\t\t\t<section class=\"elementor-section elementor-top-section elementor-element elementor-element-f4ac8e6 elementor-section-boxed elementor-section-height-default elementor-section-height-default wpr-particle-no wpr-jarallax-no wpr-parallax-no wpr-sticky-section-no wpr-equal-height-no\" data-id=\"f4ac8e6\" data-element_type=\"section\" data-e-type=\"section\">\n\t\t\t\t\t\t<div class=\"elementor-container elementor-column-gap-default\">\n\t\t\t\t\t<div class=\"elementor-column elementor-col-100 elementor-top-column elementor-element elementor-element-698dcda\" data-id=\"698dcda\" data-element_type=\"column\" data-e-type=\"column\">\n\t\t\t<div class=\"elementor-widget-wrap elementor-element-populated\">\n\t\t\t\t\t\t<div class=\"elementor-element elementor-element-79427aa elementor-widget elementor-widget-image\" data-id=\"79427aa\" data-element_type=\"widget\" data-e-type=\"widget\" data-widget_type=\"image.default\">\n\t\t\t\t<div class=\"elementor-widget-container\">\n\t\t\t\t\t\t\t\t\t\t\t\t\t\t\t<img fetchpriority=\"high\" decoding=\"async\" width=\"1024\" height=\"264\" src=\"https:\/\/ispgestion.com\/wp-content\/uploads\/2021\/05\/backup-1024x264.jpg\" class=\"attachment-large size-large wp-image-2177\" alt=\"Servicios software ISPGestion de copias de seguridad\" srcset=\"https:\/\/ispgestion.com\/wp-content\/uploads\/2021\/05\/backup-1024x264.jpg 1024w, https:\/\/ispgestion.com\/wp-content\/uploads\/2021\/05\/backup-600x154.jpg 600w, https:\/\/ispgestion.com\/wp-content\/uploads\/2021\/05\/backup-300x77.jpg 300w, https:\/\/ispgestion.com\/wp-content\/uploads\/2021\/05\/backup-768x198.jpg 768w, https:\/\/ispgestion.com\/wp-content\/uploads\/2021\/05\/backup-1536x395.jpg 1536w, https:\/\/ispgestion.com\/wp-content\/uploads\/2021\/05\/backup-16x4.jpg 16w, https:\/\/ispgestion.com\/wp-content\/uploads\/2021\/05\/backup.jpg 1570w\" sizes=\"(max-width: 1024px) 100vw, 1024px\" \/>\t\t\t\t\t\t\t\t\t\t\t\t\t\t\t<\/div>\n\t\t\t\t<\/div>\n\t\t\t\t\t<\/div>\n\t\t<\/div>\n\t\t\t\t\t<\/div>\n\t\t<\/section>\n\t\t\t\t<section class=\"elementor-section elementor-top-section elementor-element elementor-element-1786503 elementor-section-boxed elementor-section-height-default elementor-section-height-default wpr-particle-no wpr-jarallax-no wpr-parallax-no wpr-sticky-section-no wpr-equal-height-no\" data-id=\"1786503\" data-element_type=\"section\" data-e-type=\"section\">\n\t\t\t\t\t\t<div class=\"elementor-container elementor-column-gap-default\">\n\t\t\t\t\t<div class=\"elementor-column elementor-col-100 elementor-top-column elementor-element elementor-element-6762a21\" data-id=\"6762a21\" data-element_type=\"column\" data-e-type=\"column\">\n\t\t\t<div class=\"elementor-widget-wrap elementor-element-populated\">\n\t\t\t\t\t\t<div class=\"elementor-element elementor-element-c623aaa elementor-widget elementor-widget-text-editor\" data-id=\"c623aaa\" data-element_type=\"widget\" data-e-type=\"widget\" data-widget_type=\"text-editor.default\">\n\t\t\t\t<div class=\"elementor-widget-container\">\n\t\t\t\t\t\t\t\t\t<p>A seguran\u00e7a e disponibilidade dos seus dados devem ser o m\u00e1ximo para a sua empresa e, neste contexto, existem v\u00e1rias raz\u00f5es pelas quais \u00e9 importante realizar backups na nuvem:<\/p><p><strong>Maior seguran\u00e7a<\/strong>: Ao armazenar os dados na nuvem, eles ficam protegidos contra poss\u00edveis desastres naturais, roubos ou danos f\u00edsicos aos servidores. Al\u00e9m disso, oferecemos servi\u00e7os de armazenamento com medidas adicionais de seguran\u00e7a para proteger os dados de nossos clientes de forma robusta.<\/p><p><strong>maior flexibilidade<\/strong>: Ao ter acesso aos dados de qualquer lugar e dispositivo com conex\u00e3o \u00e0 Internet, \u00e9 mais f\u00e1cil trabalhar em projetos e colaborar com outras pessoas, sem ser limitado pelo local ou pelo dispositivo em uso.<\/p><p><strong>Maior escalabilidade<\/strong>: Ao armazenar dados na nuvem, \u00e9 mais f\u00e1cil aumentar ou diminuir o espa\u00e7o de armazenamento conforme necess\u00e1rio, sem ter que investir em hardware adicional ou se preocupar em gerenci\u00e1-lo.<\/p><p><strong>Maior efici\u00eancia<\/strong>: Fazer backup na nuvem economiza tempo e recursos por n\u00e3o ter que se preocupar com o gerenciamento do pr\u00f3prio backup. Al\u00e9m disso, ao n\u00e3o ter que fazer c\u00f3pias de backup manualmente, o risco de esquecer de executar esse importante processo \u00e9 reduzido.<\/p><p>Resumindo, o backup na nuvem oferece maior seguran\u00e7a, flexibilidade, escalabilidade e efici\u00eancia em compara\u00e7\u00e3o com o armazenamento de dados em servidores locais.<\/p><p><b>\u00a0<\/b><b style=\"letter-spacing: 0px;\"><\/b><\/p>\t\t\t\t\t\t\t\t<\/div>\n\t\t\t\t<\/div>\n\t\t\t\t\t<\/div>\n\t\t<\/div>\n\t\t\t\t\t<\/div>\n\t\t<\/section>\n\t\t\t\t<\/div>","protected":false},"excerpt":{"rendered":"<p>BACKUPS NA NUVEM A seguran\u00e7a e disponibilidade dos seus dados devem ser uma prioridade para a sua empresa e, neste contexto, existem v\u00e1rios motivos pelos quais \u00e9 importante realizar backups na nuvem: Maior seguran\u00e7a: Ao armazenar dados na nuvem, estes est\u00e3o protegidos contra poss\u00edveis desastres naturais, roubo ou danos f\u00edsicos aos servidores. Al\u00e9m disso, oferecemos servi\u00e7os de armazenamento com medidas de seguran\u00e7a adicionais para proteger de forma robusta os dados dos nossos clientes. Maior flexibilidade: Ao ter acesso aos dados de qualquer local e dispositivo com conex\u00e3o \u00e0 Internet, fica mais f\u00e1cil trabalhar em projetos e colaborar com outros usu\u00e1rios, sem ficar limitado pela localiza\u00e7\u00e3o ou pelo dispositivo utilizado. Maior escalabilidade: Ao armazenar dados na nuvem, fica mais f\u00e1cil aumentar ou diminuir o espa\u00e7o de armazenamento conforme a necessidade, sem precisar investir em hardware adicional ou se preocupar em gerenci\u00e1-lo. Maior efici\u00eancia: Fazer backup na nuvem economiza tempo e recursos por n\u00e3o precisar se preocupar em gerenciar o backup em si. Al\u00e9m disso, ao n\u00e3o ser necess\u00e1rio fazer c\u00f3pias de seguran\u00e7a manualmente, reduz-se o risco de esquecer de executar este importante processo. Resumindo, o backup na nuvem oferece maior seguran\u00e7a, flexibilidade, escalabilidade e efici\u00eancia em compara\u00e7\u00e3o ao armazenamento de dados em servidores locais. &nbsp;<\/p>","protected":false},"author":4,"featured_media":0,"parent":0,"menu_order":0,"comment_status":"closed","ping_status":"closed","template":"page-templates\/template-pagebuilder-full-width.php","meta":{"neve_meta_sidebar":"","neve_meta_container":"","neve_meta_enable_content_width":"","neve_meta_content_width":0,"neve_meta_title_alignment":"","neve_meta_author_avatar":"","neve_post_elements_order":"","neve_meta_disable_header":"","neve_meta_disable_footer":"","neve_meta_disable_title":"","footnotes":""},"class_list":["post-6625","page","type-page","status-publish","hentry"],"yoast_head":"<!-- This site is optimized with the Yoast SEO plugin v27.4 - https:\/\/yoast.com\/product\/yoast-seo-wordpress\/ -->\n<title>Backup\u00b4s en la Nube - ISP Gesti\u00f3n<\/title>\n<meta name=\"description\" content=\"Servicios software ISPGestion de copias de seguridad en otros servidores , para una mayor seguridad .escalabilidad, eficiencia y flexibilidad\" \/>\n<meta name=\"robots\" content=\"index, follow, max-snippet:-1, max-image-preview:large, max-video-preview:-1\" \/>\n<link rel=\"canonical\" href=\"https:\/\/ispgestion.com\/pt\/backup-en-la-nube\/\" \/>\n<meta property=\"og:locale\" content=\"pt_PT\" \/>\n<meta property=\"og:type\" content=\"article\" \/>\n<meta property=\"og:title\" content=\"Backup\u00b4s en la Nube - ISP Gesti\u00f3n\" \/>\n<meta property=\"og:description\" content=\"Servicios software ISPGestion de copias de seguridad en otros servidores , para una mayor seguridad .escalabilidad, eficiencia y flexibilidad\" \/>\n<meta property=\"og:url\" content=\"https:\/\/ispgestion.com\/pt\/backup-en-la-nube\/\" \/>\n<meta property=\"og:site_name\" content=\"ISP Gesti\u00f3n\" \/>\n<meta property=\"article:publisher\" content=\"https:\/\/www.facebook.com\/ispgestion\/\" \/>\n<meta property=\"article:modified_time\" content=\"2023-02-21T15:07:28+00:00\" \/>\n<meta property=\"og:image\" content=\"https:\/\/ispgestion.com\/wp-content\/uploads\/2021\/05\/backup-1024x264.jpg\" \/>\n<meta name=\"twitter:card\" content=\"summary_large_image\" \/>\n<meta name=\"twitter:label1\" content=\"Tempo estimado de leitura\" \/>\n\t<meta name=\"twitter:data1\" content=\"2 minutos\" \/>\n<script type=\"application\/ld+json\" class=\"yoast-schema-graph\">{\"@context\":\"https:\\\/\\\/schema.org\",\"@graph\":[{\"@type\":\"WebPage\",\"@id\":\"https:\\\/\\\/ispgestion.com\\\/backup-en-la-nube\\\/\",\"url\":\"https:\\\/\\\/ispgestion.com\\\/backup-en-la-nube\\\/\",\"name\":\"Backup\u00b4s en la Nube - ISP Gesti\u00f3n\",\"isPartOf\":{\"@id\":\"https:\\\/\\\/ispgestion.com\\\/#website\"},\"primaryImageOfPage\":{\"@id\":\"https:\\\/\\\/ispgestion.com\\\/backup-en-la-nube\\\/#primaryimage\"},\"image\":{\"@id\":\"https:\\\/\\\/ispgestion.com\\\/backup-en-la-nube\\\/#primaryimage\"},\"thumbnailUrl\":\"https:\\\/\\\/ispgestion.com\\\/wp-content\\\/uploads\\\/2021\\\/05\\\/backup-1024x264.jpg\",\"datePublished\":\"2023-01-16T10:27:56+00:00\",\"dateModified\":\"2023-02-21T15:07:28+00:00\",\"description\":\"Servicios software ISPGestion de copias de seguridad en otros servidores , para una mayor seguridad .escalabilidad, eficiencia y flexibilidad\",\"breadcrumb\":{\"@id\":\"https:\\\/\\\/ispgestion.com\\\/backup-en-la-nube\\\/#breadcrumb\"},\"inLanguage\":\"pt-PT\",\"potentialAction\":[{\"@type\":\"ReadAction\",\"target\":[\"https:\\\/\\\/ispgestion.com\\\/backup-en-la-nube\\\/\"]}]},{\"@type\":\"ImageObject\",\"inLanguage\":\"pt-PT\",\"@id\":\"https:\\\/\\\/ispgestion.com\\\/backup-en-la-nube\\\/#primaryimage\",\"url\":\"https:\\\/\\\/ispgestion.com\\\/wp-content\\\/uploads\\\/2021\\\/05\\\/backup-1024x264.jpg\",\"contentUrl\":\"https:\\\/\\\/ispgestion.com\\\/wp-content\\\/uploads\\\/2021\\\/05\\\/backup-1024x264.jpg\"},{\"@type\":\"BreadcrumbList\",\"@id\":\"https:\\\/\\\/ispgestion.com\\\/backup-en-la-nube\\\/#breadcrumb\",\"itemListElement\":[{\"@type\":\"ListItem\",\"position\":1,\"name\":\"Portada\",\"item\":\"https:\\\/\\\/ispgestion.com\\\/\"},{\"@type\":\"ListItem\",\"position\":2,\"name\":\"Backup\u00b4s en la Nube\"}]},{\"@type\":\"WebSite\",\"@id\":\"https:\\\/\\\/ispgestion.com\\\/#website\",\"url\":\"https:\\\/\\\/ispgestion.com\\\/\",\"name\":\"ISP Gesti\u00f3n\",\"description\":\"Software en la nube para ISP - Sotware ERP\",\"publisher\":{\"@id\":\"https:\\\/\\\/ispgestion.com\\\/#organization\"},\"potentialAction\":[{\"@type\":\"SearchAction\",\"target\":{\"@type\":\"EntryPoint\",\"urlTemplate\":\"https:\\\/\\\/ispgestion.com\\\/?s={search_term_string}\"},\"query-input\":{\"@type\":\"PropertyValueSpecification\",\"valueRequired\":true,\"valueName\":\"search_term_string\"}}],\"inLanguage\":\"pt-PT\"},{\"@type\":\"Organization\",\"@id\":\"https:\\\/\\\/ispgestion.com\\\/#organization\",\"name\":\"ISP Gesti\u00f3n\",\"url\":\"https:\\\/\\\/ispgestion.com\\\/\",\"logo\":{\"@type\":\"ImageObject\",\"inLanguage\":\"pt-PT\",\"@id\":\"https:\\\/\\\/ispgestion.com\\\/#\\\/schema\\\/logo\\\/image\\\/\",\"url\":\"https:\\\/\\\/ispgestion.com\\\/wp-content\\\/uploads\\\/2020\\\/04\\\/cropped-logo-isp-1-1.png\",\"contentUrl\":\"https:\\\/\\\/ispgestion.com\\\/wp-content\\\/uploads\\\/2020\\\/04\\\/cropped-logo-isp-1-1.png\",\"width\":245,\"height\":250,\"caption\":\"ISP Gesti\u00f3n\"},\"image\":{\"@id\":\"https:\\\/\\\/ispgestion.com\\\/#\\\/schema\\\/logo\\\/image\\\/\"},\"sameAs\":[\"https:\\\/\\\/www.facebook.com\\\/ispgestion\\\/\",\"https:\\\/\\\/es.linkedin.com\\\/in\\\/isp-gesti\u00f3n-62652715a\",\"https:\\\/\\\/www.youtube.com\\\/channel\\\/UCkZAs-0NFnSnVrh17SNCARg\"]}]}<\/script>\n<!-- \/ Yoast SEO plugin. -->","yoast_head_json":{"title":"Backup\u00b4s en la Nube - ISP Gesti\u00f3n","description":"Servicios software ISPGestion de copias de seguridad en otros servidores , para una mayor seguridad .escalabilidad, eficiencia y flexibilidad","robots":{"index":"index","follow":"follow","max-snippet":"max-snippet:-1","max-image-preview":"max-image-preview:large","max-video-preview":"max-video-preview:-1"},"canonical":"https:\/\/ispgestion.com\/pt\/backup-en-la-nube\/","og_locale":"pt_PT","og_type":"article","og_title":"Backup\u00b4s en la Nube - ISP Gesti\u00f3n","og_description":"Servicios software ISPGestion de copias de seguridad en otros servidores , para una mayor seguridad .escalabilidad, eficiencia y flexibilidad","og_url":"https:\/\/ispgestion.com\/pt\/backup-en-la-nube\/","og_site_name":"ISP Gesti\u00f3n","article_publisher":"https:\/\/www.facebook.com\/ispgestion\/","article_modified_time":"2023-02-21T15:07:28+00:00","og_image":[{"url":"https:\/\/ispgestion.com\/wp-content\/uploads\/2021\/05\/backup-1024x264.jpg","type":"","width":"","height":""}],"twitter_card":"summary_large_image","twitter_misc":{"Tempo estimado de leitura":"2 minutos"},"schema":{"@context":"https:\/\/schema.org","@graph":[{"@type":"WebPage","@id":"https:\/\/ispgestion.com\/backup-en-la-nube\/","url":"https:\/\/ispgestion.com\/backup-en-la-nube\/","name":"Backup\u00b4s en la Nube - ISP Gesti\u00f3n","isPartOf":{"@id":"https:\/\/ispgestion.com\/#website"},"primaryImageOfPage":{"@id":"https:\/\/ispgestion.com\/backup-en-la-nube\/#primaryimage"},"image":{"@id":"https:\/\/ispgestion.com\/backup-en-la-nube\/#primaryimage"},"thumbnailUrl":"https:\/\/ispgestion.com\/wp-content\/uploads\/2021\/05\/backup-1024x264.jpg","datePublished":"2023-01-16T10:27:56+00:00","dateModified":"2023-02-21T15:07:28+00:00","description":"Servicios software ISPGestion de copias de seguridad en otros servidores , para una mayor seguridad .escalabilidad, eficiencia y flexibilidad","breadcrumb":{"@id":"https:\/\/ispgestion.com\/backup-en-la-nube\/#breadcrumb"},"inLanguage":"pt-PT","potentialAction":[{"@type":"ReadAction","target":["https:\/\/ispgestion.com\/backup-en-la-nube\/"]}]},{"@type":"ImageObject","inLanguage":"pt-PT","@id":"https:\/\/ispgestion.com\/backup-en-la-nube\/#primaryimage","url":"https:\/\/ispgestion.com\/wp-content\/uploads\/2021\/05\/backup-1024x264.jpg","contentUrl":"https:\/\/ispgestion.com\/wp-content\/uploads\/2021\/05\/backup-1024x264.jpg"},{"@type":"BreadcrumbList","@id":"https:\/\/ispgestion.com\/backup-en-la-nube\/#breadcrumb","itemListElement":[{"@type":"ListItem","position":1,"name":"Portada","item":"https:\/\/ispgestion.com\/"},{"@type":"ListItem","position":2,"name":"Backup\u00b4s en la Nube"}]},{"@type":"WebSite","@id":"https:\/\/ispgestion.com\/#website","url":"https:\/\/ispgestion.com\/","name":"ISP Gesti\u00f3n","description":"Software em Nuvem para ISP - Software ERP","publisher":{"@id":"https:\/\/ispgestion.com\/#organization"},"potentialAction":[{"@type":"SearchAction","target":{"@type":"EntryPoint","urlTemplate":"https:\/\/ispgestion.com\/?s={search_term_string}"},"query-input":{"@type":"PropertyValueSpecification","valueRequired":true,"valueName":"search_term_string"}}],"inLanguage":"pt-PT"},{"@type":"Organization","@id":"https:\/\/ispgestion.com\/#organization","name":"ISP Gesti\u00f3n","url":"https:\/\/ispgestion.com\/","logo":{"@type":"ImageObject","inLanguage":"pt-PT","@id":"https:\/\/ispgestion.com\/#\/schema\/logo\/image\/","url":"https:\/\/ispgestion.com\/wp-content\/uploads\/2020\/04\/cropped-logo-isp-1-1.png","contentUrl":"https:\/\/ispgestion.com\/wp-content\/uploads\/2020\/04\/cropped-logo-isp-1-1.png","width":245,"height":250,"caption":"ISP Gesti\u00f3n"},"image":{"@id":"https:\/\/ispgestion.com\/#\/schema\/logo\/image\/"},"sameAs":["https:\/\/www.facebook.com\/ispgestion\/","https:\/\/es.linkedin.com\/in\/isp-gesti\u00f3n-62652715a","https:\/\/www.youtube.com\/channel\/UCkZAs-0NFnSnVrh17SNCARg"]}]}},"_links":{"self":[{"href":"https:\/\/ispgestion.com\/pt\/wp-json\/wp\/v2\/pages\/6625","targetHints":{"allow":["GET"]}}],"collection":[{"href":"https:\/\/ispgestion.com\/pt\/wp-json\/wp\/v2\/pages"}],"about":[{"href":"https:\/\/ispgestion.com\/pt\/wp-json\/wp\/v2\/types\/page"}],"author":[{"embeddable":true,"href":"https:\/\/ispgestion.com\/pt\/wp-json\/wp\/v2\/users\/4"}],"replies":[{"embeddable":true,"href":"https:\/\/ispgestion.com\/pt\/wp-json\/wp\/v2\/comments?post=6625"}],"version-history":[{"count":15,"href":"https:\/\/ispgestion.com\/pt\/wp-json\/wp\/v2\/pages\/6625\/revisions"}],"predecessor-version":[{"id":6917,"href":"https:\/\/ispgestion.com\/pt\/wp-json\/wp\/v2\/pages\/6625\/revisions\/6917"}],"wp:attachment":[{"href":"https:\/\/ispgestion.com\/pt\/wp-json\/wp\/v2\/media?parent=6625"}],"curies":[{"name":"wp","href":"https:\/\/api.w.org\/{rel}","templated":true}]}}