{"id":264,"date":"2020-04-03T08:56:40","date_gmt":"2020-04-03T06:56:40","guid":{"rendered":"http:\/\/ispgestion.com\/?page_id=264"},"modified":"2025-06-25T09:41:22","modified_gmt":"2025-06-25T07:41:22","slug":"politica-de-privacidad","status":"publish","type":"page","link":"https:\/\/ispgestion.com\/pt\/39363-home\/politica-de-privacidad\/","title":{"rendered":"Pol\u00edtica de privacidade"},"content":{"rendered":"<p><strong>POL\u00cdTICA DE PRIVACIDADE<\/strong><\/p>\n<p><strong>\u00a0<\/strong><\/p>\n<ol>\n<li><strong><u>EU IRIA<\/u><\/strong><\/li>\n<\/ol>\n<p><strong>Respons\u00e1vel pelo tratamento:<\/strong> ISPEGESTI\u00d3N FORNECEDOR SL<br \/>\n<strong>CIF:<\/strong> B-23799117<br \/>\n<strong>Casa:<\/strong>\u00a0 C\/ Tejuela, 21 23.680 Alcal\u00e1 la Real, Ja\u00e9n (Espanha).<br \/>\n<strong>Contato: <\/strong><a href=\"mailto:comercial@ispgestion.com\">comercial@ispgestion.com<\/a><br \/>\n<strong>Delegado de Prote\u00e7\u00e3o de Dados:<\/strong> O usu\u00e1rio pode entrar em contato com o Delegado de Prote\u00e7\u00e3o de Dados por e-mail <a href=\"mailto:juanmontoro@icam.es\">juanmontoro@icam.es<\/a>.<\/p>\n<ol start=\"2\">\n<li><strong><u>DADOS PROCESSADOS<\/u><\/strong><\/li>\n<\/ol>\n<p>A ISPGESTI\u00d3N PROVIDER SL processar\u00e1 as seguintes categorias de dados pessoais:<\/p>\n<p><u>Do usu\u00e1rio da web: <\/u><\/p>\n<ul>\n<li>Nome e e-mail.<\/li>\n<\/ul>\n<p><u>Do cliente de ISPGEST\u00d3N PROVIDER SL: <\/u><\/p>\n<ul>\n<li>Dados de identifica\u00e7\u00e3o.<\/li>\n<li>C\u00f3digos ou chaves de identifica\u00e7\u00e3o de usu\u00e1rio e\/ou cliente para a web.<\/li>\n<li>Dados banc\u00e1rios para cobran\u00e7a dos servi\u00e7os prestados.<\/li>\n<li>Dados do CLIENTE que devem ser incorporados ao aplicativo ISP MANAGEMENT.<\/li>\n<\/ul>\n<p>&nbsp;<\/p>\n<ol start=\"3\">\n<li><strong><u>FINALIDADES DO TRATAMENTO<\/u><\/strong><\/li>\n<\/ol>\n<p>A ISPGESTI\u00d3N PROVIDER SL processar\u00e1 os dados fornecidos pelo usu\u00e1rio e cliente para as seguintes finalidades:<\/p>\n<ol>\n<li>Fins baseados no cumprimento da rela\u00e7\u00e3o comercial ou pr\u00e9-comercial.<\/li>\n<\/ol>\n<ul>\n<li>Manuten\u00e7\u00e3o, gest\u00e3o, desenvolvimento e controlo da rela\u00e7\u00e3o contratual para a presta\u00e7\u00e3o do servi\u00e7o de GEST\u00c3O ISP.<\/li>\n<li>Gerencie, processe e responda a solicita\u00e7\u00f5es, solicita\u00e7\u00f5es, incidentes ou consultas do usu\u00e1rio ou cliente, quando contatado atrav\u00e9s do formul\u00e1rio ou chat inclu\u00eddo na web.<\/li>\n<\/ul>\n<p>&nbsp;<\/p>\n<ol>\n<li>Finalidades baseadas em Interesse Leg\u00edtimo:<\/li>\n<\/ol>\n<ul>\n<li>Gerir o envio de comunica\u00e7\u00f5es comerciais pr\u00f3prias sobre servi\u00e7os da ISPESTION PROVIDER SL semelhantes aos contratados pelo cliente.<\/li>\n<\/ul>\n<ol start=\"4\">\n<li><strong><u>PER\u00cdODOS DE CONSERVA\u00c7\u00c3O DE DADOS<\/u><\/strong><\/li>\n<\/ol>\n<p>A ISPGESTI\u00d3N PROVIDER SL processar\u00e1 os dados pessoais do usu\u00e1rio, durante o tempo necess\u00e1rio para garantir a presta\u00e7\u00e3o dos servi\u00e7os solicitados, responder a consultas feitas atrav\u00e9s da web ou cumprir a finalidade para a qual s\u00e3o processados. Findos os per\u00edodos anteriores, os dados pessoais ser\u00e3o mantidos, se for o caso, bloqueados com o \u00fanico prop\u00f3sito de apresentar reclama\u00e7\u00f5es ou a\u00e7\u00f5es judiciais em rela\u00e7\u00e3o aos servi\u00e7os, sua cobran\u00e7a ou reclama\u00e7\u00e3o de pagamento, durante os prazos legais.<\/p>\n<p>Nos casos em que obtemos dados automaticamente por meio de cookies, voc\u00ea pode limitar seu uso ao longo do tempo removendo-os de navegadores ou dispositivos. Pode consultar instru\u00e7\u00f5es detalhadas na Pol\u00edtica de Cookies.<\/p>\n<ol start=\"5\">\n<li><strong><u>COMUNICA\u00c7\u00c3O DE DADOS<\/u><\/strong><\/li>\n<\/ol>\n<p>Os dados do utilizador ou cliente podem ser comunicados \u00e0s seguintes organiza\u00e7\u00f5es e entidades de natureza p\u00fablica ou privada:<\/p>\n<ul>\n<li>As Administra\u00e7\u00f5es P\u00fablicas ou o Poder Judici\u00e1rio nos casos em que for obrigatoriamente previsto pelo ordenamento jur\u00eddico.<\/li>\n<li>Os Bancos e Entidades Financeiras pela cobran\u00e7a dos servi\u00e7os oferecidos.<\/li>\n<li>Outras empresas do grupo empresarial para fins administrativos internos e gest\u00e3o de produtos e servi\u00e7os contratados.<\/li>\n<li>Arquivos e Registros de Solv\u00eancia Patrimonial e Risco de Cr\u00e9dito em casos de n\u00e3o pagamento dos servi\u00e7os prestados.<\/li>\n<\/ul>\n<p><strong><u>EXERC\u00cdCIO DE DIREITOS<\/u><\/strong><\/p>\n<p>O utilizador ou cliente pode exercer a qualquer momento, gratuitamente e de acordo com o regulamento previsto no Regulamento Geral de Prote\u00e7\u00e3o de Dados e na Lei Org\u00e2nica 3\/2018 de Prote\u00e7\u00e3o de Dados Pessoais e Garantia de Direitos Digitais, os direitos de acesso , retifica\u00e7\u00e3o, elimina\u00e7\u00e3o, portabilidade, oposi\u00e7\u00e3o e limita\u00e7\u00e3o de tratamento.<\/p>\n<p>Para fazer isso, voc\u00ea deve enviar um documento assinado em exerc\u00edcio do direito junto com sua c\u00f3pia de seu DNI\/NIE para ISPGESTI\u00d3N PROVIDER SL, Av. Iberoam\u00e9rica n\u00ba 2, 2\u00baA de Alcal\u00e1 la Real (Ja\u00e9n), CEP 23.680 ou alternativamente por enviando-os por e-mail <a href=\"mailto:administracion@ispgestion.com\">administracion@ispgestion.com<\/a><\/p>\n<p>Da mesma forma, informa-se que pode apresentar uma reclama\u00e7\u00e3o junto da Ag\u00eancia Espanhola de Prote\u00e7\u00e3o de Dados atrav\u00e9s da sede eletr\u00f3nica do seu portal web (www.agpd.es) ou escrevendo para o seu endere\u00e7o postal (C\/Jorge Juan, 6, 28001-Madrid ).<\/p>","protected":false},"excerpt":{"rendered":"<p>POL\u00cdTICA DE PRIVACIDAD \u00a0 IDENTIFICACI\u00d3N Responsable del tratamiento: ISPGESTI\u00d3N PROVIDER S.L. CIF: B-23799117 Domicilio:\u00a0 C\/ Tejuela, 21\u00a0 23.680 Alcal\u00e1 la Real, Ja\u00e9n (Espa\u00f1a). Contacto: comercial@ispgestion.com Delegado de Protecci\u00f3n de Datos: El usuario puede contactar con el Delegado de Protecci\u00f3n de Datos a trav\u00e9s del email juanmontoro@icam.es. DATOS TRATADOS ISPGESTI\u00d3N PROVIDER S.L. tratar\u00e1 las siguientes categor\u00edas de datos de car\u00e1cter personal: Del usuario de la web: Nombre y email. Del cliente de ISPGESTI\u00d3N PROVIDER S.L.: Datos identificativos. C\u00f3digos o claves de identificaci\u00f3n de usuario y\/o cliente para la web. Datos bancarios para el cobro de los servicios prestados. Datos del CLIENTE que deban ser incorporados a la aplicaci\u00f3n ISP GESTI\u00d3N. &nbsp; FINALIDADES DEL TRATAMIENTO ISPGESTI\u00d3N PROVIDER S.L. tratar\u00e1 los datos facilitados por el usuario y cliente para las siguientes finalidades: Finalidades basadas en el cumplimiento de la relaci\u00f3n comercial o precomercial. Mantenimiento, gesti\u00f3n, desarrollo y control de la relaci\u00f3n contractual por la prestaci\u00f3n del servicio ISP GESTI\u00d3N. Gestionar, tramitar y dar respuesta a peticiones, solicitudes, incidencias o consultas del usuario o cliente, cuando contacte a trav\u00e9s del formulario o chat incluido en la web. &nbsp; Finalidades basadas en el Inter\u00e9s Leg\u00edtimo: Gestionar el env\u00edo de comunicaciones comerciales propias sobre servicios de ISPGESTI\u00d3N PROVIDER S.L. similares a los contratados por el cliente. PLAZOS DE CONSERVACI\u00d3N DE LOS DATOS ISPGESTI\u00d3N PROVIDER S.L. tratar\u00e1 los datos personales del usuario, durante el tiempo imprescindible para garantizar la prestaci\u00f3n de los servicios solicitados, responder a las consultas planteadas a trav\u00e9s de la web o cumplimiento de la finalidad para la que se traten. Una vez finalizado los anteriores periodos se conservar\u00e1n los datos personales, en su caso, bloqueados a los \u00fanicos efectos de interposici\u00f3n de reclamaciones o acciones judiciales en relaci\u00f3n a los servicios, su facturaci\u00f3n o reclamaci\u00f3n del pago, durante los plazos legales. En los casos en que obtenemos datos autom\u00e1ticamente a trav\u00e9s de cookies, podr\u00e1 limitar su uso en el tiempo elimin\u00e1ndolas de los navegadores o dispositivos. Puede consultar instrucciones detalladas en la Pol\u00edtica de Cookies. COMUNICACI\u00d3N DE DATOS Los datos del usuario o cliente podr\u00e1n ser objeto de comunicaci\u00f3n a los siguientes organismos y entidades de car\u00e1cter p\u00fablico o privado: Las Administraciones P\u00fablicas o Poder Judicial en los casos en que obligatoriamente lo prevea el ordenamiento jur\u00eddico. Los Bancos y Entidades Financieras para el cobro de los servicios ofrecidos. Otras empresas del grupo empresarial para fines administrativos internos y la gesti\u00f3n de los productos y servicios contratados. Ficheros y Registros de Solvencia Patrimonial y Riesgo Crediticio en supuestos de impago de los servicios prestados. EJERCICIO DE DERECHOS El usuario o cliente puede ejercer en cualquier momento, de forma gratuita y de conformidad con la regulaci\u00f3n prevista en el Reglamento General de Protecci\u00f3n de Datos y en la Ley Org\u00e1nica 3\/2018 de Protecci\u00f3n de Datos de Car\u00e1cter Personal y Garant\u00eda de Derechos Digitales, los derechos de acceso, rectificaci\u00f3n, supresi\u00f3n, portabilidad, oposici\u00f3n y limitaci\u00f3n del tratamiento. Para ello deber\u00e1 remitir un escrito firmado en ejercicio del derecho junto a su copia de DNI\/NIE a ISPGESTI\u00d3N PROVIDER S.L., Av. Iberoam\u00e9rica n\u00ba 2, 2\u00baA de Alcal\u00e1 la Real (Ja\u00e9n), c\u00f3digo postal 23.680 o alternativamente envi\u00e1ndolos a trav\u00e9s del correo electr\u00f3nico administracion@ispgestion.com Asimismo, se le informa que puede interponer una reclamaci\u00f3n ante la Agencia Espa\u00f1ola de Protecci\u00f3n de Datos a trav\u00e9s de la sede electr\u00f3nica de su portal web (www.agpd.es) o bien mediante escrito dirigido a su direcci\u00f3n postal (C\/Jorge Juan, 6, 28001-Madrid).<\/p>","protected":false},"author":1,"featured_media":0,"parent":40,"menu_order":20,"comment_status":"closed","ping_status":"closed","template":"","meta":{"neve_meta_sidebar":"full-width","neve_meta_container":"","neve_meta_enable_content_width":"on","neve_meta_content_width":100,"neve_meta_title_alignment":"","neve_meta_author_avatar":"","neve_post_elements_order":"","neve_meta_disable_header":"","neve_meta_disable_footer":"","neve_meta_disable_title":"","footnotes":""},"class_list":["post-264","page","type-page","status-publish","hentry"],"yoast_head":"<!-- This site is optimized with the Yoast SEO plugin v27.3 - https:\/\/yoast.com\/product\/yoast-seo-wordpress\/ -->\n<title>Pol\u00edtica de Privacidad - ISP Gesti\u00f3n<\/title>\n<meta name=\"robots\" content=\"index, follow, max-snippet:-1, max-image-preview:large, max-video-preview:-1\" \/>\n<link rel=\"canonical\" href=\"https:\/\/ispgestion.com\/pt\/39363-home\/politica-de-privacidad\/\" \/>\n<meta property=\"og:locale\" content=\"pt_PT\" \/>\n<meta property=\"og:type\" content=\"article\" \/>\n<meta property=\"og:title\" content=\"Pol\u00edtica de Privacidad - ISP Gesti\u00f3n\" \/>\n<meta property=\"og:description\" content=\"POL\u00cdTICA DE PRIVACIDAD \u00a0 IDENTIFICACI\u00d3N Responsable del tratamiento: ISPGESTI\u00d3N PROVIDER S.L. CIF: B-23799117 Domicilio:\u00a0 C\/ Tejuela, 21\u00a0 23.680 Alcal\u00e1 la Real, Ja\u00e9n (Espa\u00f1a). Contacto: comercial@ispgestion.com Delegado de Protecci\u00f3n de Datos: El usuario puede contactar con el Delegado de Protecci\u00f3n de Datos a trav\u00e9s del email juanmontoro@icam.es. DATOS TRATADOS ISPGESTI\u00d3N PROVIDER S.L. tratar\u00e1 las siguientes categor\u00edas de datos de car\u00e1cter personal: Del usuario de la web: Nombre y email. Del cliente de ISPGESTI\u00d3N PROVIDER S.L.: Datos identificativos. C\u00f3digos o claves de identificaci\u00f3n de usuario y\/o cliente para la web. Datos bancarios para el cobro de los servicios prestados. Datos del CLIENTE que deban ser incorporados a la aplicaci\u00f3n ISP GESTI\u00d3N. &nbsp; FINALIDADES DEL TRATAMIENTO ISPGESTI\u00d3N PROVIDER S.L. tratar\u00e1 los datos facilitados por el usuario y cliente para las siguientes finalidades: Finalidades basadas en el cumplimiento de la relaci\u00f3n comercial o precomercial. Mantenimiento, gesti\u00f3n, desarrollo y control de la relaci\u00f3n contractual por la prestaci\u00f3n del servicio ISP GESTI\u00d3N. Gestionar, tramitar y dar respuesta a peticiones, solicitudes, incidencias o consultas del usuario o cliente, cuando contacte a trav\u00e9s del formulario o chat incluido en la web. &nbsp; Finalidades basadas en el Inter\u00e9s Leg\u00edtimo: Gestionar el env\u00edo de comunicaciones comerciales propias sobre servicios de ISPGESTI\u00d3N PROVIDER S.L. similares a los contratados por el cliente. PLAZOS DE CONSERVACI\u00d3N DE LOS DATOS ISPGESTI\u00d3N PROVIDER S.L. tratar\u00e1 los datos personales del usuario, durante el tiempo imprescindible para garantizar la prestaci\u00f3n de los servicios solicitados, responder a las consultas planteadas a trav\u00e9s de la web o cumplimiento de la finalidad para la que se traten. Una vez finalizado los anteriores periodos se conservar\u00e1n los datos personales, en su caso, bloqueados a los \u00fanicos efectos de interposici\u00f3n de reclamaciones o acciones judiciales en relaci\u00f3n a los servicios, su facturaci\u00f3n o reclamaci\u00f3n del pago, durante los plazos legales. En los casos en que obtenemos datos autom\u00e1ticamente a trav\u00e9s de cookies, podr\u00e1 limitar su uso en el tiempo elimin\u00e1ndolas de los navegadores o dispositivos. Puede consultar instrucciones detalladas en la Pol\u00edtica de Cookies. COMUNICACI\u00d3N DE DATOS Los datos del usuario o cliente podr\u00e1n ser objeto de comunicaci\u00f3n a los siguientes organismos y entidades de car\u00e1cter p\u00fablico o privado: Las Administraciones P\u00fablicas o Poder Judicial en los casos en que obligatoriamente lo prevea el ordenamiento jur\u00eddico. Los Bancos y Entidades Financieras para el cobro de los servicios ofrecidos. Otras empresas del grupo empresarial para fines administrativos internos y la gesti\u00f3n de los productos y servicios contratados. Ficheros y Registros de Solvencia Patrimonial y Riesgo Crediticio en supuestos de impago de los servicios prestados. EJERCICIO DE DERECHOS El usuario o cliente puede ejercer en cualquier momento, de forma gratuita y de conformidad con la regulaci\u00f3n prevista en el Reglamento General de Protecci\u00f3n de Datos y en la Ley Org\u00e1nica 3\/2018 de Protecci\u00f3n de Datos de Car\u00e1cter Personal y Garant\u00eda de Derechos Digitales, los derechos de acceso, rectificaci\u00f3n, supresi\u00f3n, portabilidad, oposici\u00f3n y limitaci\u00f3n del tratamiento. Para ello deber\u00e1 remitir un escrito firmado en ejercicio del derecho junto a su copia de DNI\/NIE a ISPGESTI\u00d3N PROVIDER S.L., Av. Iberoam\u00e9rica n\u00ba 2, 2\u00baA de Alcal\u00e1 la Real (Ja\u00e9n), c\u00f3digo postal 23.680 o alternativamente envi\u00e1ndolos a trav\u00e9s del correo electr\u00f3nico administracion@ispgestion.com Asimismo, se le informa que puede interponer una reclamaci\u00f3n ante la Agencia Espa\u00f1ola de Protecci\u00f3n de Datos a trav\u00e9s de la sede electr\u00f3nica de su portal web (www.agpd.es) o bien mediante escrito dirigido a su direcci\u00f3n postal (C\/Jorge Juan, 6, 28001-Madrid).\" \/>\n<meta property=\"og:url\" content=\"https:\/\/ispgestion.com\/pt\/39363-home\/politica-de-privacidad\/\" \/>\n<meta property=\"og:site_name\" content=\"ISP Gesti\u00f3n\" \/>\n<meta property=\"article:publisher\" content=\"https:\/\/www.facebook.com\/ispgestion\/\" \/>\n<meta property=\"article:modified_time\" content=\"2025-06-25T07:41:22+00:00\" \/>\n<meta name=\"twitter:card\" content=\"summary_large_image\" \/>\n<meta name=\"twitter:label1\" content=\"Tempo estimado de leitura\" \/>\n\t<meta name=\"twitter:data1\" content=\"3 minutos\" \/>\n<script type=\"application\/ld+json\" class=\"yoast-schema-graph\">{\"@context\":\"https:\\\/\\\/schema.org\",\"@graph\":[{\"@type\":\"WebPage\",\"@id\":\"https:\\\/\\\/ispgestion.com\\\/39363-home\\\/politica-de-privacidad\\\/\",\"url\":\"https:\\\/\\\/ispgestion.com\\\/39363-home\\\/politica-de-privacidad\\\/\",\"name\":\"Pol\u00edtica de Privacidad - ISP Gesti\u00f3n\",\"isPartOf\":{\"@id\":\"https:\\\/\\\/ispgestion.com\\\/#website\"},\"datePublished\":\"2020-04-03T06:56:40+00:00\",\"dateModified\":\"2025-06-25T07:41:22+00:00\",\"breadcrumb\":{\"@id\":\"https:\\\/\\\/ispgestion.com\\\/39363-home\\\/politica-de-privacidad\\\/#breadcrumb\"},\"inLanguage\":\"pt-PT\",\"potentialAction\":[{\"@type\":\"ReadAction\",\"target\":[\"https:\\\/\\\/ispgestion.com\\\/39363-home\\\/politica-de-privacidad\\\/\"]}]},{\"@type\":\"BreadcrumbList\",\"@id\":\"https:\\\/\\\/ispgestion.com\\\/39363-home\\\/politica-de-privacidad\\\/#breadcrumb\",\"itemListElement\":[{\"@type\":\"ListItem\",\"position\":1,\"name\":\"Portada\",\"item\":\"https:\\\/\\\/ispgestion.com\\\/\"},{\"@type\":\"ListItem\",\"position\":2,\"name\":\"Home, Isp Gesti\u00f3n\",\"item\":\"https:\\\/\\\/ispgestion.com\\\/\"},{\"@type\":\"ListItem\",\"position\":3,\"name\":\"Pol\u00edtica de Privacidad\"}]},{\"@type\":\"WebSite\",\"@id\":\"https:\\\/\\\/ispgestion.com\\\/#website\",\"url\":\"https:\\\/\\\/ispgestion.com\\\/\",\"name\":\"ISP Gesti\u00f3n\",\"description\":\"Software en la nube para ISP - Sotware ERP\",\"publisher\":{\"@id\":\"https:\\\/\\\/ispgestion.com\\\/#organization\"},\"potentialAction\":[{\"@type\":\"SearchAction\",\"target\":{\"@type\":\"EntryPoint\",\"urlTemplate\":\"https:\\\/\\\/ispgestion.com\\\/?s={search_term_string}\"},\"query-input\":{\"@type\":\"PropertyValueSpecification\",\"valueRequired\":true,\"valueName\":\"search_term_string\"}}],\"inLanguage\":\"pt-PT\"},{\"@type\":\"Organization\",\"@id\":\"https:\\\/\\\/ispgestion.com\\\/#organization\",\"name\":\"ISP Gesti\u00f3n\",\"url\":\"https:\\\/\\\/ispgestion.com\\\/\",\"logo\":{\"@type\":\"ImageObject\",\"inLanguage\":\"pt-PT\",\"@id\":\"https:\\\/\\\/ispgestion.com\\\/#\\\/schema\\\/logo\\\/image\\\/\",\"url\":\"https:\\\/\\\/ispgestion.com\\\/wp-content\\\/uploads\\\/2020\\\/04\\\/cropped-logo-isp-1-1.png\",\"contentUrl\":\"https:\\\/\\\/ispgestion.com\\\/wp-content\\\/uploads\\\/2020\\\/04\\\/cropped-logo-isp-1-1.png\",\"width\":245,\"height\":250,\"caption\":\"ISP Gesti\u00f3n\"},\"image\":{\"@id\":\"https:\\\/\\\/ispgestion.com\\\/#\\\/schema\\\/logo\\\/image\\\/\"},\"sameAs\":[\"https:\\\/\\\/www.facebook.com\\\/ispgestion\\\/\",\"https:\\\/\\\/es.linkedin.com\\\/in\\\/isp-gesti\u00f3n-62652715a\",\"https:\\\/\\\/www.youtube.com\\\/channel\\\/UCkZAs-0NFnSnVrh17SNCARg\"]}]}<\/script>\n<!-- \/ Yoast SEO plugin. -->","yoast_head_json":{"title":"Pol\u00edtica de privacidade - ISP Gesti\u00f3n","robots":{"index":"index","follow":"follow","max-snippet":"max-snippet:-1","max-image-preview":"max-image-preview:large","max-video-preview":"max-video-preview:-1"},"canonical":"https:\/\/ispgestion.com\/pt\/39363-home\/politica-de-privacidad\/","og_locale":"pt_PT","og_type":"article","og_title":"Pol\u00edtica de Privacidad - ISP Gesti\u00f3n","og_description":"POL\u00cdTICA DE PRIVACIDAD \u00a0 IDENTIFICACI\u00d3N Responsable del tratamiento: ISPGESTI\u00d3N PROVIDER S.L. CIF: B-23799117 Domicilio:\u00a0 C\/ Tejuela, 21\u00a0 23.680 Alcal\u00e1 la Real, Ja\u00e9n (Espa\u00f1a). Contacto: comercial@ispgestion.com Delegado de Protecci\u00f3n de Datos: El usuario puede contactar con el Delegado de Protecci\u00f3n de Datos a trav\u00e9s del email juanmontoro@icam.es. DATOS TRATADOS ISPGESTI\u00d3N PROVIDER S.L. tratar\u00e1 las siguientes categor\u00edas de datos de car\u00e1cter personal: Del usuario de la web: Nombre y email. Del cliente de ISPGESTI\u00d3N PROVIDER S.L.: Datos identificativos. C\u00f3digos o claves de identificaci\u00f3n de usuario y\/o cliente para la web. Datos bancarios para el cobro de los servicios prestados. Datos del CLIENTE que deban ser incorporados a la aplicaci\u00f3n ISP GESTI\u00d3N. &nbsp; FINALIDADES DEL TRATAMIENTO ISPGESTI\u00d3N PROVIDER S.L. tratar\u00e1 los datos facilitados por el usuario y cliente para las siguientes finalidades: Finalidades basadas en el cumplimiento de la relaci\u00f3n comercial o precomercial. Mantenimiento, gesti\u00f3n, desarrollo y control de la relaci\u00f3n contractual por la prestaci\u00f3n del servicio ISP GESTI\u00d3N. Gestionar, tramitar y dar respuesta a peticiones, solicitudes, incidencias o consultas del usuario o cliente, cuando contacte a trav\u00e9s del formulario o chat incluido en la web. &nbsp; Finalidades basadas en el Inter\u00e9s Leg\u00edtimo: Gestionar el env\u00edo de comunicaciones comerciales propias sobre servicios de ISPGESTI\u00d3N PROVIDER S.L. similares a los contratados por el cliente. PLAZOS DE CONSERVACI\u00d3N DE LOS DATOS ISPGESTI\u00d3N PROVIDER S.L. tratar\u00e1 los datos personales del usuario, durante el tiempo imprescindible para garantizar la prestaci\u00f3n de los servicios solicitados, responder a las consultas planteadas a trav\u00e9s de la web o cumplimiento de la finalidad para la que se traten. Una vez finalizado los anteriores periodos se conservar\u00e1n los datos personales, en su caso, bloqueados a los \u00fanicos efectos de interposici\u00f3n de reclamaciones o acciones judiciales en relaci\u00f3n a los servicios, su facturaci\u00f3n o reclamaci\u00f3n del pago, durante los plazos legales. En los casos en que obtenemos datos autom\u00e1ticamente a trav\u00e9s de cookies, podr\u00e1 limitar su uso en el tiempo elimin\u00e1ndolas de los navegadores o dispositivos. Puede consultar instrucciones detalladas en la Pol\u00edtica de Cookies. COMUNICACI\u00d3N DE DATOS Los datos del usuario o cliente podr\u00e1n ser objeto de comunicaci\u00f3n a los siguientes organismos y entidades de car\u00e1cter p\u00fablico o privado: Las Administraciones P\u00fablicas o Poder Judicial en los casos en que obligatoriamente lo prevea el ordenamiento jur\u00eddico. Los Bancos y Entidades Financieras para el cobro de los servicios ofrecidos. Otras empresas del grupo empresarial para fines administrativos internos y la gesti\u00f3n de los productos y servicios contratados. Ficheros y Registros de Solvencia Patrimonial y Riesgo Crediticio en supuestos de impago de los servicios prestados. EJERCICIO DE DERECHOS El usuario o cliente puede ejercer en cualquier momento, de forma gratuita y de conformidad con la regulaci\u00f3n prevista en el Reglamento General de Protecci\u00f3n de Datos y en la Ley Org\u00e1nica 3\/2018 de Protecci\u00f3n de Datos de Car\u00e1cter Personal y Garant\u00eda de Derechos Digitales, los derechos de acceso, rectificaci\u00f3n, supresi\u00f3n, portabilidad, oposici\u00f3n y limitaci\u00f3n del tratamiento. Para ello deber\u00e1 remitir un escrito firmado en ejercicio del derecho junto a su copia de DNI\/NIE a ISPGESTI\u00d3N PROVIDER S.L., Av. Iberoam\u00e9rica n\u00ba 2, 2\u00baA de Alcal\u00e1 la Real (Ja\u00e9n), c\u00f3digo postal 23.680 o alternativamente envi\u00e1ndolos a trav\u00e9s del correo electr\u00f3nico administracion@ispgestion.com Asimismo, se le informa que puede interponer una reclamaci\u00f3n ante la Agencia Espa\u00f1ola de Protecci\u00f3n de Datos a trav\u00e9s de la sede electr\u00f3nica de su portal web (www.agpd.es) o bien mediante escrito dirigido a su direcci\u00f3n postal (C\/Jorge Juan, 6, 28001-Madrid).","og_url":"https:\/\/ispgestion.com\/pt\/39363-home\/politica-de-privacidad\/","og_site_name":"ISP Gesti\u00f3n","article_publisher":"https:\/\/www.facebook.com\/ispgestion\/","article_modified_time":"2025-06-25T07:41:22+00:00","twitter_card":"summary_large_image","twitter_misc":{"Tempo estimado de leitura":"3 minutos"},"schema":{"@context":"https:\/\/schema.org","@graph":[{"@type":"WebPage","@id":"https:\/\/ispgestion.com\/39363-home\/politica-de-privacidad\/","url":"https:\/\/ispgestion.com\/39363-home\/politica-de-privacidad\/","name":"Pol\u00edtica de privacidade - ISP Gesti\u00f3n","isPartOf":{"@id":"https:\/\/ispgestion.com\/#website"},"datePublished":"2020-04-03T06:56:40+00:00","dateModified":"2025-06-25T07:41:22+00:00","breadcrumb":{"@id":"https:\/\/ispgestion.com\/39363-home\/politica-de-privacidad\/#breadcrumb"},"inLanguage":"pt-PT","potentialAction":[{"@type":"ReadAction","target":["https:\/\/ispgestion.com\/39363-home\/politica-de-privacidad\/"]}]},{"@type":"BreadcrumbList","@id":"https:\/\/ispgestion.com\/39363-home\/politica-de-privacidad\/#breadcrumb","itemListElement":[{"@type":"ListItem","position":1,"name":"Portada","item":"https:\/\/ispgestion.com\/"},{"@type":"ListItem","position":2,"name":"Home, Isp Gesti\u00f3n","item":"https:\/\/ispgestion.com\/"},{"@type":"ListItem","position":3,"name":"Pol\u00edtica de Privacidad"}]},{"@type":"WebSite","@id":"https:\/\/ispgestion.com\/#website","url":"https:\/\/ispgestion.com\/","name":"ISP Gesti\u00f3n","description":"Software em Nuvem para ISP - Software ERP","publisher":{"@id":"https:\/\/ispgestion.com\/#organization"},"potentialAction":[{"@type":"SearchAction","target":{"@type":"EntryPoint","urlTemplate":"https:\/\/ispgestion.com\/?s={search_term_string}"},"query-input":{"@type":"PropertyValueSpecification","valueRequired":true,"valueName":"search_term_string"}}],"inLanguage":"pt-PT"},{"@type":"Organization","@id":"https:\/\/ispgestion.com\/#organization","name":"ISP Gesti\u00f3n","url":"https:\/\/ispgestion.com\/","logo":{"@type":"ImageObject","inLanguage":"pt-PT","@id":"https:\/\/ispgestion.com\/#\/schema\/logo\/image\/","url":"https:\/\/ispgestion.com\/wp-content\/uploads\/2020\/04\/cropped-logo-isp-1-1.png","contentUrl":"https:\/\/ispgestion.com\/wp-content\/uploads\/2020\/04\/cropped-logo-isp-1-1.png","width":245,"height":250,"caption":"ISP Gesti\u00f3n"},"image":{"@id":"https:\/\/ispgestion.com\/#\/schema\/logo\/image\/"},"sameAs":["https:\/\/www.facebook.com\/ispgestion\/","https:\/\/es.linkedin.com\/in\/isp-gesti\u00f3n-62652715a","https:\/\/www.youtube.com\/channel\/UCkZAs-0NFnSnVrh17SNCARg"]}]}},"_links":{"self":[{"href":"https:\/\/ispgestion.com\/pt\/wp-json\/wp\/v2\/pages\/264","targetHints":{"allow":["GET"]}}],"collection":[{"href":"https:\/\/ispgestion.com\/pt\/wp-json\/wp\/v2\/pages"}],"about":[{"href":"https:\/\/ispgestion.com\/pt\/wp-json\/wp\/v2\/types\/page"}],"author":[{"embeddable":true,"href":"https:\/\/ispgestion.com\/pt\/wp-json\/wp\/v2\/users\/1"}],"replies":[{"embeddable":true,"href":"https:\/\/ispgestion.com\/pt\/wp-json\/wp\/v2\/comments?post=264"}],"version-history":[{"count":5,"href":"https:\/\/ispgestion.com\/pt\/wp-json\/wp\/v2\/pages\/264\/revisions"}],"predecessor-version":[{"id":9352,"href":"https:\/\/ispgestion.com\/pt\/wp-json\/wp\/v2\/pages\/264\/revisions\/9352"}],"up":[{"embeddable":true,"href":"https:\/\/ispgestion.com\/pt\/wp-json\/wp\/v2\/pages\/40"}],"wp:attachment":[{"href":"https:\/\/ispgestion.com\/pt\/wp-json\/wp\/v2\/media?parent=264"}],"curies":[{"name":"wp","href":"https:\/\/api.w.org\/{rel}","templated":true}]}}