{"id":2092,"date":"2021-05-06T09:11:15","date_gmt":"2021-05-06T07:11:15","guid":{"rendered":"https:\/\/ispgestion.com\/?page_id=2092"},"modified":"2022-12-22T10:38:25","modified_gmt":"2022-12-22T09:38:25","slug":"configuracion-olts-y-onts","status":"publish","type":"page","link":"https:\/\/ispgestion.com\/pt\/redes-isp\/aprovisionamiento-fibra-optica\/configuracion-olts-y-onts\/","title":{"rendered":"Configura\u00e7\u00e3o OLT e ONT"},"content":{"rendered":"<div data-elementor-type=\"wp-page\" data-elementor-id=\"2092\" class=\"elementor elementor-2092\">\n\t\t\t\t\t\t<section class=\"elementor-section elementor-top-section elementor-element elementor-element-fb7309e elementor-section-boxed elementor-section-height-default elementor-section-height-default wpr-particle-no wpr-jarallax-no wpr-parallax-no wpr-sticky-section-no\" data-id=\"fb7309e\" data-element_type=\"section\" data-e-type=\"section\">\n\t\t\t\t\t\t<div class=\"elementor-container elementor-column-gap-default\">\n\t\t\t\t\t<div class=\"elementor-column elementor-col-100 elementor-top-column elementor-element elementor-element-cef8c36\" data-id=\"cef8c36\" data-element_type=\"column\" data-e-type=\"column\">\n\t\t\t<div class=\"elementor-widget-wrap elementor-element-populated\">\n\t\t\t\t\t\t\t<\/div>\n\t\t<\/div>\n\t\t\t\t\t<\/div>\n\t\t<\/section>\n\t\t\t\t<section class=\"elementor-section elementor-top-section elementor-element elementor-element-81f18a3 elementor-section-boxed elementor-section-height-default elementor-section-height-default wpr-particle-no wpr-jarallax-no wpr-parallax-no wpr-sticky-section-no\" data-id=\"81f18a3\" data-element_type=\"section\" data-e-type=\"section\">\n\t\t\t\t\t\t<div class=\"elementor-container elementor-column-gap-default\">\n\t\t\t\t\t<div class=\"elementor-column elementor-col-100 elementor-top-column elementor-element elementor-element-28614bf\" data-id=\"28614bf\" data-element_type=\"column\" data-e-type=\"column\">\n\t\t\t<div class=\"elementor-widget-wrap elementor-element-populated\">\n\t\t\t\t\t\t<div class=\"elementor-element elementor-element-5120cd5 elementor-widget elementor-widget-text-editor\" data-id=\"5120cd5\" data-element_type=\"widget\" data-e-type=\"widget\" data-widget_type=\"text-editor.default\">\n\t\t\t\t<div class=\"elementor-widget-container\">\n\t\t\t\t\t\t\t\t\t<h2>OLTs e ONTs<\/h2><p>Nas redes de fibra \u00f3ptica, OLT&#039;s e ONT&#039;s s\u00e3o termos que se referem a equipamentos de rede.<\/p><p>Um OLT (Optical Line Terminal) \u00e9 o principal dispositivo em uma rede de fibra \u00f3tica, est\u00e1 localizado no centro da rede e \u00e9 usado para transmitir sinais de dados (como a Internet) atrav\u00e9s de fibra \u00f3tica.<\/p><p>Um ONT (Optical Network Terminal) \u00e9 um dispositivo que se conecta ao OLT e est\u00e1 localizado no lado do usu\u00e1rio final da rede.<\/p><p>O ONT \u00e9 usado para converter sinais de fibra \u00f3tica em sinais de cobre (se um computador estiver conectado a ele via cabo ethernet) ou radiofrequ\u00eancia (se o computador estiver conectado sem fio). Eles podem ser usados por dispositivos de rede em casa ou no escrit\u00f3rio.<\/p>\t\t\t\t\t\t\t\t<\/div>\n\t\t\t\t<\/div>\n\t\t\t\t<div class=\"elementor-element elementor-element-09990af elementor-widget elementor-widget-heading\" data-id=\"09990af\" data-element_type=\"widget\" data-e-type=\"widget\" data-widget_type=\"heading.default\">\n\t\t\t\t<div class=\"elementor-widget-container\">\n\t\t\t\t\t<h3 class=\"elementor-heading-title elementor-size-default\">CADASTRO E CONFIGURA\u00c7\u00c3O DE OLT&#039;S E ONT&#039;S<\/h3>\t\t\t\t<\/div>\n\t\t\t\t<\/div>\n\t\t\t\t<div class=\"elementor-element elementor-element-2cf1b23 elementor-widget elementor-widget-image\" data-id=\"2cf1b23\" data-element_type=\"widget\" data-e-type=\"widget\" data-widget_type=\"image.default\">\n\t\t\t\t<div class=\"elementor-widget-container\">\n\t\t\t\t\t\t\t\t\t\t\t\t\t\t\t\t<a href=\"https:\/\/ispgestion.com\/wp-content\/uploads\/2021\/05\/ont.jpg\" data-elementor-open-lightbox=\"yes\" data-elementor-lightbox-title=\"ont\" data-e-action-hash=\"#elementor-action%3Aaction%3Dlightbox%26settings%3DeyJpZCI6MjA5OSwidXJsIjoiaHR0cHM6XC9cL2lzcGdlc3Rpb24uY29tXC93cC1jb250ZW50XC91cGxvYWRzXC8yMDIxXC8wNVwvb250LmpwZyJ9\">\n\t\t\t\t\t\t\t<img fetchpriority=\"high\" decoding=\"async\" width=\"1024\" height=\"255\" src=\"https:\/\/ispgestion.com\/wp-content\/uploads\/2021\/05\/ont-1024x255.jpg\" class=\"attachment-large size-large wp-image-2099\" alt=\"\" srcset=\"https:\/\/ispgestion.com\/wp-content\/uploads\/2021\/05\/ont-1024x255.jpg 1024w, https:\/\/ispgestion.com\/wp-content\/uploads\/2021\/05\/ont-600x150.jpg 600w, https:\/\/ispgestion.com\/wp-content\/uploads\/2021\/05\/ont-300x75.jpg 300w, https:\/\/ispgestion.com\/wp-content\/uploads\/2021\/05\/ont-768x192.jpg 768w, https:\/\/ispgestion.com\/wp-content\/uploads\/2021\/05\/ont-1536x383.jpg 1536w, https:\/\/ispgestion.com\/wp-content\/uploads\/2021\/05\/ont-16x4.jpg 16w, https:\/\/ispgestion.com\/wp-content\/uploads\/2021\/05\/ont.jpg 1560w\" sizes=\"(max-width: 1024px) 100vw, 1024px\" \/>\t\t\t\t\t\t\t\t<\/a>\n\t\t\t\t\t\t\t\t\t\t\t\t\t\t\t<\/div>\n\t\t\t\t<\/div>\n\t\t\t\t<div class=\"elementor-element elementor-element-e742363 elementor-widget elementor-widget-text-editor\" data-id=\"e742363\" data-element_type=\"widget\" data-e-type=\"widget\" data-widget_type=\"text-editor.default\">\n\t\t\t\t<div class=\"elementor-widget-container\">\n\t\t\t\t\t\t\t\t\t<p>\u00a0<\/p><p>Para <strong>configurar um OLT e um ONT<\/strong>, voc\u00ea precisa seguir os passos:<\/p><p>\u2013 Instale o OLT e o ONT em seus locais correspondentes.<br \/>\u2013 Conecte a OLT e a ONT \u00e0 rede de fibra \u00f3tica.<br \/>\u2013 Configure o OLT para se comunicar com o ONT. <br \/>\u2013 Conecte e configure dispositivos de rede a uma porta LAN\/Wifi do ONT.<\/p><p>\u00c9 importante observar que a configura\u00e7\u00e3o de uma OLT e ONT pode variar dependendo do fabricante e modelo espec\u00edfico, por isso \u00e9 aconselh\u00e1vel seguir as instru\u00e7\u00f5es do fabricante para garantir a configura\u00e7\u00e3o correta desses dispositivos.<\/p><h4>Alguns destaques dos OLT&#039;s e ONT&#039;s s\u00e3o:<\/h4><p>S\u00e3o dispositivos de rede essenciais em redes de fibra \u00f3tica e desempenham um papel importante na conectividade e gest\u00e3o da rede, sendo este tipo de redes mais r\u00e1pidas e com desempenho superior \u00e0s redes de cobre ou wireless.<br \/>Eles podem ser usados em uma ampla variedade de aplica\u00e7\u00f5es, como redes corporativas, redes de servi\u00e7os de comunica\u00e7\u00e3o e redes de acesso \u00e0 Internet.<br \/>Eles podem ser configurados e gerenciados remotamente pela rede.<\/p>\t\t\t\t\t\t\t\t<\/div>\n\t\t\t\t<\/div>\n\t\t\t\t\t<\/div>\n\t\t<\/div>\n\t\t\t\t\t<\/div>\n\t\t<\/section>\n\t\t\t\t<section class=\"elementor-section elementor-top-section elementor-element elementor-element-76e50cd elementor-section-boxed elementor-section-height-default elementor-section-height-default wpr-particle-no wpr-jarallax-no wpr-parallax-no wpr-sticky-section-no\" data-id=\"76e50cd\" data-element_type=\"section\" data-e-type=\"section\">\n\t\t\t\t\t\t<div class=\"elementor-container elementor-column-gap-default\">\n\t\t\t\t\t<div class=\"elementor-column elementor-col-100 elementor-top-column elementor-element elementor-element-3ac45e2\" data-id=\"3ac45e2\" data-element_type=\"column\" data-e-type=\"column\">\n\t\t\t<div class=\"elementor-widget-wrap elementor-element-populated\">\n\t\t\t\t\t\t<div class=\"elementor-element elementor-element-80cdab9 elementor-widget elementor-widget-image\" data-id=\"80cdab9\" data-element_type=\"widget\" data-e-type=\"widget\" data-widget_type=\"image.default\">\n\t\t\t\t<div class=\"elementor-widget-container\">\n\t\t\t\t\t\t\t\t\t\t\t\t\t\t\t\t<a href=\"https:\/\/ispgestion.com\/wp-content\/uploads\/2021\/05\/perfiles-velocidad-OLT.jpg\" data-elementor-open-lightbox=\"yes\" data-elementor-lightbox-title=\"perfiles velocidad OLT\" data-e-action-hash=\"#elementor-action%3Aaction%3Dlightbox%26settings%3DeyJpZCI6MjEwOSwidXJsIjoiaHR0cHM6XC9cL2lzcGdlc3Rpb24uY29tXC93cC1jb250ZW50XC91cGxvYWRzXC8yMDIxXC8wNVwvcGVyZmlsZXMtdmVsb2NpZGFkLU9MVC5qcGcifQ%3D%3D\">\n\t\t\t\t\t\t\t<img decoding=\"async\" width=\"1024\" height=\"336\" src=\"https:\/\/ispgestion.com\/wp-content\/uploads\/2021\/05\/perfiles-velocidad-OLT-1024x336.jpg\" class=\"attachment-large size-large wp-image-2109\" alt=\"\" srcset=\"https:\/\/ispgestion.com\/wp-content\/uploads\/2021\/05\/perfiles-velocidad-OLT-1024x336.jpg 1024w, https:\/\/ispgestion.com\/wp-content\/uploads\/2021\/05\/perfiles-velocidad-OLT-600x197.jpg 600w, https:\/\/ispgestion.com\/wp-content\/uploads\/2021\/05\/perfiles-velocidad-OLT-300x99.jpg 300w, https:\/\/ispgestion.com\/wp-content\/uploads\/2021\/05\/perfiles-velocidad-OLT-768x252.jpg 768w, https:\/\/ispgestion.com\/wp-content\/uploads\/2021\/05\/perfiles-velocidad-OLT-1536x504.jpg 1536w, https:\/\/ispgestion.com\/wp-content\/uploads\/2021\/05\/perfiles-velocidad-OLT-16x5.jpg 16w, https:\/\/ispgestion.com\/wp-content\/uploads\/2021\/05\/perfiles-velocidad-OLT.jpg 1568w\" sizes=\"(max-width: 1024px) 100vw, 1024px\" \/>\t\t\t\t\t\t\t\t<\/a>\n\t\t\t\t\t\t\t\t\t\t\t\t\t\t\t<\/div>\n\t\t\t\t<\/div>\n\t\t\t\t\t<\/div>\n\t\t<\/div>\n\t\t\t\t\t<\/div>\n\t\t<\/section>\n\t\t\t\t<\/div>","protected":false},"excerpt":{"rendered":"<p>OLT&#039;s e ONT&#039;s Em redes de fibra \u00f3ptica, OLT&#039;s e ONT&#039;s s\u00e3o termos que se referem a equipamentos de rede. Um OLT (Optical Line Terminal) \u00e9 o principal dispositivo de uma rede de fibra \u00f3ptica, est\u00e1 localizado no centro da rede e \u00e9 utilizado para transmitir sinais de dados (como a Internet) atrav\u00e9s da fibra \u00f3ptica. Um ONT (Terminal de Rede \u00d3ptica) \u00e9 um dispositivo que se conecta ao OLT e est\u00e1 localizado no lado do usu\u00e1rio final da rede. O ONT \u00e9 usado para converter sinais de fibra \u00f3ptica em sinais de cobre (se um computador estiver conectado a ele via cabo Ethernet) ou sinais de radiofrequ\u00eancia (se o computador estiver conectado sem fio). Eles podem ser usados por dispositivos de rede em casa ou no escrit\u00f3rio. CADASTRO E CONFIGURA\u00c7\u00c3O DE OLT&#039;S E ONT&#039;S Para configurar uma OLT e uma ONT \u00e9 necess\u00e1rio seguir os passos: \u2013 Instalar a OLT e a ONT no local correspondente \u2013 Conectar a OLT e a ONT \u00e0 rede de fibra \u00f3ptica. o OLT para se comunicar com o ONT. \u2013 Conecte e configure dispositivos de rede a uma porta LAN\/Wifi do ONT. \u00c9 importante observar que a configura\u00e7\u00e3o de um OLT e ONT pode variar dependendo do fabricante e modelo espec\u00edfico, por isso \u00e9 aconselh\u00e1vel seguir as instru\u00e7\u00f5es do fabricante para garantir a configura\u00e7\u00e3o correta desses dispositivos. Alguns destaques dos OLT&#039;s e ONT&#039;s s\u00e3o: S\u00e3o dispositivos de rede essenciais em redes de fibra \u00f3ptica e desempenham um papel importante na conectividade e gerenciamento de redes, sendo este tipo de redes mais r\u00e1pidas e com maior desempenho que redes de cobre ou sem fio. ampla variedade de aplica\u00e7\u00f5es, como redes corporativas, redes de servi\u00e7os de comunica\u00e7\u00e3o e redes de acesso \u00e0 Internet. Elas podem ser configuradas e gerenciadas remotamente pela rede.<\/p>","protected":false},"author":3,"featured_media":0,"parent":2039,"menu_order":20,"comment_status":"closed","ping_status":"closed","template":"page-templates\/template-pagebuilder-full-width.php","meta":{"neve_meta_sidebar":"full-width","neve_meta_container":"","neve_meta_enable_content_width":"on","neve_meta_content_width":100,"neve_meta_title_alignment":"","neve_meta_author_avatar":"","neve_post_elements_order":"","neve_meta_disable_header":"","neve_meta_disable_footer":"","neve_meta_disable_title":"","footnotes":""},"class_list":["post-2092","page","type-page","status-publish","hentry"],"yoast_head":"<!-- This site is optimized with the Yoast SEO plugin v27.3 - https:\/\/yoast.com\/product\/yoast-seo-wordpress\/ -->\n<title>Configuraci\u00f3n OLTs y ONTs - ISP Gesti\u00f3n<\/title>\n<meta name=\"robots\" content=\"index, follow, max-snippet:-1, max-image-preview:large, max-video-preview:-1\" \/>\n<link rel=\"canonical\" href=\"https:\/\/ispgestion.com\/pt\/redes-isp\/aprovisionamiento-fibra-optica\/configuracion-olts-y-onts\/\" \/>\n<meta property=\"og:locale\" content=\"pt_PT\" \/>\n<meta property=\"og:type\" content=\"article\" \/>\n<meta property=\"og:title\" content=\"Configuraci\u00f3n OLTs y ONTs - ISP Gesti\u00f3n\" \/>\n<meta property=\"og:description\" content=\"OLT&#8217;s y ONT&#8217;s En redes de fibra \u00f3ptica, OLT&#8217;s y ONT&#8217;s son t\u00e9rminos que se refieren a equipamiento de red. Una OLT (Optical Line Terminal) es el dispositivo principal en una red de fibra \u00f3ptica, se encuentra en la central de la red y se utiliza para transmitir se\u00f1ales de datos (como podr\u00eda ser Internet) a trav\u00e9s de la fibra \u00f3ptica. Una ONT (Optical Network Terminal) es un dispositivo que se conecta a la OLT y se encuentra en el lado del usuario final de la red. La ONT se utiliza para convertir las se\u00f1ales de fibra \u00f3ptica en se\u00f1ales de cobre (si se conecta un equipo a \u00e9l a trav\u00e9s de cable ethernet) o de radiofrecuencia (si el equipo se conecta de forma inal\u00e1mbrica). Pueden ser utilizadas por los dispositivos de red en el hogar o en la oficina. ALTA Y CONFIGURACI\u00d3N DE OLT&#8217;S Y ONT&#8217;S \u00a0 Para configurar una OLT y una ONT, es necesario seguir los pasos: &#8211; Instalar la OLT y la ONT en su ubicaci\u00f3n correspondiente.&#8211; Conectar la OLT y la ONT a la red de fibra \u00f3ptica.&#8211; Configurar la OLT para que se comunique con la ONT. &#8211; Conectar y configurar los dispositivos de red a un puerto LAN \/ Wifi de la ONT. Es importante tener en cuenta que la configuraci\u00f3n de una OLT y una ONT puede variar dependiendo del fabricante y del modelo espec\u00edficos, por lo que es recomendable seguir las instrucciones del fabricante para asegurarse de configurar correctamente estos dispositivos. Algunos puntos destacados de las OLT&#8217;s y ONT&#8217;s son: Son dispositivos de red esenciales en las redes de fibra \u00f3ptica y juegan un papel importante en la conectividad y la gesti\u00f3n de la red, siendo este tipo de redes m\u00e1s r\u00e1pidas y con un rendimiento superior a las redes de cobre o inal\u00e1mbricas.Pueden ser utilizadas en una amplia variedad de aplicaciones, como redes de empresas, redes de servicios de comunicaci\u00f3n y redes de acceso a Internet.Pueden ser configuradas y administradas de manera remota a trav\u00e9s de la red.\" \/>\n<meta property=\"og:url\" content=\"https:\/\/ispgestion.com\/pt\/redes-isp\/aprovisionamiento-fibra-optica\/configuracion-olts-y-onts\/\" \/>\n<meta property=\"og:site_name\" content=\"ISP Gesti\u00f3n\" \/>\n<meta property=\"article:publisher\" content=\"https:\/\/www.facebook.com\/ispgestion\/\" \/>\n<meta property=\"article:modified_time\" content=\"2022-12-22T09:38:25+00:00\" \/>\n<meta property=\"og:image\" content=\"https:\/\/ispgestion.com\/wp-content\/uploads\/2021\/05\/ont-1024x255.jpg\" \/>\n<meta name=\"twitter:card\" content=\"summary_large_image\" \/>\n<meta name=\"twitter:label1\" content=\"Tempo estimado de leitura\" \/>\n\t<meta name=\"twitter:data1\" content=\"1 minuto\" \/>\n<script type=\"application\/ld+json\" class=\"yoast-schema-graph\">{\"@context\":\"https:\\\/\\\/schema.org\",\"@graph\":[{\"@type\":\"WebPage\",\"@id\":\"https:\\\/\\\/ispgestion.com\\\/redes-isp\\\/aprovisionamiento-fibra-optica\\\/configuracion-olts-y-onts\\\/\",\"url\":\"https:\\\/\\\/ispgestion.com\\\/redes-isp\\\/aprovisionamiento-fibra-optica\\\/configuracion-olts-y-onts\\\/\",\"name\":\"Configuraci\u00f3n OLTs y ONTs - ISP Gesti\u00f3n\",\"isPartOf\":{\"@id\":\"https:\\\/\\\/ispgestion.com\\\/#website\"},\"primaryImageOfPage\":{\"@id\":\"https:\\\/\\\/ispgestion.com\\\/redes-isp\\\/aprovisionamiento-fibra-optica\\\/configuracion-olts-y-onts\\\/#primaryimage\"},\"image\":{\"@id\":\"https:\\\/\\\/ispgestion.com\\\/redes-isp\\\/aprovisionamiento-fibra-optica\\\/configuracion-olts-y-onts\\\/#primaryimage\"},\"thumbnailUrl\":\"https:\\\/\\\/ispgestion.com\\\/wp-content\\\/uploads\\\/2021\\\/05\\\/ont-1024x255.jpg\",\"datePublished\":\"2021-05-06T07:11:15+00:00\",\"dateModified\":\"2022-12-22T09:38:25+00:00\",\"breadcrumb\":{\"@id\":\"https:\\\/\\\/ispgestion.com\\\/redes-isp\\\/aprovisionamiento-fibra-optica\\\/configuracion-olts-y-onts\\\/#breadcrumb\"},\"inLanguage\":\"pt-PT\",\"potentialAction\":[{\"@type\":\"ReadAction\",\"target\":[\"https:\\\/\\\/ispgestion.com\\\/redes-isp\\\/aprovisionamiento-fibra-optica\\\/configuracion-olts-y-onts\\\/\"]}]},{\"@type\":\"ImageObject\",\"inLanguage\":\"pt-PT\",\"@id\":\"https:\\\/\\\/ispgestion.com\\\/redes-isp\\\/aprovisionamiento-fibra-optica\\\/configuracion-olts-y-onts\\\/#primaryimage\",\"url\":\"https:\\\/\\\/ispgestion.com\\\/wp-content\\\/uploads\\\/2021\\\/05\\\/ont-1024x255.jpg\",\"contentUrl\":\"https:\\\/\\\/ispgestion.com\\\/wp-content\\\/uploads\\\/2021\\\/05\\\/ont-1024x255.jpg\"},{\"@type\":\"BreadcrumbList\",\"@id\":\"https:\\\/\\\/ispgestion.com\\\/redes-isp\\\/aprovisionamiento-fibra-optica\\\/configuracion-olts-y-onts\\\/#breadcrumb\",\"itemListElement\":[{\"@type\":\"ListItem\",\"position\":1,\"name\":\"Portada\",\"item\":\"https:\\\/\\\/ispgestion.com\\\/\"},{\"@type\":\"ListItem\",\"position\":2,\"name\":\"Redes ISP\",\"item\":\"https:\\\/\\\/ispgestion.com\\\/redes-isp\\\/\"},{\"@type\":\"ListItem\",\"position\":3,\"name\":\"Fibra \u00d3ptica\",\"item\":\"https:\\\/\\\/ispgestion.com\\\/redes-isp\\\/aprovisionamiento-fibra-optica\\\/\"},{\"@type\":\"ListItem\",\"position\":4,\"name\":\"Configuraci\u00f3n OLTs y ONTs\"}]},{\"@type\":\"WebSite\",\"@id\":\"https:\\\/\\\/ispgestion.com\\\/#website\",\"url\":\"https:\\\/\\\/ispgestion.com\\\/\",\"name\":\"ISP Gesti\u00f3n\",\"description\":\"Software en la nube para ISP - Sotware ERP\",\"publisher\":{\"@id\":\"https:\\\/\\\/ispgestion.com\\\/#organization\"},\"potentialAction\":[{\"@type\":\"SearchAction\",\"target\":{\"@type\":\"EntryPoint\",\"urlTemplate\":\"https:\\\/\\\/ispgestion.com\\\/?s={search_term_string}\"},\"query-input\":{\"@type\":\"PropertyValueSpecification\",\"valueRequired\":true,\"valueName\":\"search_term_string\"}}],\"inLanguage\":\"pt-PT\"},{\"@type\":\"Organization\",\"@id\":\"https:\\\/\\\/ispgestion.com\\\/#organization\",\"name\":\"ISP Gesti\u00f3n\",\"url\":\"https:\\\/\\\/ispgestion.com\\\/\",\"logo\":{\"@type\":\"ImageObject\",\"inLanguage\":\"pt-PT\",\"@id\":\"https:\\\/\\\/ispgestion.com\\\/#\\\/schema\\\/logo\\\/image\\\/\",\"url\":\"https:\\\/\\\/ispgestion.com\\\/wp-content\\\/uploads\\\/2020\\\/04\\\/cropped-logo-isp-1-1.png\",\"contentUrl\":\"https:\\\/\\\/ispgestion.com\\\/wp-content\\\/uploads\\\/2020\\\/04\\\/cropped-logo-isp-1-1.png\",\"width\":245,\"height\":250,\"caption\":\"ISP Gesti\u00f3n\"},\"image\":{\"@id\":\"https:\\\/\\\/ispgestion.com\\\/#\\\/schema\\\/logo\\\/image\\\/\"},\"sameAs\":[\"https:\\\/\\\/www.facebook.com\\\/ispgestion\\\/\",\"https:\\\/\\\/es.linkedin.com\\\/in\\\/isp-gesti\u00f3n-62652715a\",\"https:\\\/\\\/www.youtube.com\\\/channel\\\/UCkZAs-0NFnSnVrh17SNCARg\"]}]}<\/script>\n<!-- \/ Yoast SEO plugin. -->","yoast_head_json":{"title":"Configura\u00e7\u00e3o de OLTs e ONTs - ISP Gesti\u00f3n","robots":{"index":"index","follow":"follow","max-snippet":"max-snippet:-1","max-image-preview":"max-image-preview:large","max-video-preview":"max-video-preview:-1"},"canonical":"https:\/\/ispgestion.com\/pt\/redes-isp\/aprovisionamiento-fibra-optica\/configuracion-olts-y-onts\/","og_locale":"pt_PT","og_type":"article","og_title":"Configuraci\u00f3n OLTs y ONTs - ISP Gesti\u00f3n","og_description":"OLT&#8217;s y ONT&#8217;s En redes de fibra \u00f3ptica, OLT&#8217;s y ONT&#8217;s son t\u00e9rminos que se refieren a equipamiento de red. Una OLT (Optical Line Terminal) es el dispositivo principal en una red de fibra \u00f3ptica, se encuentra en la central de la red y se utiliza para transmitir se\u00f1ales de datos (como podr\u00eda ser Internet) a trav\u00e9s de la fibra \u00f3ptica. Una ONT (Optical Network Terminal) es un dispositivo que se conecta a la OLT y se encuentra en el lado del usuario final de la red. La ONT se utiliza para convertir las se\u00f1ales de fibra \u00f3ptica en se\u00f1ales de cobre (si se conecta un equipo a \u00e9l a trav\u00e9s de cable ethernet) o de radiofrecuencia (si el equipo se conecta de forma inal\u00e1mbrica). Pueden ser utilizadas por los dispositivos de red en el hogar o en la oficina. ALTA Y CONFIGURACI\u00d3N DE OLT&#8217;S Y ONT&#8217;S \u00a0 Para configurar una OLT y una ONT, es necesario seguir los pasos: &#8211; Instalar la OLT y la ONT en su ubicaci\u00f3n correspondiente.&#8211; Conectar la OLT y la ONT a la red de fibra \u00f3ptica.&#8211; Configurar la OLT para que se comunique con la ONT. &#8211; Conectar y configurar los dispositivos de red a un puerto LAN \/ Wifi de la ONT. Es importante tener en cuenta que la configuraci\u00f3n de una OLT y una ONT puede variar dependiendo del fabricante y del modelo espec\u00edficos, por lo que es recomendable seguir las instrucciones del fabricante para asegurarse de configurar correctamente estos dispositivos. Algunos puntos destacados de las OLT&#8217;s y ONT&#8217;s son: Son dispositivos de red esenciales en las redes de fibra \u00f3ptica y juegan un papel importante en la conectividad y la gesti\u00f3n de la red, siendo este tipo de redes m\u00e1s r\u00e1pidas y con un rendimiento superior a las redes de cobre o inal\u00e1mbricas.Pueden ser utilizadas en una amplia variedad de aplicaciones, como redes de empresas, redes de servicios de comunicaci\u00f3n y redes de acceso a Internet.Pueden ser configuradas y administradas de manera remota a trav\u00e9s de la red.","og_url":"https:\/\/ispgestion.com\/pt\/redes-isp\/aprovisionamiento-fibra-optica\/configuracion-olts-y-onts\/","og_site_name":"ISP Gesti\u00f3n","article_publisher":"https:\/\/www.facebook.com\/ispgestion\/","article_modified_time":"2022-12-22T09:38:25+00:00","og_image":[{"url":"https:\/\/ispgestion.com\/wp-content\/uploads\/2021\/05\/ont-1024x255.jpg","type":"","width":"","height":""}],"twitter_card":"summary_large_image","twitter_misc":{"Tempo estimado de leitura":"1 minuto"},"schema":{"@context":"https:\/\/schema.org","@graph":[{"@type":"WebPage","@id":"https:\/\/ispgestion.com\/redes-isp\/aprovisionamiento-fibra-optica\/configuracion-olts-y-onts\/","url":"https:\/\/ispgestion.com\/redes-isp\/aprovisionamiento-fibra-optica\/configuracion-olts-y-onts\/","name":"Configura\u00e7\u00e3o de OLTs e ONTs - ISP Gesti\u00f3n","isPartOf":{"@id":"https:\/\/ispgestion.com\/#website"},"primaryImageOfPage":{"@id":"https:\/\/ispgestion.com\/redes-isp\/aprovisionamiento-fibra-optica\/configuracion-olts-y-onts\/#primaryimage"},"image":{"@id":"https:\/\/ispgestion.com\/redes-isp\/aprovisionamiento-fibra-optica\/configuracion-olts-y-onts\/#primaryimage"},"thumbnailUrl":"https:\/\/ispgestion.com\/wp-content\/uploads\/2021\/05\/ont-1024x255.jpg","datePublished":"2021-05-06T07:11:15+00:00","dateModified":"2022-12-22T09:38:25+00:00","breadcrumb":{"@id":"https:\/\/ispgestion.com\/redes-isp\/aprovisionamiento-fibra-optica\/configuracion-olts-y-onts\/#breadcrumb"},"inLanguage":"pt-PT","potentialAction":[{"@type":"ReadAction","target":["https:\/\/ispgestion.com\/redes-isp\/aprovisionamiento-fibra-optica\/configuracion-olts-y-onts\/"]}]},{"@type":"ImageObject","inLanguage":"pt-PT","@id":"https:\/\/ispgestion.com\/redes-isp\/aprovisionamiento-fibra-optica\/configuracion-olts-y-onts\/#primaryimage","url":"https:\/\/ispgestion.com\/wp-content\/uploads\/2021\/05\/ont-1024x255.jpg","contentUrl":"https:\/\/ispgestion.com\/wp-content\/uploads\/2021\/05\/ont-1024x255.jpg"},{"@type":"BreadcrumbList","@id":"https:\/\/ispgestion.com\/redes-isp\/aprovisionamiento-fibra-optica\/configuracion-olts-y-onts\/#breadcrumb","itemListElement":[{"@type":"ListItem","position":1,"name":"Portada","item":"https:\/\/ispgestion.com\/"},{"@type":"ListItem","position":2,"name":"Redes ISP","item":"https:\/\/ispgestion.com\/redes-isp\/"},{"@type":"ListItem","position":3,"name":"Fibra \u00d3ptica","item":"https:\/\/ispgestion.com\/redes-isp\/aprovisionamiento-fibra-optica\/"},{"@type":"ListItem","position":4,"name":"Configuraci\u00f3n OLTs y ONTs"}]},{"@type":"WebSite","@id":"https:\/\/ispgestion.com\/#website","url":"https:\/\/ispgestion.com\/","name":"ISP Gesti\u00f3n","description":"Software em Nuvem para ISP - Software ERP","publisher":{"@id":"https:\/\/ispgestion.com\/#organization"},"potentialAction":[{"@type":"SearchAction","target":{"@type":"EntryPoint","urlTemplate":"https:\/\/ispgestion.com\/?s={search_term_string}"},"query-input":{"@type":"PropertyValueSpecification","valueRequired":true,"valueName":"search_term_string"}}],"inLanguage":"pt-PT"},{"@type":"Organization","@id":"https:\/\/ispgestion.com\/#organization","name":"ISP Gesti\u00f3n","url":"https:\/\/ispgestion.com\/","logo":{"@type":"ImageObject","inLanguage":"pt-PT","@id":"https:\/\/ispgestion.com\/#\/schema\/logo\/image\/","url":"https:\/\/ispgestion.com\/wp-content\/uploads\/2020\/04\/cropped-logo-isp-1-1.png","contentUrl":"https:\/\/ispgestion.com\/wp-content\/uploads\/2020\/04\/cropped-logo-isp-1-1.png","width":245,"height":250,"caption":"ISP Gesti\u00f3n"},"image":{"@id":"https:\/\/ispgestion.com\/#\/schema\/logo\/image\/"},"sameAs":["https:\/\/www.facebook.com\/ispgestion\/","https:\/\/es.linkedin.com\/in\/isp-gesti\u00f3n-62652715a","https:\/\/www.youtube.com\/channel\/UCkZAs-0NFnSnVrh17SNCARg"]}]}},"_links":{"self":[{"href":"https:\/\/ispgestion.com\/pt\/wp-json\/wp\/v2\/pages\/2092","targetHints":{"allow":["GET"]}}],"collection":[{"href":"https:\/\/ispgestion.com\/pt\/wp-json\/wp\/v2\/pages"}],"about":[{"href":"https:\/\/ispgestion.com\/pt\/wp-json\/wp\/v2\/types\/page"}],"author":[{"embeddable":true,"href":"https:\/\/ispgestion.com\/pt\/wp-json\/wp\/v2\/users\/3"}],"replies":[{"embeddable":true,"href":"https:\/\/ispgestion.com\/pt\/wp-json\/wp\/v2\/comments?post=2092"}],"version-history":[{"count":23,"href":"https:\/\/ispgestion.com\/pt\/wp-json\/wp\/v2\/pages\/2092\/revisions"}],"predecessor-version":[{"id":7264,"href":"https:\/\/ispgestion.com\/pt\/wp-json\/wp\/v2\/pages\/2092\/revisions\/7264"}],"up":[{"embeddable":true,"href":"https:\/\/ispgestion.com\/pt\/wp-json\/wp\/v2\/pages\/2039"}],"wp:attachment":[{"href":"https:\/\/ispgestion.com\/pt\/wp-json\/wp\/v2\/media?parent=2092"}],"curies":[{"name":"wp","href":"https:\/\/api.w.org\/{rel}","templated":true}]}}