{"id":2039,"date":"2021-04-29T15:24:08","date_gmt":"2021-04-29T13:24:08","guid":{"rendered":"https:\/\/ispgestion.com\/?page_id=2039"},"modified":"2023-01-09T12:55:24","modified_gmt":"2023-01-09T11:55:24","slug":"aprovisionamiento-fibra-optica","status":"publish","type":"page","link":"https:\/\/ispgestion.com\/pt\/redes-isp\/aprovisionamiento-fibra-optica\/","title":{"rendered":"Fibra \u00f3tica"},"content":{"rendered":"<div data-elementor-type=\"wp-page\" data-elementor-id=\"2039\" class=\"elementor elementor-2039\">\n\t\t\t\t\t\t<section class=\"elementor-section elementor-top-section elementor-element elementor-element-77e394e elementor-section-boxed elementor-section-height-default elementor-section-height-default wpr-particle-no wpr-jarallax-no wpr-parallax-no wpr-sticky-section-no wpr-equal-height-no\" data-id=\"77e394e\" data-element_type=\"section\" data-e-type=\"section\">\n\t\t\t\t\t\t<div class=\"elementor-container elementor-column-gap-default\">\n\t\t\t\t\t<div class=\"elementor-column elementor-col-100 elementor-top-column elementor-element elementor-element-dff0c41\" data-id=\"dff0c41\" data-element_type=\"column\" data-e-type=\"column\">\n\t\t\t<div class=\"elementor-widget-wrap elementor-element-populated\">\n\t\t\t\t\t\t<div class=\"elementor-element elementor-element-99906a6 elementor-widget elementor-widget-heading\" data-id=\"99906a6\" data-element_type=\"widget\" data-e-type=\"widget\" data-widget_type=\"heading.default\">\n\t\t\t\t<div class=\"elementor-widget-container\">\n\t\t\t\t\t<h1 class=\"elementor-heading-title elementor-size-default\">ISP GERE SUA FIBRA \u00d3PTICA<\/h1>\t\t\t\t<\/div>\n\t\t\t\t<\/div>\n\t\t\t\t\t<\/div>\n\t\t<\/div>\n\t\t\t\t\t<\/div>\n\t\t<\/section>\n\t\t\t\t<section class=\"elementor-section elementor-top-section elementor-element elementor-element-a9b6ec8 elementor-section-boxed elementor-section-height-default elementor-section-height-default wpr-particle-no wpr-jarallax-no wpr-parallax-no wpr-sticky-section-no wpr-equal-height-no\" data-id=\"a9b6ec8\" data-element_type=\"section\" data-e-type=\"section\">\n\t\t\t\t\t\t<div class=\"elementor-container elementor-column-gap-default\">\n\t\t\t\t\t<div class=\"elementor-column elementor-col-100 elementor-top-column elementor-element elementor-element-feeb051\" data-id=\"feeb051\" data-element_type=\"column\" data-e-type=\"column\">\n\t\t\t<div class=\"elementor-widget-wrap elementor-element-populated\">\n\t\t\t\t\t\t<div class=\"elementor-element elementor-element-092b98b elementor-widget elementor-widget-image\" data-id=\"092b98b\" data-element_type=\"widget\" data-e-type=\"widget\" data-widget_type=\"image.default\">\n\t\t\t\t<div class=\"elementor-widget-container\">\n\t\t\t\t\t\t\t\t\t\t\t\t\t\t\t<img fetchpriority=\"high\" decoding=\"async\" width=\"1024\" height=\"553\" src=\"https:\/\/ispgestion.com\/wp-content\/uploads\/2021\/04\/FIBRA-1024x553.jpg\" class=\"attachment-large size-large wp-image-2044\" alt=\"\" srcset=\"https:\/\/ispgestion.com\/wp-content\/uploads\/2021\/04\/FIBRA-1024x553.jpg 1024w, https:\/\/ispgestion.com\/wp-content\/uploads\/2021\/04\/FIBRA-600x324.jpg 600w, https:\/\/ispgestion.com\/wp-content\/uploads\/2021\/04\/FIBRA-300x162.jpg 300w, https:\/\/ispgestion.com\/wp-content\/uploads\/2021\/04\/FIBRA-768x415.jpg 768w, https:\/\/ispgestion.com\/wp-content\/uploads\/2021\/04\/FIBRA-1536x829.jpg 1536w, https:\/\/ispgestion.com\/wp-content\/uploads\/2021\/04\/FIBRA-16x9.jpg 16w, https:\/\/ispgestion.com\/wp-content\/uploads\/2021\/04\/FIBRA.jpg 1561w\" sizes=\"(max-width: 1024px) 100vw, 1024px\" \/>\t\t\t\t\t\t\t\t\t\t\t\t\t\t\t<\/div>\n\t\t\t\t<\/div>\n\t\t\t\t\t<\/div>\n\t\t<\/div>\n\t\t\t\t\t<\/div>\n\t\t<\/section>\n\t\t\t\t<section class=\"elementor-section elementor-top-section elementor-element elementor-element-41716c4 elementor-section-boxed elementor-section-height-default elementor-section-height-default wpr-particle-no wpr-jarallax-no wpr-parallax-no wpr-sticky-section-no wpr-equal-height-no\" data-id=\"41716c4\" data-element_type=\"section\" data-e-type=\"section\">\n\t\t\t\t\t\t<div class=\"elementor-container elementor-column-gap-default\">\n\t\t\t\t\t<div class=\"elementor-column elementor-col-100 elementor-top-column elementor-element elementor-element-b01e038\" data-id=\"b01e038\" data-element_type=\"column\" data-e-type=\"column\">\n\t\t\t<div class=\"elementor-widget-wrap elementor-element-populated\">\n\t\t\t\t\t\t<div class=\"elementor-element elementor-element-be90482 elementor-widget elementor-widget-heading\" data-id=\"be90482\" data-element_type=\"widget\" data-e-type=\"widget\" data-widget_type=\"heading.default\">\n\t\t\t\t<div class=\"elementor-widget-container\">\n\t\t\t\t\t<h2 class=\"elementor-heading-title elementor-size-default\">Provisionamento de fibra \u00f3ptica<\/h2>\t\t\t\t<\/div>\n\t\t\t\t<\/div>\n\t\t\t\t<div class=\"elementor-element elementor-element-4c58ff7 elementor-widget elementor-widget-heading\" data-id=\"4c58ff7\" data-element_type=\"widget\" data-e-type=\"widget\" data-widget_type=\"heading.default\">\n\t\t\t\t<div class=\"elementor-widget-container\">\n\t\t\t\t\t<h3 class=\"elementor-heading-title elementor-size-default\">O que \u00e9 provisionamento de fibra \u00f3ptica?<\/h3>\t\t\t\t<\/div>\n\t\t\t\t<\/div>\n\t\t\t\t<div class=\"elementor-element elementor-element-bd30feb elementor-widget elementor-widget-text-editor\" data-id=\"bd30feb\" data-element_type=\"widget\" data-e-type=\"widget\" data-widget_type=\"text-editor.default\">\n\t\t\t\t<div class=\"elementor-widget-container\">\n\t\t\t\t\t\t\t\t\t<p>O provisionamento de fibra \u00f3tica refere-se ao processo de registro e configura\u00e7\u00e3o de um dispositivo em <strong>rede de fibra<\/strong>. Com ISPGesti\u00f3n voc\u00ea poder\u00e1 realizar facilmente todo o processo de registro, modifica\u00e7\u00e3o da configura\u00e7\u00e3o e cancelamento.<\/p>\t\t\t\t\t\t\t\t<\/div>\n\t\t\t\t<\/div>\n\t\t\t\t\t<\/div>\n\t\t<\/div>\n\t\t\t\t\t<\/div>\n\t\t<\/section>\n\t\t\t\t<section class=\"elementor-section elementor-top-section elementor-element elementor-element-c15a112 elementor-section-boxed elementor-section-height-default elementor-section-height-default wpr-particle-no wpr-jarallax-no wpr-parallax-no wpr-sticky-section-no wpr-equal-height-no\" data-id=\"c15a112\" data-element_type=\"section\" data-e-type=\"section\">\n\t\t\t\t\t\t<div class=\"elementor-container elementor-column-gap-default\">\n\t\t\t\t\t<div class=\"elementor-column elementor-col-100 elementor-top-column elementor-element elementor-element-9de3f14\" data-id=\"9de3f14\" data-element_type=\"column\" data-e-type=\"column\">\n\t\t\t<div class=\"elementor-widget-wrap elementor-element-populated\">\n\t\t\t\t\t\t<div class=\"elementor-element elementor-element-12a09e1 elementor-widget elementor-widget-heading\" data-id=\"12a09e1\" data-element_type=\"widget\" data-e-type=\"widget\" data-widget_type=\"heading.default\">\n\t\t\t\t<div class=\"elementor-widget-container\">\n\t\t\t\t\t<h3 class=\"elementor-heading-title elementor-size-medium\">Compatibilidade <\/h3>\t\t\t\t<\/div>\n\t\t\t\t<\/div>\n\t\t\t\t\t<\/div>\n\t\t<\/div>\n\t\t\t\t\t<\/div>\n\t\t<\/section>\n\t\t\t\t<section class=\"elementor-section elementor-top-section elementor-element elementor-element-1f1fdbb elementor-section-boxed elementor-section-height-default elementor-section-height-default wpr-particle-no wpr-jarallax-no wpr-parallax-no wpr-sticky-section-no wpr-equal-height-no\" data-id=\"1f1fdbb\" data-element_type=\"section\" data-e-type=\"section\">\n\t\t\t\t\t\t<div class=\"elementor-container elementor-column-gap-default\">\n\t\t\t\t\t<div class=\"elementor-column elementor-col-100 elementor-top-column elementor-element elementor-element-01af34e\" data-id=\"01af34e\" data-element_type=\"column\" data-e-type=\"column\">\n\t\t\t<div class=\"elementor-widget-wrap elementor-element-populated\">\n\t\t\t\t\t\t<div class=\"elementor-element elementor-element-36e1fe2 elementor-widget elementor-widget-text-editor\" data-id=\"36e1fe2\" data-element_type=\"widget\" data-e-type=\"widget\" data-widget_type=\"text-editor.default\">\n\t\t\t\t<div class=\"elementor-widget-container\">\n\t\t\t\t\t\t\t\t\t<p>Atualmente, oferecemos suporte <strong>Huawei GPON OLTs<\/strong>, <strong>ZTE e Telev\u00e9s<\/strong>, Al\u00e9m da <strong>NuCom EPON OLTs<\/strong>.<br \/>Quanto aos ONT&#039;s compat\u00edveis, desde que sejam compat\u00edveis ao n\u00edvel do hardware com o OLT, podem ser aprovisionados a partir do ISPGesti\u00f3n.<\/p><p>Se algum modelo espec\u00edfico n\u00e3o estiver dispon\u00edvel, <strong>podemos integr\u00e1-lo facilmente<\/strong>.<\/p><p>Ainda que <strong>recomendar<\/strong> usar <strong>ONT&#039;s<\/strong> do mesmo fabricante que o seu <strong>OLT<\/strong>, isto n\u00e3o \u00e9 estritamente necess\u00e1rio (desde que o OLT o permita), podendo utilizar, por exemplo, um ZTE ONT num Huawei OLT.<\/p>\t\t\t\t\t\t\t\t<\/div>\n\t\t\t\t<\/div>\n\t\t\t\t\t<\/div>\n\t\t<\/div>\n\t\t\t\t\t<\/div>\n\t\t<\/section>\n\t\t\t\t<section class=\"elementor-section elementor-top-section elementor-element elementor-element-eb0160c elementor-section-boxed elementor-section-height-default elementor-section-height-default wpr-particle-no wpr-jarallax-no wpr-parallax-no wpr-sticky-section-no wpr-equal-height-no\" data-id=\"eb0160c\" data-element_type=\"section\" data-e-type=\"section\">\n\t\t\t\t\t\t<div class=\"elementor-container elementor-column-gap-default\">\n\t\t\t\t\t<div class=\"elementor-column elementor-col-100 elementor-top-column elementor-element elementor-element-112039c\" data-id=\"112039c\" data-element_type=\"column\" data-e-type=\"column\">\n\t\t\t<div class=\"elementor-widget-wrap elementor-element-populated\">\n\t\t\t\t\t\t<div class=\"elementor-element elementor-element-b425ce9 elementor-widget elementor-widget-image\" data-id=\"b425ce9\" data-element_type=\"widget\" data-e-type=\"widget\" data-widget_type=\"image.default\">\n\t\t\t\t<div class=\"elementor-widget-container\">\n\t\t\t\t\t\t\t\t\t\t\t\t\t\t\t<img decoding=\"async\" width=\"1024\" height=\"360\" src=\"https:\/\/ispgestion.com\/wp-content\/uploads\/2021\/05\/fibra-senal-optica-isp-1024x360.jpg\" class=\"attachment-large size-large wp-image-2059\" alt=\"\" srcset=\"https:\/\/ispgestion.com\/wp-content\/uploads\/2021\/05\/fibra-senal-optica-isp-1024x360.jpg 1024w, https:\/\/ispgestion.com\/wp-content\/uploads\/2021\/05\/fibra-senal-optica-isp-600x211.jpg 600w, https:\/\/ispgestion.com\/wp-content\/uploads\/2021\/05\/fibra-senal-optica-isp-300x105.jpg 300w, https:\/\/ispgestion.com\/wp-content\/uploads\/2021\/05\/fibra-senal-optica-isp-768x270.jpg 768w, https:\/\/ispgestion.com\/wp-content\/uploads\/2021\/05\/fibra-senal-optica-isp-1536x540.jpg 1536w, https:\/\/ispgestion.com\/wp-content\/uploads\/2021\/05\/fibra-senal-optica-isp-16x6.jpg 16w, https:\/\/ispgestion.com\/wp-content\/uploads\/2021\/05\/fibra-senal-optica-isp.jpg 1708w\" sizes=\"(max-width: 1024px) 100vw, 1024px\" \/>\t\t\t\t\t\t\t\t\t\t\t\t\t\t\t<\/div>\n\t\t\t\t<\/div>\n\t\t\t\t\t<\/div>\n\t\t<\/div>\n\t\t\t\t\t<\/div>\n\t\t<\/section>\n\t\t\t\t<section class=\"elementor-section elementor-top-section elementor-element elementor-element-76b3454 elementor-section-boxed elementor-section-height-default elementor-section-height-default wpr-particle-no wpr-jarallax-no wpr-parallax-no wpr-sticky-section-no wpr-equal-height-no\" data-id=\"76b3454\" data-element_type=\"section\" data-e-type=\"section\">\n\t\t\t\t\t\t<div class=\"elementor-container elementor-column-gap-default\">\n\t\t\t\t\t<div class=\"elementor-column elementor-col-100 elementor-top-column elementor-element elementor-element-cb5093a\" data-id=\"cb5093a\" data-element_type=\"column\" data-e-type=\"column\">\n\t\t\t<div class=\"elementor-widget-wrap elementor-element-populated\">\n\t\t\t\t\t\t<div class=\"elementor-element elementor-element-d6466c1 elementor-widget elementor-widget-text-editor\" data-id=\"d6466c1\" data-element_type=\"widget\" data-e-type=\"widget\" data-widget_type=\"text-editor.default\">\n\t\t\t\t<div class=\"elementor-widget-container\">\n\t\t\t\t\t\t\t\t\t<p>Al\u00e9m disso, desde ISPGesti\u00f3n poder\u00e1 visualizar o estado de configura\u00e7\u00e3o de qualquer ONT simplesmente a partir do seu n\u00famero de s\u00e9rie, independentemente do m\u00e9todo de aprovisionamento utilizado.\u00a0<\/p><p>Isso \u00e9 muito \u00fatil durante o processo de migra\u00e7\u00e3o de outro software para o ISPGesti\u00f3n.<br \/>Voc\u00ea tamb\u00e9m poder\u00e1 consultar o status do enlace \u00f3ptico e um hist\u00f3rico que o ajudar\u00e1 a determinar se houve mudan\u00e7as dr\u00e1sticas no sinal desde o momento da instala\u00e7\u00e3o do equipamento.<\/p><p>\u00a0 <br \/>Voc\u00ea tamb\u00e9m poder\u00e1 visualizar o status das portas Ethernet para ver se est\u00e3o operando na velocidade m\u00e1xima permitida, al\u00e9m do status de registro da linha telef\u00f4nica.<\/p><p>Finalmente, com a ajuda de um servidor ACS, tamb\u00e9m podemos configurar, por exemplo, aspectos relacionados \u00e0 conex\u00e3o Wifi do ONT, bem como aqueles relacionados \u00e0 telefonia VoIP.<\/p><p>Em breve, teremos tamb\u00e9m dispon\u00edvel um sistema GIS que lhe permitir\u00e1 visualizar graficamente num mapa a sua rede de fibra bem como os diferentes elementos que a comp\u00f5em (CTOS, divisores, etc).<\/p>\t\t\t\t\t\t\t\t<\/div>\n\t\t\t\t<\/div>\n\t\t\t\t\t<\/div>\n\t\t<\/div>\n\t\t\t\t\t<\/div>\n\t\t<\/section>\n\t\t\t\t<\/div>","protected":false},"excerpt":{"rendered":"<p>ISP GERENCIE SUA FIBRA \u00d3PTICA Fornecimento de fibra \u00f3ptica O que \u00e9 fornecimento de fibra \u00f3ptica? O provisionamento de fibra \u00f3ptica refere-se ao processo de registro e configura\u00e7\u00e3o de equipamentos na rede de fibra. Com ISPGesti\u00f3n voc\u00ea pode realizar facilmente todo o processo de registro, modifica\u00e7\u00e3o de configura\u00e7\u00e3o e cancelamento. Compatibilidade Atualmente somos compat\u00edveis com GPON OLTs da Huawei, ZTE e Telev\u00e9s, al\u00e9m do EPON OLT da NuCom. Quanto aos ONTs compat\u00edveis, desde que sejam compat\u00edveis em n\u00edvel de hardware com o OLT, podem ser provisionados a partir do ISPGesci\u00f3n. Se um modelo espec\u00edfico n\u00e3o estiver dispon\u00edvel, podemos integr\u00e1-lo facilmente. Embora recomendemos o uso de ONTs do mesmo fabricante da sua OLT, isso n\u00e3o \u00e9 estritamente necess\u00e1rio (desde que a OLT permita), e voc\u00ea pode usar, por exemplo, um ZTE ONT em uma Huawei OLT. Al\u00e9m disso, em ISPGesci\u00f3n voc\u00ea pode visualizar o status de configura\u00e7\u00e3o de qualquer ONT simplesmente a partir de seu n\u00famero de s\u00e9rie, independentemente do m\u00e9todo de provisionamento utilizado. Isto \u00e9 muito \u00fatil durante o processo de migra\u00e7\u00e3o de outro software para o ISPGesti\u00f3n. Voc\u00ea tamb\u00e9m poder\u00e1 ver o status do link \u00f3ptico e um hist\u00f3rico que o ajudar\u00e1 a determinar se houve alguma mudan\u00e7a dr\u00e1stica no sinal desde a instala\u00e7\u00e3o do equipamento. Voc\u00ea tamb\u00e9m poder\u00e1 visualizar o status das portas Ethernet para ver se est\u00e3o operando na velocidade m\u00e1xima permitida, al\u00e9m do status de registro da linha telef\u00f4nica. Por fim, com a ajuda de um servidor ACS, tamb\u00e9m podemos configurar, por exemplo, aspectos relacionados \u00e0 conex\u00e3o Wi-Fi do ONT, bem como aqueles relacionados \u00e0 telefonia VoIP. Em breve teremos tamb\u00e9m dispon\u00edvel um sistema GIS que lhe permitir\u00e1 visualizar graficamente num mapa a sua rede de fibra, bem como os diferentes elementos que a comp\u00f5em (CTOS, splitters, etc.).<\/p>","protected":false},"author":3,"featured_media":0,"parent":1975,"menu_order":10,"comment_status":"closed","ping_status":"closed","template":"page-templates\/template-pagebuilder-full-width.php","meta":{"neve_meta_sidebar":"","neve_meta_container":"","neve_meta_enable_content_width":"off","neve_meta_content_width":70,"neve_meta_title_alignment":"","neve_meta_author_avatar":"","neve_post_elements_order":"","neve_meta_disable_header":"","neve_meta_disable_footer":"","neve_meta_disable_title":"","footnotes":""},"class_list":["post-2039","page","type-page","status-publish","hentry"],"yoast_head":"<!-- This site is optimized with the Yoast SEO plugin v27.3 - https:\/\/yoast.com\/product\/yoast-seo-wordpress\/ -->\n<title>Software para de fibra \u00f3ptica - ISP Gesti\u00f3n<\/title>\n<meta name=\"description\" content=\"Software de fibra \u00f3ptica compatibilidad con OLT\u2019s GPON de Huawei, ZTE y Telev\u00e9s, LT EPON de NuCom\" \/>\n<meta name=\"robots\" content=\"index, follow, max-snippet:-1, max-image-preview:large, max-video-preview:-1\" \/>\n<link rel=\"canonical\" href=\"https:\/\/ispgestion.com\/pt\/redes-isp\/aprovisionamiento-fibra-optica\/\" \/>\n<meta property=\"og:locale\" content=\"pt_PT\" \/>\n<meta property=\"og:type\" content=\"article\" \/>\n<meta property=\"og:title\" content=\"Software para de fibra \u00f3ptica - ISP Gesti\u00f3n\" \/>\n<meta property=\"og:description\" content=\"Software de fibra \u00f3ptica compatibilidad con OLT\u2019s GPON de Huawei, ZTE y Telev\u00e9s, LT EPON de NuCom\" \/>\n<meta property=\"og:url\" content=\"https:\/\/ispgestion.com\/pt\/redes-isp\/aprovisionamiento-fibra-optica\/\" \/>\n<meta property=\"og:site_name\" content=\"ISP Gesti\u00f3n\" \/>\n<meta property=\"article:publisher\" content=\"https:\/\/www.facebook.com\/ispgestion\/\" \/>\n<meta property=\"article:modified_time\" content=\"2023-01-09T11:55:24+00:00\" \/>\n<meta property=\"og:image\" content=\"https:\/\/ispgestion.com\/wp-content\/uploads\/2021\/04\/FIBRA-1024x553.jpg\" \/>\n<meta name=\"twitter:card\" content=\"summary_large_image\" \/>\n<meta name=\"twitter:label1\" content=\"Tempo estimado de leitura\" \/>\n\t<meta name=\"twitter:data1\" content=\"1 minuto\" \/>\n<script type=\"application\/ld+json\" class=\"yoast-schema-graph\">{\"@context\":\"https:\\\/\\\/schema.org\",\"@graph\":[{\"@type\":\"WebPage\",\"@id\":\"https:\\\/\\\/ispgestion.com\\\/redes-isp\\\/aprovisionamiento-fibra-optica\\\/\",\"url\":\"https:\\\/\\\/ispgestion.com\\\/redes-isp\\\/aprovisionamiento-fibra-optica\\\/\",\"name\":\"Software para de fibra \u00f3ptica - ISP Gesti\u00f3n\",\"isPartOf\":{\"@id\":\"https:\\\/\\\/ispgestion.com\\\/#website\"},\"primaryImageOfPage\":{\"@id\":\"https:\\\/\\\/ispgestion.com\\\/redes-isp\\\/aprovisionamiento-fibra-optica\\\/#primaryimage\"},\"image\":{\"@id\":\"https:\\\/\\\/ispgestion.com\\\/redes-isp\\\/aprovisionamiento-fibra-optica\\\/#primaryimage\"},\"thumbnailUrl\":\"https:\\\/\\\/ispgestion.com\\\/wp-content\\\/uploads\\\/2021\\\/04\\\/FIBRA-1024x553.jpg\",\"datePublished\":\"2021-04-29T13:24:08+00:00\",\"dateModified\":\"2023-01-09T11:55:24+00:00\",\"description\":\"Software de fibra \u00f3ptica compatibilidad con OLT\u2019s GPON de Huawei, ZTE y Telev\u00e9s, LT EPON de NuCom\",\"breadcrumb\":{\"@id\":\"https:\\\/\\\/ispgestion.com\\\/redes-isp\\\/aprovisionamiento-fibra-optica\\\/#breadcrumb\"},\"inLanguage\":\"pt-PT\",\"potentialAction\":[{\"@type\":\"ReadAction\",\"target\":[\"https:\\\/\\\/ispgestion.com\\\/redes-isp\\\/aprovisionamiento-fibra-optica\\\/\"]}]},{\"@type\":\"ImageObject\",\"inLanguage\":\"pt-PT\",\"@id\":\"https:\\\/\\\/ispgestion.com\\\/redes-isp\\\/aprovisionamiento-fibra-optica\\\/#primaryimage\",\"url\":\"https:\\\/\\\/ispgestion.com\\\/wp-content\\\/uploads\\\/2021\\\/04\\\/FIBRA-1024x553.jpg\",\"contentUrl\":\"https:\\\/\\\/ispgestion.com\\\/wp-content\\\/uploads\\\/2021\\\/04\\\/FIBRA-1024x553.jpg\"},{\"@type\":\"BreadcrumbList\",\"@id\":\"https:\\\/\\\/ispgestion.com\\\/redes-isp\\\/aprovisionamiento-fibra-optica\\\/#breadcrumb\",\"itemListElement\":[{\"@type\":\"ListItem\",\"position\":1,\"name\":\"Portada\",\"item\":\"https:\\\/\\\/ispgestion.com\\\/\"},{\"@type\":\"ListItem\",\"position\":2,\"name\":\"Redes ISP\",\"item\":\"https:\\\/\\\/ispgestion.com\\\/redes-isp\\\/\"},{\"@type\":\"ListItem\",\"position\":3,\"name\":\"Fibra \u00d3ptica\"}]},{\"@type\":\"WebSite\",\"@id\":\"https:\\\/\\\/ispgestion.com\\\/#website\",\"url\":\"https:\\\/\\\/ispgestion.com\\\/\",\"name\":\"ISP Gesti\u00f3n\",\"description\":\"Software en la nube para ISP - Sotware ERP\",\"publisher\":{\"@id\":\"https:\\\/\\\/ispgestion.com\\\/#organization\"},\"potentialAction\":[{\"@type\":\"SearchAction\",\"target\":{\"@type\":\"EntryPoint\",\"urlTemplate\":\"https:\\\/\\\/ispgestion.com\\\/?s={search_term_string}\"},\"query-input\":{\"@type\":\"PropertyValueSpecification\",\"valueRequired\":true,\"valueName\":\"search_term_string\"}}],\"inLanguage\":\"pt-PT\"},{\"@type\":\"Organization\",\"@id\":\"https:\\\/\\\/ispgestion.com\\\/#organization\",\"name\":\"ISP Gesti\u00f3n\",\"url\":\"https:\\\/\\\/ispgestion.com\\\/\",\"logo\":{\"@type\":\"ImageObject\",\"inLanguage\":\"pt-PT\",\"@id\":\"https:\\\/\\\/ispgestion.com\\\/#\\\/schema\\\/logo\\\/image\\\/\",\"url\":\"https:\\\/\\\/ispgestion.com\\\/wp-content\\\/uploads\\\/2020\\\/04\\\/cropped-logo-isp-1-1.png\",\"contentUrl\":\"https:\\\/\\\/ispgestion.com\\\/wp-content\\\/uploads\\\/2020\\\/04\\\/cropped-logo-isp-1-1.png\",\"width\":245,\"height\":250,\"caption\":\"ISP Gesti\u00f3n\"},\"image\":{\"@id\":\"https:\\\/\\\/ispgestion.com\\\/#\\\/schema\\\/logo\\\/image\\\/\"},\"sameAs\":[\"https:\\\/\\\/www.facebook.com\\\/ispgestion\\\/\",\"https:\\\/\\\/es.linkedin.com\\\/in\\\/isp-gesti\u00f3n-62652715a\",\"https:\\\/\\\/www.youtube.com\\\/channel\\\/UCkZAs-0NFnSnVrh17SNCARg\"]}]}<\/script>\n<!-- \/ Yoast SEO plugin. -->","yoast_head_json":{"title":"Software de fibra \u00f3tica - Gest\u00e3o de ISP","description":"Suporte de software de fibra \u00f3tica para OLT GPON da Huawei, ZTE e Televes, LT EPON da NuCom","robots":{"index":"index","follow":"follow","max-snippet":"max-snippet:-1","max-image-preview":"max-image-preview:large","max-video-preview":"max-video-preview:-1"},"canonical":"https:\/\/ispgestion.com\/pt\/redes-isp\/aprovisionamiento-fibra-optica\/","og_locale":"pt_PT","og_type":"article","og_title":"Software para de fibra \u00f3ptica - ISP Gesti\u00f3n","og_description":"Software de fibra \u00f3ptica compatibilidad con OLT\u2019s GPON de Huawei, ZTE y Telev\u00e9s, LT EPON de NuCom","og_url":"https:\/\/ispgestion.com\/pt\/redes-isp\/aprovisionamiento-fibra-optica\/","og_site_name":"ISP Gesti\u00f3n","article_publisher":"https:\/\/www.facebook.com\/ispgestion\/","article_modified_time":"2023-01-09T11:55:24+00:00","og_image":[{"url":"https:\/\/ispgestion.com\/wp-content\/uploads\/2021\/04\/FIBRA-1024x553.jpg","type":"","width":"","height":""}],"twitter_card":"summary_large_image","twitter_misc":{"Tempo estimado de leitura":"1 minuto"},"schema":{"@context":"https:\/\/schema.org","@graph":[{"@type":"WebPage","@id":"https:\/\/ispgestion.com\/redes-isp\/aprovisionamiento-fibra-optica\/","url":"https:\/\/ispgestion.com\/redes-isp\/aprovisionamiento-fibra-optica\/","name":"Software de fibra \u00f3tica - Gest\u00e3o de ISP","isPartOf":{"@id":"https:\/\/ispgestion.com\/#website"},"primaryImageOfPage":{"@id":"https:\/\/ispgestion.com\/redes-isp\/aprovisionamiento-fibra-optica\/#primaryimage"},"image":{"@id":"https:\/\/ispgestion.com\/redes-isp\/aprovisionamiento-fibra-optica\/#primaryimage"},"thumbnailUrl":"https:\/\/ispgestion.com\/wp-content\/uploads\/2021\/04\/FIBRA-1024x553.jpg","datePublished":"2021-04-29T13:24:08+00:00","dateModified":"2023-01-09T11:55:24+00:00","description":"Suporte de software de fibra \u00f3tica para OLT GPON da Huawei, ZTE e Televes, LT EPON da NuCom","breadcrumb":{"@id":"https:\/\/ispgestion.com\/redes-isp\/aprovisionamiento-fibra-optica\/#breadcrumb"},"inLanguage":"pt-PT","potentialAction":[{"@type":"ReadAction","target":["https:\/\/ispgestion.com\/redes-isp\/aprovisionamiento-fibra-optica\/"]}]},{"@type":"ImageObject","inLanguage":"pt-PT","@id":"https:\/\/ispgestion.com\/redes-isp\/aprovisionamiento-fibra-optica\/#primaryimage","url":"https:\/\/ispgestion.com\/wp-content\/uploads\/2021\/04\/FIBRA-1024x553.jpg","contentUrl":"https:\/\/ispgestion.com\/wp-content\/uploads\/2021\/04\/FIBRA-1024x553.jpg"},{"@type":"BreadcrumbList","@id":"https:\/\/ispgestion.com\/redes-isp\/aprovisionamiento-fibra-optica\/#breadcrumb","itemListElement":[{"@type":"ListItem","position":1,"name":"Portada","item":"https:\/\/ispgestion.com\/"},{"@type":"ListItem","position":2,"name":"Redes ISP","item":"https:\/\/ispgestion.com\/redes-isp\/"},{"@type":"ListItem","position":3,"name":"Fibra \u00d3ptica"}]},{"@type":"WebSite","@id":"https:\/\/ispgestion.com\/#website","url":"https:\/\/ispgestion.com\/","name":"ISP Gesti\u00f3n","description":"Software em Nuvem para ISP - Software ERP","publisher":{"@id":"https:\/\/ispgestion.com\/#organization"},"potentialAction":[{"@type":"SearchAction","target":{"@type":"EntryPoint","urlTemplate":"https:\/\/ispgestion.com\/?s={search_term_string}"},"query-input":{"@type":"PropertyValueSpecification","valueRequired":true,"valueName":"search_term_string"}}],"inLanguage":"pt-PT"},{"@type":"Organization","@id":"https:\/\/ispgestion.com\/#organization","name":"ISP Gesti\u00f3n","url":"https:\/\/ispgestion.com\/","logo":{"@type":"ImageObject","inLanguage":"pt-PT","@id":"https:\/\/ispgestion.com\/#\/schema\/logo\/image\/","url":"https:\/\/ispgestion.com\/wp-content\/uploads\/2020\/04\/cropped-logo-isp-1-1.png","contentUrl":"https:\/\/ispgestion.com\/wp-content\/uploads\/2020\/04\/cropped-logo-isp-1-1.png","width":245,"height":250,"caption":"ISP Gesti\u00f3n"},"image":{"@id":"https:\/\/ispgestion.com\/#\/schema\/logo\/image\/"},"sameAs":["https:\/\/www.facebook.com\/ispgestion\/","https:\/\/es.linkedin.com\/in\/isp-gesti\u00f3n-62652715a","https:\/\/www.youtube.com\/channel\/UCkZAs-0NFnSnVrh17SNCARg"]}]}},"_links":{"self":[{"href":"https:\/\/ispgestion.com\/pt\/wp-json\/wp\/v2\/pages\/2039","targetHints":{"allow":["GET"]}}],"collection":[{"href":"https:\/\/ispgestion.com\/pt\/wp-json\/wp\/v2\/pages"}],"about":[{"href":"https:\/\/ispgestion.com\/pt\/wp-json\/wp\/v2\/types\/page"}],"author":[{"embeddable":true,"href":"https:\/\/ispgestion.com\/pt\/wp-json\/wp\/v2\/users\/3"}],"replies":[{"embeddable":true,"href":"https:\/\/ispgestion.com\/pt\/wp-json\/wp\/v2\/comments?post=2039"}],"version-history":[{"count":35,"href":"https:\/\/ispgestion.com\/pt\/wp-json\/wp\/v2\/pages\/2039\/revisions"}],"predecessor-version":[{"id":6383,"href":"https:\/\/ispgestion.com\/pt\/wp-json\/wp\/v2\/pages\/2039\/revisions\/6383"}],"up":[{"embeddable":true,"href":"https:\/\/ispgestion.com\/pt\/wp-json\/wp\/v2\/pages\/1975"}],"wp:attachment":[{"href":"https:\/\/ispgestion.com\/pt\/wp-json\/wp\/v2\/media?parent=2039"}],"curies":[{"name":"wp","href":"https:\/\/api.w.org\/{rel}","templated":true}]}}