{"id":2000,"date":"2021-04-29T14:22:57","date_gmt":"2021-04-29T12:22:57","guid":{"rendered":"https:\/\/ispgestion.com\/?page_id=2000"},"modified":"2024-05-17T11:56:05","modified_gmt":"2024-05-17T09:56:05","slug":"redes-isp-routers-mikrotik","status":"publish","type":"page","link":"https:\/\/ispgestion.com\/pt\/redes-isp\/redes-isp-routers-mikrotik\/","title":{"rendered":"Redes ISP Roteadores MikroTik"},"content":{"rendered":"<div data-elementor-type=\"wp-page\" data-elementor-id=\"2000\" class=\"elementor elementor-2000\">\n\t\t\t\t\t\t<section class=\"elementor-section elementor-top-section elementor-element elementor-element-88a59de elementor-section-boxed elementor-section-height-default elementor-section-height-default wpr-particle-no wpr-jarallax-no wpr-parallax-no wpr-sticky-section-no wpr-equal-height-no\" data-id=\"88a59de\" data-element_type=\"section\" data-e-type=\"section\">\n\t\t\t\t\t\t<div class=\"elementor-container elementor-column-gap-default\">\n\t\t\t\t\t<div class=\"elementor-column elementor-col-100 elementor-top-column elementor-element elementor-element-136ed46\" data-id=\"136ed46\" data-element_type=\"column\" data-e-type=\"column\">\n\t\t\t<div class=\"elementor-widget-wrap elementor-element-populated\">\n\t\t\t\t\t\t<div class=\"elementor-element elementor-element-bf57248 elementor-widget elementor-widget-heading\" data-id=\"bf57248\" data-element_type=\"widget\" data-e-type=\"widget\" data-widget_type=\"heading.default\">\n\t\t\t\t<div class=\"elementor-widget-container\">\n\t\t\t\t\t<h2 class=\"elementor-heading-title elementor-size-default\">ROTEADORES MIKROTIK<\/h2>\t\t\t\t<\/div>\n\t\t\t\t<\/div>\n\t\t\t\t\t<\/div>\n\t\t<\/div>\n\t\t\t\t\t<\/div>\n\t\t<\/section>\n\t\t\t\t<section class=\"elementor-section elementor-top-section elementor-element elementor-element-fa9a01d elementor-section-boxed elementor-section-height-default elementor-section-height-default wpr-particle-no wpr-jarallax-no wpr-parallax-no wpr-sticky-section-no wpr-equal-height-no\" data-id=\"fa9a01d\" data-element_type=\"section\" data-e-type=\"section\">\n\t\t\t\t\t\t<div class=\"elementor-container elementor-column-gap-default\">\n\t\t\t\t\t<div class=\"elementor-column elementor-col-100 elementor-top-column elementor-element elementor-element-6dcbded\" data-id=\"6dcbded\" data-element_type=\"column\" data-e-type=\"column\">\n\t\t\t<div class=\"elementor-widget-wrap elementor-element-populated\">\n\t\t\t\t\t\t<div class=\"elementor-element elementor-element-7e25dad elementor-widget elementor-widget-text-editor\" data-id=\"7e25dad\" data-element_type=\"widget\" data-e-type=\"widget\" data-widget_type=\"text-editor.default\">\n\t\t\t\t<div class=\"elementor-widget-container\">\n\t\t\t\t\t\t\t\t\t<p>\u00a0<\/p><p>Os roteadores Mikrotik usam o sistema operacional RouterOS, que inclui v\u00e1rias fun\u00e7\u00f5es para fornecer acesso \u00e0 Internet e outros servi\u00e7os de rede aos usu\u00e1rios finais. Esses roteadores podem ser usados em diferentes tipos de redes, como redes locais (LAN ou WLAN), redes de longa dist\u00e2ncia (WAN) ou redes m\u00f3veis.<\/p><p>Al\u00e9m disso, caracterizam-se pela sua flexibilidade e capacidade de adapta\u00e7\u00e3o a diferentes ambientes de rede, gra\u00e7as ao facto de oferecerem um grande n\u00famero de op\u00e7\u00f5es de configura\u00e7\u00e3o e ferramentas de gest\u00e3o. Esses roteadores costumam ter uma ampla variedade de interfaces de rede e op\u00e7\u00f5es de conectividade, tornando-os adequados para diferentes tipos de redes e aplicativos.<\/p>\t\t\t\t\t\t\t\t<\/div>\n\t\t\t\t<\/div>\n\t\t\t\t<div class=\"elementor-element elementor-element-a35ba85 elementor-widget elementor-widget-heading\" data-id=\"a35ba85\" data-element_type=\"widget\" data-e-type=\"widget\" data-widget_type=\"heading.default\">\n\t\t\t\t<div class=\"elementor-widget-container\">\n\t\t\t\t\t<h2 class=\"elementor-heading-title elementor-size-default\">GERENCIAMENTO DE CLIENTES DO ROTEADOR MIKROTIK<\/h2>\t\t\t\t<\/div>\n\t\t\t\t<\/div>\n\t\t\t\t\t<\/div>\n\t\t<\/div>\n\t\t\t\t\t<\/div>\n\t\t<\/section>\n\t\t\t\t<section class=\"elementor-section elementor-top-section elementor-element elementor-element-e9ca425 elementor-section-boxed elementor-section-height-default elementor-section-height-default wpr-particle-no wpr-jarallax-no wpr-parallax-no wpr-sticky-section-no wpr-equal-height-no\" data-id=\"e9ca425\" data-element_type=\"section\" data-e-type=\"section\">\n\t\t\t\t\t\t<div class=\"elementor-container elementor-column-gap-default\">\n\t\t\t\t\t<div class=\"elementor-column elementor-col-33 elementor-top-column elementor-element elementor-element-37e7fa0\" data-id=\"37e7fa0\" data-element_type=\"column\" data-e-type=\"column\" data-settings=\"{&quot;background_background&quot;:&quot;classic&quot;}\">\n\t\t\t<div class=\"elementor-widget-wrap elementor-element-populated\">\n\t\t\t\t\t\t<div class=\"elementor-element elementor-element-d6e462e elementor-widget elementor-widget-text-editor\" data-id=\"d6e462e\" data-element_type=\"widget\" data-e-type=\"widget\" data-widget_type=\"text-editor.default\">\n\t\t\t\t<div class=\"elementor-widget-container\">\n\t\t\t\t\t\t\t\t\t<p>Adicione roteadores de gerenciamento ilimitados \u00e0 sua rede e obtenha informa\u00e7\u00f5es valiosas rapidamente sobre o status e o desempenho de seus dispositivos.<\/p><ul><li>Monitore todos os dispositivos ativos\/inativos em sua rede.<\/li><li>Acesso individual e gerenciamento de cada roteador do ISP Management.<\/li><li>Gr\u00e1ficos e informa\u00e7\u00f5es em tempo real sobre o estado do seu equipamento.<\/li><li>Definir alertas.\u00a0<\/li><\/ul>\t\t\t\t\t\t\t\t<\/div>\n\t\t\t\t<\/div>\n\t\t\t\t\t<\/div>\n\t\t<\/div>\n\t\t\t\t<div class=\"elementor-column elementor-col-66 elementor-top-column elementor-element elementor-element-75e0668\" data-id=\"75e0668\" data-element_type=\"column\" data-e-type=\"column\" data-settings=\"{&quot;background_background&quot;:&quot;classic&quot;}\">\n\t\t\t<div class=\"elementor-widget-wrap elementor-element-populated\">\n\t\t\t\t\t\t<div class=\"elementor-element elementor-element-919557f elementor-widget elementor-widget-image\" data-id=\"919557f\" data-element_type=\"widget\" data-e-type=\"widget\" data-widget_type=\"image.default\">\n\t\t\t\t<div class=\"elementor-widget-container\">\n\t\t\t\t\t\t\t\t\t\t\t\t\t\t\t\t<a href=\"https:\/\/ispgestion.com\/wp-content\/uploads\/2021\/04\/radius.jpg\" data-elementor-open-lightbox=\"yes\" data-elementor-lightbox-title=\"radius\" data-e-action-hash=\"#elementor-action%3Aaction%3Dlightbox%26settings%3DeyJpZCI6MjAzNSwidXJsIjoiaHR0cHM6XC9cL2lzcGdlc3Rpb24uY29tXC93cC1jb250ZW50XC91cGxvYWRzXC8yMDIxXC8wNFwvcmFkaXVzLmpwZyJ9\">\n\t\t\t\t\t\t\t<img fetchpriority=\"high\" decoding=\"async\" width=\"1024\" height=\"425\" src=\"https:\/\/ispgestion.com\/wp-content\/uploads\/2021\/04\/radius-1024x425.jpg\" class=\"attachment-large size-large wp-image-2035\" alt=\"\" srcset=\"https:\/\/ispgestion.com\/wp-content\/uploads\/2021\/04\/radius-1024x425.jpg 1024w, https:\/\/ispgestion.com\/wp-content\/uploads\/2021\/04\/radius-600x249.jpg 600w, https:\/\/ispgestion.com\/wp-content\/uploads\/2021\/04\/radius-300x125.jpg 300w, https:\/\/ispgestion.com\/wp-content\/uploads\/2021\/04\/radius-768x319.jpg 768w, https:\/\/ispgestion.com\/wp-content\/uploads\/2021\/04\/radius-1536x638.jpg 1536w, https:\/\/ispgestion.com\/wp-content\/uploads\/2021\/04\/radius-16x7.jpg 16w, https:\/\/ispgestion.com\/wp-content\/uploads\/2021\/04\/radius.jpg 1561w\" sizes=\"(max-width: 1024px) 100vw, 1024px\" \/>\t\t\t\t\t\t\t\t<\/a>\n\t\t\t\t\t\t\t\t\t\t\t\t\t\t\t<\/div>\n\t\t\t\t<\/div>\n\t\t\t\t<div class=\"elementor-element elementor-element-b5632eb elementor-widget elementor-widget-image\" data-id=\"b5632eb\" data-element_type=\"widget\" data-e-type=\"widget\" data-widget_type=\"image.default\">\n\t\t\t\t<div class=\"elementor-widget-container\">\n\t\t\t\t\t\t\t\t\t\t\t\t\t\t\t<img decoding=\"async\" width=\"500\" height=\"86\" src=\"https:\/\/ispgestion.com\/wp-content\/uploads\/2024\/05\/MikroTik_Logo_2022-500.png\" class=\"attachment-large size-large wp-image-8583\" alt=\"\" srcset=\"https:\/\/ispgestion.com\/wp-content\/uploads\/2024\/05\/MikroTik_Logo_2022-500.png 500w, https:\/\/ispgestion.com\/wp-content\/uploads\/2024\/05\/MikroTik_Logo_2022-500-300x52.png 300w, https:\/\/ispgestion.com\/wp-content\/uploads\/2024\/05\/MikroTik_Logo_2022-500-18x3.png 18w\" sizes=\"(max-width: 500px) 100vw, 500px\" \/>\t\t\t\t\t\t\t\t\t\t\t\t\t\t\t<\/div>\n\t\t\t\t<\/div>\n\t\t\t\t\t<\/div>\n\t\t<\/div>\n\t\t\t\t\t<\/div>\n\t\t<\/section>\n\t\t\t\t<section class=\"elementor-section elementor-top-section elementor-element elementor-element-12a7dba elementor-section-boxed elementor-section-height-default elementor-section-height-default wpr-particle-no wpr-jarallax-no wpr-parallax-no wpr-sticky-section-no wpr-equal-height-no\" data-id=\"12a7dba\" data-element_type=\"section\" data-e-type=\"section\">\n\t\t\t\t\t\t<div class=\"elementor-container elementor-column-gap-default\">\n\t\t\t\t\t<div class=\"elementor-column elementor-col-100 elementor-top-column elementor-element elementor-element-f88e925\" data-id=\"f88e925\" data-element_type=\"column\" data-e-type=\"column\">\n\t\t\t<div class=\"elementor-widget-wrap elementor-element-populated\">\n\t\t\t\t\t\t<div class=\"elementor-element elementor-element-5aa3787 elementor-widget-divider--view-line elementor-widget elementor-widget-divider\" data-id=\"5aa3787\" data-element_type=\"widget\" data-e-type=\"widget\" data-widget_type=\"divider.default\">\n\t\t\t\t<div class=\"elementor-widget-container\">\n\t\t\t\t\t\t\t<div class=\"elementor-divider\">\n\t\t\t<span class=\"elementor-divider-separator\">\n\t\t\t\t\t\t<\/span>\n\t\t<\/div>\n\t\t\t\t\t\t<\/div>\n\t\t\t\t<\/div>\n\t\t\t\t\t<\/div>\n\t\t<\/div>\n\t\t\t\t\t<\/div>\n\t\t<\/section>\n\t\t\t\t<\/div>","protected":false},"excerpt":{"rendered":"<p>ROTEADORES MIKROTIK Os roteadores Mikrotik usam o sistema operacional RouterOS, que inclui v\u00e1rios recursos para fornecer acesso \u00e0 Internet e outros servi\u00e7os de rede aos usu\u00e1rios finais. Esses roteadores podem ser usados em diferentes tipos de redes, como redes locais (LAN ou WLAN), redes de longa dist\u00e2ncia (WAN) ou redes m\u00f3veis. Al\u00e9m disso, caracterizam-se pela flexibilidade e capacidade de adapta\u00e7\u00e3o a diferentes ambientes de rede, gra\u00e7as ao facto de oferecerem um grande n\u00famero de op\u00e7\u00f5es de configura\u00e7\u00e3o e ferramentas de gest\u00e3o. Esses roteadores normalmente apresentam uma ampla variedade de interfaces de rede e op\u00e7\u00f5es de conectividade, tornando-os adequados para diferentes tipos de redes e aplica\u00e7\u00f5es. ROTEADORES MIKROTIK DE GERENCIAMENTO DE CLIENTES Adicione roteadores de gerenciamento ilimitados \u00e0 sua rede e obtenha rapidamente informa\u00e7\u00f5es valiosas sobre o status e o desempenho de seus dispositivos. Monitore todos os dispositivos ativos\/inativos em sua rede. Acesso e gerenciamento individual de cada roteador do ISP Management. Gr\u00e1ficos em tempo real e informa\u00e7\u00f5es sobre o estado do seu equipamento. Configure alertas.\u00a0<\/p>","protected":false},"author":3,"featured_media":0,"parent":1975,"menu_order":10,"comment_status":"closed","ping_status":"closed","template":"","meta":{"neve_meta_sidebar":"full-width","neve_meta_container":"","neve_meta_enable_content_width":"on","neve_meta_content_width":100,"neve_meta_title_alignment":"","neve_meta_author_avatar":"","neve_post_elements_order":"","neve_meta_disable_header":"","neve_meta_disable_footer":"","neve_meta_disable_title":"on","footnotes":""},"class_list":["post-2000","page","type-page","status-publish","hentry"],"yoast_head":"<!-- This site is optimized with the Yoast SEO plugin v27.3 - https:\/\/yoast.com\/product\/yoast-seo-wordpress\/ -->\n<title>Redes ISP Routers MikroTik -<\/title>\n<meta name=\"description\" content=\"Redes ISP. Routers mikrotik. Software para ISP. Gestion tecnica ISP. ISP provider. Aministrador de red. Redes ISP\" \/>\n<meta name=\"robots\" content=\"index, follow, max-snippet:-1, max-image-preview:large, max-video-preview:-1\" \/>\n<link rel=\"canonical\" href=\"https:\/\/ispgestion.com\/pt\/redes-isp\/redes-isp-routers-mikrotik\/\" \/>\n<meta property=\"og:locale\" content=\"pt_PT\" \/>\n<meta property=\"og:type\" content=\"article\" \/>\n<meta property=\"og:title\" content=\"Redes ISP Routers MikroTik -\" \/>\n<meta property=\"og:description\" content=\"Redes ISP. Routers mikrotik. Software para ISP. Gestion tecnica ISP. ISP provider. Aministrador de red. Redes ISP\" \/>\n<meta property=\"og:url\" content=\"https:\/\/ispgestion.com\/pt\/redes-isp\/redes-isp-routers-mikrotik\/\" \/>\n<meta property=\"og:site_name\" content=\"ISP Gesti\u00f3n\" \/>\n<meta property=\"article:publisher\" content=\"https:\/\/www.facebook.com\/ispgestion\/\" \/>\n<meta property=\"article:modified_time\" content=\"2024-05-17T09:56:05+00:00\" \/>\n<meta property=\"og:image\" content=\"https:\/\/ispgestion.com\/wp-content\/uploads\/2021\/04\/radius-1024x425.jpg\" \/>\n<meta name=\"twitter:card\" content=\"summary_large_image\" \/>\n<meta name=\"twitter:label1\" content=\"Tempo estimado de leitura\" \/>\n\t<meta name=\"twitter:data1\" content=\"1 minuto\" \/>\n<script type=\"application\/ld+json\" class=\"yoast-schema-graph\">{\"@context\":\"https:\\\/\\\/schema.org\",\"@graph\":[{\"@type\":\"WebPage\",\"@id\":\"https:\\\/\\\/ispgestion.com\\\/redes-isp\\\/redes-isp-routers-mikrotik\\\/\",\"url\":\"https:\\\/\\\/ispgestion.com\\\/redes-isp\\\/redes-isp-routers-mikrotik\\\/\",\"name\":\"Redes ISP Routers MikroTik -\",\"isPartOf\":{\"@id\":\"https:\\\/\\\/ispgestion.com\\\/#website\"},\"primaryImageOfPage\":{\"@id\":\"https:\\\/\\\/ispgestion.com\\\/redes-isp\\\/redes-isp-routers-mikrotik\\\/#primaryimage\"},\"image\":{\"@id\":\"https:\\\/\\\/ispgestion.com\\\/redes-isp\\\/redes-isp-routers-mikrotik\\\/#primaryimage\"},\"thumbnailUrl\":\"https:\\\/\\\/ispgestion.com\\\/wp-content\\\/uploads\\\/2021\\\/04\\\/radius-1024x425.jpg\",\"datePublished\":\"2021-04-29T12:22:57+00:00\",\"dateModified\":\"2024-05-17T09:56:05+00:00\",\"description\":\"Redes ISP. Routers mikrotik. Software para ISP. Gestion tecnica ISP. ISP provider. Aministrador de red. Redes ISP\",\"breadcrumb\":{\"@id\":\"https:\\\/\\\/ispgestion.com\\\/redes-isp\\\/redes-isp-routers-mikrotik\\\/#breadcrumb\"},\"inLanguage\":\"pt-PT\",\"potentialAction\":[{\"@type\":\"ReadAction\",\"target\":[\"https:\\\/\\\/ispgestion.com\\\/redes-isp\\\/redes-isp-routers-mikrotik\\\/\"]}]},{\"@type\":\"ImageObject\",\"inLanguage\":\"pt-PT\",\"@id\":\"https:\\\/\\\/ispgestion.com\\\/redes-isp\\\/redes-isp-routers-mikrotik\\\/#primaryimage\",\"url\":\"https:\\\/\\\/ispgestion.com\\\/wp-content\\\/uploads\\\/2021\\\/04\\\/radius-1024x425.jpg\",\"contentUrl\":\"https:\\\/\\\/ispgestion.com\\\/wp-content\\\/uploads\\\/2021\\\/04\\\/radius-1024x425.jpg\"},{\"@type\":\"BreadcrumbList\",\"@id\":\"https:\\\/\\\/ispgestion.com\\\/redes-isp\\\/redes-isp-routers-mikrotik\\\/#breadcrumb\",\"itemListElement\":[{\"@type\":\"ListItem\",\"position\":1,\"name\":\"Portada\",\"item\":\"https:\\\/\\\/ispgestion.com\\\/\"},{\"@type\":\"ListItem\",\"position\":2,\"name\":\"Redes ISP\",\"item\":\"https:\\\/\\\/ispgestion.com\\\/redes-isp\\\/\"},{\"@type\":\"ListItem\",\"position\":3,\"name\":\"Redes ISP Routers MikroTik\"}]},{\"@type\":\"WebSite\",\"@id\":\"https:\\\/\\\/ispgestion.com\\\/#website\",\"url\":\"https:\\\/\\\/ispgestion.com\\\/\",\"name\":\"ISP Gesti\u00f3n\",\"description\":\"Software en la nube para ISP - Sotware ERP\",\"publisher\":{\"@id\":\"https:\\\/\\\/ispgestion.com\\\/#organization\"},\"potentialAction\":[{\"@type\":\"SearchAction\",\"target\":{\"@type\":\"EntryPoint\",\"urlTemplate\":\"https:\\\/\\\/ispgestion.com\\\/?s={search_term_string}\"},\"query-input\":{\"@type\":\"PropertyValueSpecification\",\"valueRequired\":true,\"valueName\":\"search_term_string\"}}],\"inLanguage\":\"pt-PT\"},{\"@type\":\"Organization\",\"@id\":\"https:\\\/\\\/ispgestion.com\\\/#organization\",\"name\":\"ISP Gesti\u00f3n\",\"url\":\"https:\\\/\\\/ispgestion.com\\\/\",\"logo\":{\"@type\":\"ImageObject\",\"inLanguage\":\"pt-PT\",\"@id\":\"https:\\\/\\\/ispgestion.com\\\/#\\\/schema\\\/logo\\\/image\\\/\",\"url\":\"https:\\\/\\\/ispgestion.com\\\/wp-content\\\/uploads\\\/2020\\\/04\\\/cropped-logo-isp-1-1.png\",\"contentUrl\":\"https:\\\/\\\/ispgestion.com\\\/wp-content\\\/uploads\\\/2020\\\/04\\\/cropped-logo-isp-1-1.png\",\"width\":245,\"height\":250,\"caption\":\"ISP Gesti\u00f3n\"},\"image\":{\"@id\":\"https:\\\/\\\/ispgestion.com\\\/#\\\/schema\\\/logo\\\/image\\\/\"},\"sameAs\":[\"https:\\\/\\\/www.facebook.com\\\/ispgestion\\\/\",\"https:\\\/\\\/es.linkedin.com\\\/in\\\/isp-gesti\u00f3n-62652715a\",\"https:\\\/\\\/www.youtube.com\\\/channel\\\/UCkZAs-0NFnSnVrh17SNCARg\"]}]}<\/script>\n<!-- \/ Yoast SEO plugin. -->","yoast_head_json":{"title":"ISP Networks Routers MikroTik -","description":"Redes ISP. Routers Mikrotik. Software para ISP. Gest\u00e3o t\u00e9cnica de ISP. Fornecedor de ISP. Administrador de redes. Redes ISP","robots":{"index":"index","follow":"follow","max-snippet":"max-snippet:-1","max-image-preview":"max-image-preview:large","max-video-preview":"max-video-preview:-1"},"canonical":"https:\/\/ispgestion.com\/pt\/redes-isp\/redes-isp-routers-mikrotik\/","og_locale":"pt_PT","og_type":"article","og_title":"Redes ISP Routers MikroTik -","og_description":"Redes ISP. Routers mikrotik. Software para ISP. Gestion tecnica ISP. ISP provider. Aministrador de red. Redes ISP","og_url":"https:\/\/ispgestion.com\/pt\/redes-isp\/redes-isp-routers-mikrotik\/","og_site_name":"ISP Gesti\u00f3n","article_publisher":"https:\/\/www.facebook.com\/ispgestion\/","article_modified_time":"2024-05-17T09:56:05+00:00","og_image":[{"url":"https:\/\/ispgestion.com\/wp-content\/uploads\/2021\/04\/radius-1024x425.jpg","type":"","width":"","height":""}],"twitter_card":"summary_large_image","twitter_misc":{"Tempo estimado de leitura":"1 minuto"},"schema":{"@context":"https:\/\/schema.org","@graph":[{"@type":"WebPage","@id":"https:\/\/ispgestion.com\/redes-isp\/redes-isp-routers-mikrotik\/","url":"https:\/\/ispgestion.com\/redes-isp\/redes-isp-routers-mikrotik\/","name":"ISP Networks Routers MikroTik -","isPartOf":{"@id":"https:\/\/ispgestion.com\/#website"},"primaryImageOfPage":{"@id":"https:\/\/ispgestion.com\/redes-isp\/redes-isp-routers-mikrotik\/#primaryimage"},"image":{"@id":"https:\/\/ispgestion.com\/redes-isp\/redes-isp-routers-mikrotik\/#primaryimage"},"thumbnailUrl":"https:\/\/ispgestion.com\/wp-content\/uploads\/2021\/04\/radius-1024x425.jpg","datePublished":"2021-04-29T12:22:57+00:00","dateModified":"2024-05-17T09:56:05+00:00","description":"Redes ISP. Routers Mikrotik. Software para ISP. Gest\u00e3o t\u00e9cnica de ISP. Fornecedor de ISP. Administrador de redes. Redes ISP","breadcrumb":{"@id":"https:\/\/ispgestion.com\/redes-isp\/redes-isp-routers-mikrotik\/#breadcrumb"},"inLanguage":"pt-PT","potentialAction":[{"@type":"ReadAction","target":["https:\/\/ispgestion.com\/redes-isp\/redes-isp-routers-mikrotik\/"]}]},{"@type":"ImageObject","inLanguage":"pt-PT","@id":"https:\/\/ispgestion.com\/redes-isp\/redes-isp-routers-mikrotik\/#primaryimage","url":"https:\/\/ispgestion.com\/wp-content\/uploads\/2021\/04\/radius-1024x425.jpg","contentUrl":"https:\/\/ispgestion.com\/wp-content\/uploads\/2021\/04\/radius-1024x425.jpg"},{"@type":"BreadcrumbList","@id":"https:\/\/ispgestion.com\/redes-isp\/redes-isp-routers-mikrotik\/#breadcrumb","itemListElement":[{"@type":"ListItem","position":1,"name":"Portada","item":"https:\/\/ispgestion.com\/"},{"@type":"ListItem","position":2,"name":"Redes ISP","item":"https:\/\/ispgestion.com\/redes-isp\/"},{"@type":"ListItem","position":3,"name":"Redes ISP Routers MikroTik"}]},{"@type":"WebSite","@id":"https:\/\/ispgestion.com\/#website","url":"https:\/\/ispgestion.com\/","name":"ISP Gesti\u00f3n","description":"Software em Nuvem para ISP - Software ERP","publisher":{"@id":"https:\/\/ispgestion.com\/#organization"},"potentialAction":[{"@type":"SearchAction","target":{"@type":"EntryPoint","urlTemplate":"https:\/\/ispgestion.com\/?s={search_term_string}"},"query-input":{"@type":"PropertyValueSpecification","valueRequired":true,"valueName":"search_term_string"}}],"inLanguage":"pt-PT"},{"@type":"Organization","@id":"https:\/\/ispgestion.com\/#organization","name":"ISP Gesti\u00f3n","url":"https:\/\/ispgestion.com\/","logo":{"@type":"ImageObject","inLanguage":"pt-PT","@id":"https:\/\/ispgestion.com\/#\/schema\/logo\/image\/","url":"https:\/\/ispgestion.com\/wp-content\/uploads\/2020\/04\/cropped-logo-isp-1-1.png","contentUrl":"https:\/\/ispgestion.com\/wp-content\/uploads\/2020\/04\/cropped-logo-isp-1-1.png","width":245,"height":250,"caption":"ISP Gesti\u00f3n"},"image":{"@id":"https:\/\/ispgestion.com\/#\/schema\/logo\/image\/"},"sameAs":["https:\/\/www.facebook.com\/ispgestion\/","https:\/\/es.linkedin.com\/in\/isp-gesti\u00f3n-62652715a","https:\/\/www.youtube.com\/channel\/UCkZAs-0NFnSnVrh17SNCARg"]}]}},"_links":{"self":[{"href":"https:\/\/ispgestion.com\/pt\/wp-json\/wp\/v2\/pages\/2000","targetHints":{"allow":["GET"]}}],"collection":[{"href":"https:\/\/ispgestion.com\/pt\/wp-json\/wp\/v2\/pages"}],"about":[{"href":"https:\/\/ispgestion.com\/pt\/wp-json\/wp\/v2\/types\/page"}],"author":[{"embeddable":true,"href":"https:\/\/ispgestion.com\/pt\/wp-json\/wp\/v2\/users\/3"}],"replies":[{"embeddable":true,"href":"https:\/\/ispgestion.com\/pt\/wp-json\/wp\/v2\/comments?post=2000"}],"version-history":[{"count":43,"href":"https:\/\/ispgestion.com\/pt\/wp-json\/wp\/v2\/pages\/2000\/revisions"}],"predecessor-version":[{"id":8586,"href":"https:\/\/ispgestion.com\/pt\/wp-json\/wp\/v2\/pages\/2000\/revisions\/8586"}],"up":[{"embeddable":true,"href":"https:\/\/ispgestion.com\/pt\/wp-json\/wp\/v2\/pages\/1975"}],"wp:attachment":[{"href":"https:\/\/ispgestion.com\/pt\/wp-json\/wp\/v2\/media?parent=2000"}],"curies":[{"name":"wp","href":"https:\/\/api.w.org\/{rel}","templated":true}]}}