{"id":7659,"date":"2023-07-14T11:51:25","date_gmt":"2023-07-14T09:51:25","guid":{"rendered":"https:\/\/ispgestion.com\/?page_id=7659"},"modified":"2024-03-19T07:59:49","modified_gmt":"2024-03-19T06:59:49","slug":"alea","status":"publish","type":"page","link":"https:\/\/ispgestion.com\/it\/integraciones-software-isp\/alea\/","title":{"rendered":"Alea"},"content":{"rendered":"<div data-elementor-type=\"wp-page\" data-elementor-id=\"7659\" class=\"elementor elementor-7659\">\n\t\t\t\t\t\t<section class=\"elementor-section elementor-top-section elementor-element elementor-element-6a060c82 elementor-section-stretched elementor-section-content-middle elementor-section-boxed elementor-section-height-default elementor-section-height-default wpr-particle-no wpr-jarallax-no wpr-parallax-no wpr-sticky-section-no wpr-equal-height-no\" data-id=\"6a060c82\" data-element_type=\"section\" data-e-type=\"section\" data-settings=\"{&quot;stretch_section&quot;:&quot;section-stretched&quot;,&quot;background_background&quot;:&quot;gradient&quot;,&quot;shape_divider_bottom&quot;:&quot;pyramids&quot;}\">\n\t\t\t\t\t<div class=\"elementor-shape elementor-shape-bottom\" aria-hidden=\"true\" data-negative=\"false\">\n\t\t\t<svg xmlns=\"http:\/\/www.w3.org\/2000\/svg\" viewbox=\"0 0 1000 100\" preserveaspectratio=\"none\">\n\t<path class=\"elementor-shape-fill\" d=\"M761.9,44.1L643.1,27.2L333.8,98L0,3.8V0l1000,0v3.9\"\/>\n<\/svg>\t\t<\/div>\n\t\t\t\t\t<div class=\"elementor-container elementor-column-gap-default\">\n\t\t\t\t\t<div class=\"elementor-column elementor-col-50 elementor-top-column elementor-element elementor-element-5fa4ac93\" data-id=\"5fa4ac93\" data-element_type=\"column\" data-e-type=\"column\">\n\t\t\t<div class=\"elementor-widget-wrap elementor-element-populated\">\n\t\t\t\t\t\t<div class=\"elementor-element elementor-element-91ed755 elementor-widget elementor-widget-image\" data-id=\"91ed755\" data-element_type=\"widget\" data-e-type=\"widget\" data-widget_type=\"image.default\">\n\t\t\t\t<div class=\"elementor-widget-container\">\n\t\t\t\t\t\t\t\t\t\t\t\t\t\t\t<img decoding=\"async\" width=\"300\" height=\"103\" src=\"https:\/\/ispgestion.com\/wp-content\/uploads\/2023\/09\/aleaSoluciones.jpg\" class=\"attachment-full size-full wp-image-7864\" alt=\"\" srcset=\"https:\/\/ispgestion.com\/wp-content\/uploads\/2023\/09\/aleaSoluciones.jpg 300w, https:\/\/ispgestion.com\/wp-content\/uploads\/2023\/09\/aleaSoluciones-18x6.jpg 18w\" sizes=\"(max-width: 300px) 100vw, 300px\" \/>\t\t\t\t\t\t\t\t\t\t\t\t\t\t\t<\/div>\n\t\t\t\t<\/div>\n\t\t\t\t\t<\/div>\n\t\t<\/div>\n\t\t\t\t<div class=\"elementor-column elementor-col-50 elementor-top-column elementor-element elementor-element-577c189a\" data-id=\"577c189a\" data-element_type=\"column\" data-e-type=\"column\">\n\t\t\t<div class=\"elementor-widget-wrap elementor-element-populated\">\n\t\t\t\t\t\t<div class=\"elementor-element elementor-element-1696bc6f elementor-widget elementor-widget-heading\" data-id=\"1696bc6f\" data-element_type=\"widget\" data-e-type=\"widget\" data-widget_type=\"heading.default\">\n\t\t\t\t<div class=\"elementor-widget-container\">\n\t\t\t\t\t<h1 class=\"elementor-heading-title elementor-size-default\"><a href=\"https:\/\/ispgestion.com\/it\/integraciones-software-isp\/\">INTEGRACIONES<\/a> API ALEA<\/h1>\t\t\t\t<\/div>\n\t\t\t\t<\/div>\n\t\t\t\t<div class=\"elementor-element elementor-element-74a12b6d elementor-widget-divider--separator-type-pattern elementor-widget-divider--view-line elementor-widget elementor-widget-divider\" data-id=\"74a12b6d\" data-element_type=\"widget\" data-e-type=\"widget\" data-widget_type=\"divider.default\">\n\t\t\t\t<div class=\"elementor-widget-container\">\n\t\t\t\t\t\t\t<div class=\"elementor-divider\" style=\"--divider-pattern-url: url(&quot;data:image\/svg+xml,%3Csvg xmlns=&#039;http:\/\/www.w3.org\/2000\/svg&#039; preserveAspectRatio=&#039;none&#039; overflow=&#039;visible&#039; height=&#039;100%&#039; viewBox=&#039;0 0 20 16&#039; fill=&#039;none&#039; stroke=&#039;black&#039; stroke-width=&#039;2&#039; stroke-linecap=&#039;square&#039; stroke-miterlimit=&#039;10&#039;%3E%3Cg transform=&#039;translate(-12.000000, 0)&#039;%3E%3Cpath d=&#039;M28,0L10,18&#039;\/%3E%3Cpath d=&#039;M18,0L0,18&#039;\/%3E%3Cpath d=&#039;M48,0L30,18&#039;\/%3E%3Cpath d=&#039;M38,0L20,18&#039;\/%3E%3C\/g%3E%3C\/svg%3E&quot;);\">\n\t\t\t<span class=\"elementor-divider-separator\">\n\t\t\t\t\t\t<\/span>\n\t\t<\/div>\n\t\t\t\t\t\t<\/div>\n\t\t\t\t<\/div>\n\t\t\t\t<div class=\"elementor-element elementor-element-278e0f0c elementor-widget elementor-widget-text-editor\" data-id=\"278e0f0c\" data-element_type=\"widget\" data-e-type=\"widget\" data-widget_type=\"text-editor.default\">\n\t\t\t\t<div class=\"elementor-widget-container\">\n\t\t\t\t\t\t\t\t\t<p>Alea es una plataforma que ayuda a las empresas a gestionar sus procesos de manera eficiente.<span style=\"background-color: transparent; font-family: var(--bodyfontfamily),var(--nv-fallback-ff); font-size: var(--bodyfontsize); font-weight: var(--bodyfontweight); letter-spacing: var(--bodyletterspacing); text-transform: var(--bodytexttransform);\">\u00a0La integraci\u00f3n de Alea con ISPgesti\u00f3n permite a las empresas gestionar todos sus servicios en un \u00fanico lugar. Esto facilita la gesti\u00f3n de los servicios y ahorra tiempo y dinero a las empresas.<\/span><\/p>\t\t\t\t\t\t\t\t<\/div>\n\t\t\t\t<\/div>\n\t\t\t\t\t<\/div>\n\t\t<\/div>\n\t\t\t\t\t<\/div>\n\t\t<\/section>\n\t\t\t\t<section class=\"elementor-section elementor-top-section elementor-element elementor-element-67e8004 elementor-section-boxed elementor-section-height-default elementor-section-height-default wpr-particle-no wpr-jarallax-no wpr-parallax-no wpr-sticky-section-no wpr-equal-height-no elementor-invisible\" data-id=\"67e8004\" data-element_type=\"section\" data-e-type=\"section\" data-settings=\"{&quot;animation&quot;:&quot;fadeInLeft&quot;}\">\n\t\t\t\t\t\t<div class=\"elementor-container elementor-column-gap-default\">\n\t\t\t\t\t<div class=\"elementor-column elementor-col-50 elementor-top-column elementor-element elementor-element-6523b5b\" data-id=\"6523b5b\" data-element_type=\"column\" data-e-type=\"column\">\n\t\t\t<div class=\"elementor-widget-wrap\">\n\t\t\t\t\t\t\t<\/div>\n\t\t<\/div>\n\t\t\t\t<div class=\"elementor-column elementor-col-50 elementor-top-column elementor-element elementor-element-c303010\" data-id=\"c303010\" data-element_type=\"column\" data-e-type=\"column\">\n\t\t\t<div class=\"elementor-widget-wrap elementor-element-populated\">\n\t\t\t\t\t\t<div class=\"elementor-element elementor-element-e3b27fc elementor-position-inline-end elementor-view-default elementor-mobile-position-block-start elementor-widget elementor-widget-icon-box\" data-id=\"e3b27fc\" data-element_type=\"widget\" data-e-type=\"widget\" data-widget_type=\"icon-box.default\">\n\t\t\t\t<div class=\"elementor-widget-container\">\n\t\t\t\t\t\t\t<div class=\"elementor-icon-box-wrapper\">\n\n\t\t\t\t\t\t<div class=\"elementor-icon-box-icon\">\n\t\t\t\t<span  class=\"elementor-icon\">\n\t\t\t\t<i aria-hidden=\"true\" class=\"fas fa-building\"><\/i>\t\t\t\t<\/span>\n\t\t\t<\/div>\n\t\t\t\n\t\t\t\t\t\t<div class=\"elementor-icon-box-content\">\n\n\t\t\t\t\t\t\t\t\t<h3 class=\"elementor-icon-box-title\">\n\t\t\t\t\t\t<span  >\n\t\t\t\t\t\t\tAlea Felix Golix y Xema\t\t\t\t\t\t<\/span>\n\t\t\t\t\t<\/h3>\n\t\t\t\t\n\t\t\t\t\t\t\t\t\t<p class=\"elementor-icon-box-description\">\n\t\t\t\t\t\tIntegramos con el sistema de aprovisionamiento de fibra creado por Alea.<br> Aprovisionamiento a nivel de Gpon y del resto de configuraci\u00f3n de las ONTs (ACS)\t\t\t\t\t<\/p>\n\t\t\t\t\n\t\t\t<\/div>\n\t\t\t\n\t\t<\/div>\n\t\t\t\t\t\t<\/div>\n\t\t\t\t<\/div>\n\t\t\t\t\t<\/div>\n\t\t<\/div>\n\t\t\t\t\t<\/div>\n\t\t<\/section>\n\t\t\t\t<section class=\"elementor-section elementor-top-section elementor-element elementor-element-2fbdbaa elementor-section-boxed elementor-section-height-default elementor-section-height-default wpr-particle-no wpr-jarallax-no wpr-parallax-no wpr-sticky-section-no wpr-equal-height-no elementor-invisible\" data-id=\"2fbdbaa\" data-element_type=\"section\" data-e-type=\"section\" data-settings=\"{&quot;animation&quot;:&quot;fadeInRight&quot;}\">\n\t\t\t\t\t\t<div class=\"elementor-container elementor-column-gap-default\">\n\t\t\t\t\t<div class=\"elementor-column elementor-col-50 elementor-top-column elementor-element elementor-element-4870ca1\" data-id=\"4870ca1\" data-element_type=\"column\" data-e-type=\"column\">\n\t\t\t<div class=\"elementor-widget-wrap elementor-element-populated\">\n\t\t\t\t\t\t<div class=\"elementor-element elementor-element-3482c7e elementor-position-inline-start elementor-view-default elementor-mobile-position-block-start elementor-widget elementor-widget-icon-box\" data-id=\"3482c7e\" data-element_type=\"widget\" data-e-type=\"widget\" data-widget_type=\"icon-box.default\">\n\t\t\t\t<div class=\"elementor-widget-container\">\n\t\t\t\t\t\t\t<div class=\"elementor-icon-box-wrapper\">\n\n\t\t\t\t\t\t<div class=\"elementor-icon-box-icon\">\n\t\t\t\t<span  class=\"elementor-icon\">\n\t\t\t\t<i aria-hidden=\"true\" class=\"fas fa-cogs\"><\/i>\t\t\t\t<\/span>\n\t\t\t<\/div>\n\t\t\t\n\t\t\t\t\t\t<div class=\"elementor-icon-box-content\">\n\n\t\t\t\t\t\t\t\t\t<h3 class=\"elementor-icon-box-title\">\n\t\t\t\t\t\t<span  >\n\t\t\t\t\t\t\tTECNOLOGIA INTEGRATA\t\t\t\t\t\t<\/span>\n\t\t\t\t\t<\/h3>\n\t\t\t\t\n\t\t\t\t\t\t\t\t\t<p class=\"elementor-icon-box-description\">\n\t\t\t\t\t\t- Funci\u00f3n de consulta de clientes. <br>\n- Funci\u00f3n de obtener datos de un cliente.<br>\n- Funci\u00f3n de actualizar cliente.<br>\n- Funci\u00f3n de eliminar cliente.<br>\n- Funci\u00f3n para la creaci\u00f3n de un nuevo cliente.<br>\n- Funci\u00f3n de listar contratos.<br>\n- Funci\u00f3n de editar estado de un contrato.<br>\n- Funci\u00f3n de eliminar contrato.<br>\n- Funci\u00f3n para asignar un nuevo contrato a un cliente existente.<br>\n- Funci\u00f3n para actualizar contrato.<br>\n\t\t\t\t\t<\/p>\n\t\t\t\t\n\t\t\t<\/div>\n\t\t\t\n\t\t<\/div>\n\t\t\t\t\t\t<\/div>\n\t\t\t\t<\/div>\n\t\t\t\t\t<\/div>\n\t\t<\/div>\n\t\t\t\t<div class=\"elementor-column elementor-col-50 elementor-top-column elementor-element elementor-element-d407fa3\" data-id=\"d407fa3\" data-element_type=\"column\" data-e-type=\"column\">\n\t\t\t<div class=\"elementor-widget-wrap elementor-element-populated\">\n\t\t\t\t\t\t<div class=\"elementor-element elementor-element-2b5eaff elementor-widget elementor-widget-icon-box\" data-id=\"2b5eaff\" data-element_type=\"widget\" data-e-type=\"widget\" data-widget_type=\"icon-box.default\">\n\t\t\t\t<div class=\"elementor-widget-container\">\n\t\t\t\t\t\t\t<div class=\"elementor-icon-box-wrapper\">\n\n\t\t\t\n\t\t\t\t\t\t<div class=\"elementor-icon-box-content\">\n\n\t\t\t\t\n\t\t\t\t\t\t\t\t\t<p class=\"elementor-icon-box-description\">\n\t\t\t\t\t\t<br>\n\n- Funci\u00f3n para listar paquetes.<br>\n- Funci\u00f3n para listar contextos.<br>\n- Funci\u00f3n para listar informaci\u00f3n t\u00e9cnica de un cliente.<br>\n- Funci\u00f3n para resetear ONT Huawei.<br>\n- Funci\u00f3n para resetear ONT Huawei de f\u00e1brica.<br>\n- Funci\u00f3n para Diagn\u00f3stico.<br>\t\t\t\t\t<\/p>\n\t\t\t\t\n\t\t\t<\/div>\n\t\t\t\n\t\t<\/div>\n\t\t\t\t\t\t<\/div>\n\t\t\t\t<\/div>\n\t\t\t\t\t<\/div>\n\t\t<\/div>\n\t\t\t\t\t<\/div>\n\t\t<\/section>\n\t\t\t\t<\/div>","protected":false},"excerpt":{"rendered":"<p>INTEGRACIONES API ALEA Alea es una plataforma que ayuda a las empresas a gestionar sus procesos de manera eficiente.\u00a0La integraci\u00f3n de Alea con ISPgesti\u00f3n permite a las empresas gestionar todos sus servicios en un \u00fanico lugar. Esto facilita la gesti\u00f3n de los servicios y ahorra tiempo y dinero a las empresas. Alea Felix Golix y Xema Integramos con el sistema de aprovisionamiento de fibra creado por Alea. Aprovisionamiento a nivel de Gpon y del resto de configuraci\u00f3n de las ONTs (ACS) TECNOLOG\u00cdA INTEGRADA &#8211; Funci\u00f3n de consulta de clientes. &#8211; Funci\u00f3n de obtener datos de un cliente. &#8211; Funci\u00f3n de actualizar cliente. &#8211; Funci\u00f3n de eliminar cliente. &#8211; Funci\u00f3n para la creaci\u00f3n de un nuevo cliente. &#8211; Funci\u00f3n de listar contratos. &#8211; Funci\u00f3n de editar estado de un contrato. &#8211; Funci\u00f3n de eliminar contrato. &#8211; Funci\u00f3n para asignar un nuevo contrato a un cliente existente. &#8211; Funci\u00f3n para actualizar contrato. &#8211; Funci\u00f3n para listar paquetes. &#8211; Funci\u00f3n para listar contextos. &#8211; Funci\u00f3n para listar informaci\u00f3n t\u00e9cnica de un cliente. &#8211; Funci\u00f3n para resetear ONT Huawei. &#8211; Funci\u00f3n para resetear ONT Huawei de f\u00e1brica. &#8211; Funci\u00f3n para Diagn\u00f3stico.<\/p>","protected":false},"author":1,"featured_media":0,"parent":6371,"menu_order":10,"comment_status":"closed","ping_status":"closed","template":"page-templates\/template-pagebuilder-full-width.php","meta":{"neve_meta_sidebar":"full-width","neve_meta_container":"","neve_meta_enable_content_width":"on","neve_meta_content_width":100,"neve_meta_title_alignment":"","neve_meta_author_avatar":"","neve_post_elements_order":"","neve_meta_disable_header":"","neve_meta_disable_footer":"","neve_meta_disable_title":"","footnotes":""},"class_list":["post-7659","page","type-page","status-publish","hentry"],"yoast_head":"<!-- This site is optimized with the Yoast SEO plugin v27.3 - https:\/\/yoast.com\/product\/yoast-seo-wordpress\/ -->\n<title>Alea - ISP Gesti\u00f3n<\/title>\n<meta name=\"description\" content=\"Integraci\u00f3n de software ISP entre Alea y ISPGestion , para tecnolog\u00eda GPON permite a las empresas gestionar todos sus servicios en ISPGestion\" \/>\n<meta name=\"robots\" content=\"index, follow, max-snippet:-1, max-image-preview:large, max-video-preview:-1\" \/>\n<link rel=\"canonical\" href=\"https:\/\/ispgestion.com\/it\/integraciones-software-isp\/alea\/\" \/>\n<meta property=\"og:locale\" content=\"it_IT\" \/>\n<meta property=\"og:type\" content=\"article\" \/>\n<meta property=\"og:title\" content=\"Alea - ISP Gesti\u00f3n\" \/>\n<meta property=\"og:description\" content=\"Integraci\u00f3n de software ISP entre Alea y ISPGestion , para tecnolog\u00eda GPON permite a las empresas gestionar todos sus servicios en ISPGestion\" \/>\n<meta property=\"og:url\" content=\"https:\/\/ispgestion.com\/it\/integraciones-software-isp\/alea\/\" \/>\n<meta property=\"og:site_name\" content=\"ISP Gesti\u00f3n\" \/>\n<meta property=\"article:publisher\" content=\"https:\/\/www.facebook.com\/ispgestion\/\" \/>\n<meta property=\"article:modified_time\" content=\"2024-03-19T06:59:49+00:00\" \/>\n<meta property=\"og:image\" content=\"https:\/\/ispgestion.com\/wp-content\/uploads\/2023\/09\/aleaSoluciones.jpg\" \/>\n<meta name=\"twitter:card\" content=\"summary_large_image\" \/>\n<meta name=\"twitter:label1\" content=\"Tempo di lettura stimato\" \/>\n\t<meta name=\"twitter:data1\" content=\"1 minuto\" \/>\n<script type=\"application\/ld+json\" class=\"yoast-schema-graph\">{\"@context\":\"https:\\\/\\\/schema.org\",\"@graph\":[{\"@type\":\"WebPage\",\"@id\":\"https:\\\/\\\/ispgestion.com\\\/integraciones-software-isp\\\/alea\\\/\",\"url\":\"https:\\\/\\\/ispgestion.com\\\/integraciones-software-isp\\\/alea\\\/\",\"name\":\"Alea - ISP Gesti\u00f3n\",\"isPartOf\":{\"@id\":\"https:\\\/\\\/ispgestion.com\\\/#website\"},\"primaryImageOfPage\":{\"@id\":\"https:\\\/\\\/ispgestion.com\\\/integraciones-software-isp\\\/alea\\\/#primaryimage\"},\"image\":{\"@id\":\"https:\\\/\\\/ispgestion.com\\\/integraciones-software-isp\\\/alea\\\/#primaryimage\"},\"thumbnailUrl\":\"https:\\\/\\\/ispgestion.com\\\/wp-content\\\/uploads\\\/2023\\\/09\\\/aleaSoluciones.jpg\",\"datePublished\":\"2023-07-14T09:51:25+00:00\",\"dateModified\":\"2024-03-19T06:59:49+00:00\",\"description\":\"Integraci\u00f3n de software ISP entre Alea y ISPGestion , para tecnolog\u00eda GPON permite a las empresas gestionar todos sus servicios en ISPGestion\",\"breadcrumb\":{\"@id\":\"https:\\\/\\\/ispgestion.com\\\/integraciones-software-isp\\\/alea\\\/#breadcrumb\"},\"inLanguage\":\"it-IT\",\"potentialAction\":[{\"@type\":\"ReadAction\",\"target\":[\"https:\\\/\\\/ispgestion.com\\\/integraciones-software-isp\\\/alea\\\/\"]}]},{\"@type\":\"ImageObject\",\"inLanguage\":\"it-IT\",\"@id\":\"https:\\\/\\\/ispgestion.com\\\/integraciones-software-isp\\\/alea\\\/#primaryimage\",\"url\":\"https:\\\/\\\/ispgestion.com\\\/wp-content\\\/uploads\\\/2023\\\/09\\\/aleaSoluciones.jpg\",\"contentUrl\":\"https:\\\/\\\/ispgestion.com\\\/wp-content\\\/uploads\\\/2023\\\/09\\\/aleaSoluciones.jpg\"},{\"@type\":\"BreadcrumbList\",\"@id\":\"https:\\\/\\\/ispgestion.com\\\/integraciones-software-isp\\\/alea\\\/#breadcrumb\",\"itemListElement\":[{\"@type\":\"ListItem\",\"position\":1,\"name\":\"Portada\",\"item\":\"https:\\\/\\\/ispgestion.com\\\/\"},{\"@type\":\"ListItem\",\"position\":2,\"name\":\"Integraciones Software ISP\",\"item\":\"https:\\\/\\\/ispgestion.com\\\/integraciones-software-isp\\\/\"},{\"@type\":\"ListItem\",\"position\":3,\"name\":\"Alea\"}]},{\"@type\":\"WebSite\",\"@id\":\"https:\\\/\\\/ispgestion.com\\\/#website\",\"url\":\"https:\\\/\\\/ispgestion.com\\\/\",\"name\":\"ISP Gesti\u00f3n\",\"description\":\"Software en la nube para ISP - Sotware ERP\",\"publisher\":{\"@id\":\"https:\\\/\\\/ispgestion.com\\\/#organization\"},\"potentialAction\":[{\"@type\":\"SearchAction\",\"target\":{\"@type\":\"EntryPoint\",\"urlTemplate\":\"https:\\\/\\\/ispgestion.com\\\/?s={search_term_string}\"},\"query-input\":{\"@type\":\"PropertyValueSpecification\",\"valueRequired\":true,\"valueName\":\"search_term_string\"}}],\"inLanguage\":\"it-IT\"},{\"@type\":\"Organization\",\"@id\":\"https:\\\/\\\/ispgestion.com\\\/#organization\",\"name\":\"ISP Gesti\u00f3n\",\"url\":\"https:\\\/\\\/ispgestion.com\\\/\",\"logo\":{\"@type\":\"ImageObject\",\"inLanguage\":\"it-IT\",\"@id\":\"https:\\\/\\\/ispgestion.com\\\/#\\\/schema\\\/logo\\\/image\\\/\",\"url\":\"https:\\\/\\\/ispgestion.com\\\/wp-content\\\/uploads\\\/2020\\\/04\\\/cropped-logo-isp-1-1.png\",\"contentUrl\":\"https:\\\/\\\/ispgestion.com\\\/wp-content\\\/uploads\\\/2020\\\/04\\\/cropped-logo-isp-1-1.png\",\"width\":245,\"height\":250,\"caption\":\"ISP Gesti\u00f3n\"},\"image\":{\"@id\":\"https:\\\/\\\/ispgestion.com\\\/#\\\/schema\\\/logo\\\/image\\\/\"},\"sameAs\":[\"https:\\\/\\\/www.facebook.com\\\/ispgestion\\\/\",\"https:\\\/\\\/es.linkedin.com\\\/in\\\/isp-gesti\u00f3n-62652715a\",\"https:\\\/\\\/www.youtube.com\\\/channel\\\/UCkZAs-0NFnSnVrh17SNCARg\"]}]}<\/script>\n<!-- \/ Yoast SEO plugin. -->","yoast_head_json":{"title":"Alea - ISP Gesti\u00f3n","description":"Integraci\u00f3n de software ISP entre Alea y ISPGestion , para tecnolog\u00eda GPON permite a las empresas gestionar todos sus servicios en ISPGestion","robots":{"index":"index","follow":"follow","max-snippet":"max-snippet:-1","max-image-preview":"max-image-preview:large","max-video-preview":"max-video-preview:-1"},"canonical":"https:\/\/ispgestion.com\/it\/integraciones-software-isp\/alea\/","og_locale":"it_IT","og_type":"article","og_title":"Alea - ISP Gesti\u00f3n","og_description":"Integraci\u00f3n de software ISP entre Alea y ISPGestion , para tecnolog\u00eda GPON permite a las empresas gestionar todos sus servicios en ISPGestion","og_url":"https:\/\/ispgestion.com\/it\/integraciones-software-isp\/alea\/","og_site_name":"ISP Gesti\u00f3n","article_publisher":"https:\/\/www.facebook.com\/ispgestion\/","article_modified_time":"2024-03-19T06:59:49+00:00","og_image":[{"url":"https:\/\/ispgestion.com\/wp-content\/uploads\/2023\/09\/aleaSoluciones.jpg","type":"","width":"","height":""}],"twitter_card":"summary_large_image","twitter_misc":{"Tempo di lettura stimato":"1 minuto"},"schema":{"@context":"https:\/\/schema.org","@graph":[{"@type":"WebPage","@id":"https:\/\/ispgestion.com\/integraciones-software-isp\/alea\/","url":"https:\/\/ispgestion.com\/integraciones-software-isp\/alea\/","name":"Alea - ISP Gesti\u00f3n","isPartOf":{"@id":"https:\/\/ispgestion.com\/#website"},"primaryImageOfPage":{"@id":"https:\/\/ispgestion.com\/integraciones-software-isp\/alea\/#primaryimage"},"image":{"@id":"https:\/\/ispgestion.com\/integraciones-software-isp\/alea\/#primaryimage"},"thumbnailUrl":"https:\/\/ispgestion.com\/wp-content\/uploads\/2023\/09\/aleaSoluciones.jpg","datePublished":"2023-07-14T09:51:25+00:00","dateModified":"2024-03-19T06:59:49+00:00","description":"Integraci\u00f3n de software ISP entre Alea y ISPGestion , para tecnolog\u00eda GPON permite a las empresas gestionar todos sus servicios en ISPGestion","breadcrumb":{"@id":"https:\/\/ispgestion.com\/integraciones-software-isp\/alea\/#breadcrumb"},"inLanguage":"it-IT","potentialAction":[{"@type":"ReadAction","target":["https:\/\/ispgestion.com\/integraciones-software-isp\/alea\/"]}]},{"@type":"ImageObject","inLanguage":"it-IT","@id":"https:\/\/ispgestion.com\/integraciones-software-isp\/alea\/#primaryimage","url":"https:\/\/ispgestion.com\/wp-content\/uploads\/2023\/09\/aleaSoluciones.jpg","contentUrl":"https:\/\/ispgestion.com\/wp-content\/uploads\/2023\/09\/aleaSoluciones.jpg"},{"@type":"BreadcrumbList","@id":"https:\/\/ispgestion.com\/integraciones-software-isp\/alea\/#breadcrumb","itemListElement":[{"@type":"ListItem","position":1,"name":"Portada","item":"https:\/\/ispgestion.com\/"},{"@type":"ListItem","position":2,"name":"Integraciones Software ISP","item":"https:\/\/ispgestion.com\/integraciones-software-isp\/"},{"@type":"ListItem","position":3,"name":"Alea"}]},{"@type":"WebSite","@id":"https:\/\/ispgestion.com\/#website","url":"https:\/\/ispgestion.com\/","name":"Gestione ISP","description":"Software cloud per ISP - Software ERP","publisher":{"@id":"https:\/\/ispgestion.com\/#organization"},"potentialAction":[{"@type":"SearchAction","target":{"@type":"EntryPoint","urlTemplate":"https:\/\/ispgestion.com\/?s={search_term_string}"},"query-input":{"@type":"PropertyValueSpecification","valueRequired":true,"valueName":"search_term_string"}}],"inLanguage":"it-IT"},{"@type":"Organization","@id":"https:\/\/ispgestion.com\/#organization","name":"Gestione ISP","url":"https:\/\/ispgestion.com\/","logo":{"@type":"ImageObject","inLanguage":"it-IT","@id":"https:\/\/ispgestion.com\/#\/schema\/logo\/image\/","url":"https:\/\/ispgestion.com\/wp-content\/uploads\/2020\/04\/cropped-logo-isp-1-1.png","contentUrl":"https:\/\/ispgestion.com\/wp-content\/uploads\/2020\/04\/cropped-logo-isp-1-1.png","width":245,"height":250,"caption":"ISP Gesti\u00f3n"},"image":{"@id":"https:\/\/ispgestion.com\/#\/schema\/logo\/image\/"},"sameAs":["https:\/\/www.facebook.com\/ispgestion\/","https:\/\/es.linkedin.com\/in\/isp-gesti\u00f3n-62652715a","https:\/\/www.youtube.com\/channel\/UCkZAs-0NFnSnVrh17SNCARg"]}]}},"_links":{"self":[{"href":"https:\/\/ispgestion.com\/it\/wp-json\/wp\/v2\/pages\/7659","targetHints":{"allow":["GET"]}}],"collection":[{"href":"https:\/\/ispgestion.com\/it\/wp-json\/wp\/v2\/pages"}],"about":[{"href":"https:\/\/ispgestion.com\/it\/wp-json\/wp\/v2\/types\/page"}],"author":[{"embeddable":true,"href":"https:\/\/ispgestion.com\/it\/wp-json\/wp\/v2\/users\/1"}],"replies":[{"embeddable":true,"href":"https:\/\/ispgestion.com\/it\/wp-json\/wp\/v2\/comments?post=7659"}],"version-history":[{"count":16,"href":"https:\/\/ispgestion.com\/it\/wp-json\/wp\/v2\/pages\/7659\/revisions"}],"predecessor-version":[{"id":8417,"href":"https:\/\/ispgestion.com\/it\/wp-json\/wp\/v2\/pages\/7659\/revisions\/8417"}],"up":[{"embeddable":true,"href":"https:\/\/ispgestion.com\/it\/wp-json\/wp\/v2\/pages\/6371"}],"wp:attachment":[{"href":"https:\/\/ispgestion.com\/it\/wp-json\/wp\/v2\/media?parent=7659"}],"curies":[{"name":"wp","href":"https:\/\/api.w.org\/{rel}","templated":true}]}}