{"id":6987,"date":"2023-03-07T14:09:26","date_gmt":"2023-03-07T13:09:26","guid":{"rendered":"https:\/\/ispgestion.com\/?page_id=6987"},"modified":"2023-06-12T16:56:32","modified_gmt":"2023-06-12T14:56:32","slug":"demo","status":"publish","type":"page","link":"https:\/\/ispgestion.com\/it\/demo\/","title":{"rendered":"Richiesta demo"},"content":{"rendered":"\t\t<div data-elementor-type=\"wp-page\" data-elementor-id=\"6987\" class=\"elementor elementor-6987\">\n\t\t\t\t\t\t<section class=\"elementor-section elementor-top-section elementor-element elementor-element-211acfd6 elementor-section-height-min-height elementor-section-content-middle elementor-hidden-desktop elementor-hidden-tablet elementor-hidden-mobile elementor-section-boxed elementor-section-height-default elementor-section-items-middle wpr-particle-no wpr-jarallax-no wpr-parallax-no wpr-sticky-section-no wpr-equal-height-no\" data-id=\"211acfd6\" data-element_type=\"section\" data-e-type=\"section\" data-settings=\"{&quot;background_background&quot;:&quot;slideshow&quot;,&quot;background_slideshow_gallery&quot;:[{&quot;id&quot;:3263,&quot;url&quot;:&quot;https:\\\/\\\/ispgestion.com\\\/wp-content\\\/uploads\\\/2022\\\/02\\\/kit-digital-banner_inicio.jpg&quot;},{&quot;id&quot;:2394,&quot;url&quot;:&quot;https:\\\/\\\/ispgestion.com\\\/wp-content\\\/uploads\\\/2021\\\/07\\\/tpv-1.jpg&quot;},{&quot;id&quot;:1884,&quot;url&quot;:&quot;https:\\\/\\\/ispgestion.com\\\/wp-content\\\/uploads\\\/2021\\\/04\\\/app-silder1-1.jpg&quot;},{&quot;id&quot;:952,&quot;url&quot;:&quot;https:\\\/\\\/ispgestion.com\\\/wp-content\\\/uploads\\\/2020\\\/04\\\/fondo-1.jpg&quot;},{&quot;id&quot;:723,&quot;url&quot;:&quot;https:\\\/\\\/ispgestion.com\\\/wp-content\\\/uploads\\\/2020\\\/04\\\/imagen1.jpg&quot;},{&quot;id&quot;:954,&quot;url&quot;:&quot;https:\\\/\\\/ispgestion.com\\\/wp-content\\\/uploads\\\/2020\\\/04\\\/fondo2.jpg&quot;},{&quot;id&quot;:956,&quot;url&quot;:&quot;https:\\\/\\\/ispgestion.com\\\/wp-content\\\/uploads\\\/2020\\\/04\\\/fondo-3.jpg&quot;},{&quot;id&quot;:4974,&quot;url&quot;:&quot;https:\\\/\\\/ispgestion.com\\\/wp-content\\\/uploads\\\/2022\\\/03\\\/panel_clientes_ISPGestion.jpg&quot;}],&quot;background_slideshow_slide_duration&quot;:2500,&quot;background_slideshow_ken_burns&quot;:&quot;yes&quot;,&quot;background_slideshow_loop&quot;:&quot;yes&quot;,&quot;background_slideshow_slide_transition&quot;:&quot;fade&quot;,&quot;background_slideshow_transition_duration&quot;:500,&quot;background_slideshow_ken_burns_zoom_direction&quot;:&quot;in&quot;}\">\n\t\t\t\t\t\t\t<div class=\"elementor-background-overlay\"><\/div>\n\t\t\t\t\t\t\t<div class=\"elementor-container elementor-column-gap-default\">\n\t\t\t\t\t<div class=\"elementor-column elementor-col-50 elementor-top-column elementor-element elementor-element-3f752035 elementor-invisible\" data-id=\"3f752035\" data-element_type=\"column\" data-e-type=\"column\" data-settings=\"{&quot;background_background&quot;:&quot;classic&quot;,&quot;animation&quot;:&quot;fadeInLeft&quot;}\">\n\t\t\t<div class=\"elementor-widget-wrap elementor-element-populated\">\n\t\t\t\t\t\t<div class=\"elementor-element elementor-element-40ea527e elementor-invisible elementor-widget elementor-widget-heading\" data-id=\"40ea527e\" data-element_type=\"widget\" data-e-type=\"widget\" data-settings=\"{&quot;_animation&quot;:&quot;fadeIn&quot;}\" data-widget_type=\"heading.default\">\n\t\t\t\t<div class=\"elementor-widget-container\">\n\t\t\t\t\t<h1 class=\"elementor-heading-title elementor-size-default\">ISP Gesti\u00f3n<\/h1>\t\t\t\t<\/div>\n\t\t\t\t<\/div>\n\t\t\t\t<div class=\"elementor-element elementor-element-513ea655 animated-slow elementor-invisible elementor-widget elementor-widget-heading\" data-id=\"513ea655\" data-element_type=\"widget\" data-e-type=\"widget\" data-settings=\"{&quot;_animation&quot;:&quot;fadeIn&quot;,&quot;_animation_delay&quot;:300}\" data-widget_type=\"heading.default\">\n\t\t\t\t<div class=\"elementor-widget-container\">\n\t\t\t\t\t<p class=\"elementor-heading-title elementor-size-small\">ISP Gesti\u00f3n le aporta a su negocio todo lo necesario para controlarlo y gestionarlo de forma eficiente.<\/p>\t\t\t\t<\/div>\n\t\t\t\t<\/div>\n\t\t\t\t\t<\/div>\n\t\t<\/div>\n\t\t\t\t<div class=\"elementor-column elementor-col-50 elementor-top-column elementor-element elementor-element-37e3f3c5\" data-id=\"37e3f3c5\" data-element_type=\"column\" data-e-type=\"column\">\n\t\t\t<div class=\"elementor-widget-wrap\">\n\t\t\t\t\t\t\t<\/div>\n\t\t<\/div>\n\t\t\t\t\t<\/div>\n\t\t<\/section>\n\t\t\t\t<section class=\"elementor-section elementor-top-section elementor-element elementor-element-7657c3a9 elementor-section-boxed elementor-section-height-default elementor-section-height-default wpr-particle-no wpr-jarallax-no wpr-parallax-no wpr-sticky-section-no wpr-equal-height-no\" data-id=\"7657c3a9\" data-element_type=\"section\" data-e-type=\"section\">\n\t\t\t\t\t\t<div class=\"elementor-container elementor-column-gap-default\">\n\t\t\t\t\t<div class=\"elementor-column elementor-col-100 elementor-top-column elementor-element elementor-element-303356b7\" data-id=\"303356b7\" data-element_type=\"column\" data-e-type=\"column\">\n\t\t\t<div class=\"elementor-widget-wrap elementor-element-populated\">\n\t\t\t\t\t\t<section class=\"elementor-section elementor-inner-section elementor-element elementor-element-3e72c2c6 elementor-section-boxed elementor-section-height-default elementor-section-height-default wpr-particle-no wpr-jarallax-no wpr-parallax-no wpr-sticky-section-no wpr-equal-height-no\" data-id=\"3e72c2c6\" data-element_type=\"section\" data-e-type=\"section\">\n\t\t\t\t\t\t<div class=\"elementor-container elementor-column-gap-default\">\n\t\t\t\t\t<div class=\"elementor-column elementor-col-100 elementor-inner-column elementor-element elementor-element-1febae63\" data-id=\"1febae63\" data-element_type=\"column\" data-e-type=\"column\">\n\t\t\t<div class=\"elementor-widget-wrap elementor-element-populated\">\n\t\t\t\t\t\t<div class=\"elementor-element elementor-element-6daed22 elementor-widget elementor-widget-spacer\" data-id=\"6daed22\" data-element_type=\"widget\" data-e-type=\"widget\" data-widget_type=\"spacer.default\">\n\t\t\t\t<div class=\"elementor-widget-container\">\n\t\t\t\t\t\t\t<div class=\"elementor-spacer\">\n\t\t\t<div class=\"elementor-spacer-inner\"><\/div>\n\t\t<\/div>\n\t\t\t\t\t\t<\/div>\n\t\t\t\t<\/div>\n\t\t\t\t<div class=\"elementor-element elementor-element-23860b4b elementor-widget elementor-widget-heading\" data-id=\"23860b4b\" data-element_type=\"widget\" data-e-type=\"widget\" data-widget_type=\"heading.default\">\n\t\t\t\t<div class=\"elementor-widget-container\">\n\t\t\t\t\t<h5 class=\"elementor-heading-title elementor-size-default\">demo isp gesti\u00f3n<\/h5>\t\t\t\t<\/div>\n\t\t\t\t<\/div>\n\t\t\t\t<div class=\"elementor-element elementor-element-375aeebf elementor-widget elementor-widget-heading\" data-id=\"375aeebf\" data-element_type=\"widget\" data-e-type=\"widget\" data-widget_type=\"heading.default\">\n\t\t\t\t<div class=\"elementor-widget-container\">\n\t\t\t\t\t<h2 class=\"elementor-heading-title elementor-size-default\">Acceso al software<\/h2>\t\t\t\t<\/div>\n\t\t\t\t<\/div>\n\t\t\t\t<div class=\"elementor-element elementor-element-7588d8b elementor-widget elementor-widget-heading\" data-id=\"7588d8b\" data-element_type=\"widget\" data-e-type=\"widget\" data-widget_type=\"heading.default\">\n\t\t\t\t<div class=\"elementor-widget-container\">\n\t\t\t\t\t<p class=\"elementor-heading-title elementor-size-medium\">Acceda sin registro<\/p>\t\t\t\t<\/div>\n\t\t\t\t<\/div>\n\t\t\t\t<div class=\"elementor-element elementor-element-777087ca elementor-widget-divider--view-line elementor-widget elementor-widget-divider\" data-id=\"777087ca\" data-element_type=\"widget\" data-e-type=\"widget\" data-widget_type=\"divider.default\">\n\t\t\t\t<div class=\"elementor-widget-container\">\n\t\t\t\t\t\t\t<div class=\"elementor-divider\">\n\t\t\t<span class=\"elementor-divider-separator\">\n\t\t\t\t\t\t<\/span>\n\t\t<\/div>\n\t\t\t\t\t\t<\/div>\n\t\t\t\t<\/div>\n\t\t\t\t<div class=\"elementor-element elementor-element-2fa4f90 elementor-widget elementor-widget-text-editor\" data-id=\"2fa4f90\" data-element_type=\"widget\" data-e-type=\"widget\" data-widget_type=\"text-editor.default\">\n\t\t\t\t<div class=\"elementor-widget-container\">\n\t\t\t\t\t\t\t\t\t<p style=\"text-align: center;\"><strong>\u00a1No pierda la oportunidad de probar nuestra demo exclusiva !<\/strong><\/p><p>Con el objeto de evitar bots y garantizar su conexi\u00f3n, le enviaremos las credenciales de acceso al email que nos facilite a continuaci\u00f3n:<\/p>\t\t\t\t\t\t\t\t<\/div>\n\t\t\t\t<\/div>\n\t\t\t\t<div class=\"elementor-element elementor-element-14b216e3 premium-cf7-button-fwidth-yes elementor-widget elementor-widget-premium-contact-form\" data-id=\"14b216e3\" data-element_type=\"widget\" data-e-type=\"widget\" data-widget_type=\"premium-contact-form.default\">\n\t\t\t\t<div class=\"elementor-widget-container\">\n\t\t\t\t\t\n\t\t\t\n\t\t\t<div class=\"premium-cf7-container\" data-settings=\"{&quot;fields_glass&quot;:&quot;none&quot;,&quot;submit_glass&quot;:&quot;none&quot;}\">\n\t\t\t\t\n<div class=\"wpcf7 no-js\" id=\"wpcf7-f6989-o1\" lang=\"es-ES\" dir=\"ltr\" data-wpcf7-id=\"6989\">\n<div class=\"screen-reader-response\"><p role=\"status\" aria-live=\"polite\" aria-atomic=\"true\"><\/p> <ul><\/ul><\/div>\n<form action=\"\/it\/wp-json\/wp\/v2\/pages\/6987#wpcf7-f6989-o1\" method=\"post\" class=\"wpcf7-form init\" aria-label=\"Formulario de contacto\" novalidate=\"novalidate\" data-status=\"init\">\n<fieldset class=\"hidden-fields-container\"><input type=\"hidden\" name=\"_wpcf7\" value=\"6989\" \/><input type=\"hidden\" name=\"_wpcf7_version\" value=\"6.1.5\" \/><input type=\"hidden\" name=\"_wpcf7_locale\" value=\"es_ES\" \/><input type=\"hidden\" name=\"_wpcf7_unit_tag\" value=\"wpcf7-f6989-o1\" \/><input type=\"hidden\" name=\"_wpcf7_container_post\" value=\"0\" \/><input type=\"hidden\" name=\"_wpcf7_posted_data_hash\" value=\"\" \/><input type=\"hidden\" name=\"_wpcf7_recaptcha_response\" value=\"\" \/>\n<\/fieldset>\n<div id='form_demo'>\n\t<p><label> <span class='label_fom_demo'>Email<\/span> <span class=\"wpcf7-form-control-wrap\" data-name=\"your-email\"><input size=\"40\" maxlength=\"400\" class=\"wpcf7-form-control wpcf7-email wpcf7-validates-as-required wpcf7-text wpcf7-validates-as-email\" autocomplete=\"email\" aria-required=\"true\" aria-invalid=\"false\" value=\"\" type=\"email\" name=\"your-email\" \/><\/span> <\/label>\n\t<\/p>\n\t<p><label><span class=\"aceptar_check\"><span class=\"wpcf7-form-control-wrap\" data-name=\"acceptance-838\"><span class=\"wpcf7-form-control wpcf7-acceptance\"><span class=\"wpcf7-list-item\"><input type=\"checkbox\" name=\"acceptance-838\" value=\"1\" aria-invalid=\"false\" \/><\/span><\/span><\/span> <\/span><span class='form_info'> He le\u00eddo y acepto la autorizaci\u00f3n del env\u00edo de comunicaciones comerciales y la cesi\u00f3n de datos de nuestra <a href=\"https:\/\/ispgestion.com\/39363-home\/politica-de-privacidad\/\" target=\"_blank\">Politica de privacidad.<\/a><\/span><\/label>\n\t<\/p>\n\t<p><input class=\"wpcf7-form-control wpcf7-submit has-spinner\" type=\"submit\" value=\"Enviar\" \/>\n\t<\/p>\n<\/div><div class=\"wpcf7-response-output\" aria-hidden=\"true\"><\/div>\n<\/form>\n<\/div>\n\t\t\t<\/div>\n\n\t\t\t\t\t\t\t<\/div>\n\t\t\t\t<\/div>\n\t\t\t\t\t<\/div>\n\t\t<\/div>\n\t\t\t\t\t<\/div>\n\t\t<\/section>\n\t\t\t\t\t<\/div>\n\t\t<\/div>\n\t\t\t\t\t<\/div>\n\t\t<\/section>\n\t\t\t\t<section class=\"elementor-section elementor-top-section elementor-element elementor-element-5f6f2f1 elementor-section-boxed elementor-section-height-default elementor-section-height-default wpr-particle-no wpr-jarallax-no wpr-parallax-no wpr-sticky-section-no wpr-equal-height-no\" data-id=\"5f6f2f1\" data-element_type=\"section\" data-e-type=\"section\">\n\t\t\t\t\t\t<div class=\"elementor-container elementor-column-gap-default\">\n\t\t\t\t\t<div class=\"elementor-column elementor-col-100 elementor-top-column elementor-element elementor-element-bf160e5\" data-id=\"bf160e5\" data-element_type=\"column\" data-e-type=\"column\">\n\t\t\t<div class=\"elementor-widget-wrap elementor-element-populated\">\n\t\t\t\t\t\t<div class=\"elementor-element elementor-element-96b08ed elementor-widget elementor-widget-text-editor\" data-id=\"96b08ed\" data-element_type=\"widget\" data-e-type=\"widget\" data-widget_type=\"text-editor.default\">\n\t\t\t\t<div class=\"elementor-widget-container\">\n\t\t\t\t\t\t\t\t\t<p>La comunicaci\u00f3n enviada quedar\u00e1 incorporada a un fichero del que es responsable ISPGESTI\u00d3N PROVIDER S.L. Esta comunicaci\u00f3n se utilizar\u00e1 exclusivamente para tratar sus datos a la hora de atender su solicitud, siempre de acuerdo al Reglamento (UE) 2016\/679 de 27 de abril de 2016 (RGPD), Ley Org\u00e1nica 3\/2018 de 5 de diciembre (LOPDGDD) y dem\u00e1s normativa legal vigente en materia de protecci\u00f3n de datos personales, sobre protecci\u00f3n de datos. Sus datos no se comunicar\u00e1n a terceros, excepto por obligaci\u00f3n legal, y se mantendr\u00e1n mientras no solicite su cancelaci\u00f3n.<\/p><p>El usuario o cliente puede ejercer en cualquier momento, de forma gratuita y de conformidad con la regulaci\u00f3n prevista en el Reglamento General de Protecci\u00f3n de Datos y en la Ley Org\u00e1nica 3\/2018 de Protecci\u00f3n de Datos de Car\u00e1cter Personal y Garant\u00eda de Derechos Digitales, los derechos de acceso, rectificaci\u00f3n, supresi\u00f3n, portabilidad, oposici\u00f3n y limitaci\u00f3n del tratamiento.<\/p><p>Para ello deber\u00e1 remitir un escrito firmado en ejercicio del derecho junto a su copia de DNI\/NIE a ISPGESTI\u00d3N PROVIDER S.L., Av. Iberoam\u00e9rica n\u00ba 2-2\u00baA de Alcal\u00e1 la Real (Ja\u00e9n), c\u00f3digo postal 23.680 o alternativamente envi\u00e1ndolos a trav\u00e9s del correo electr\u00f3nico <a href=\"mailto:administracion@ispgestion.com\">administracion@ispgestion.com<\/a><\/p><p>Asimismo, se le informa que puede interponer una reclamaci\u00f3n ante la Agencia Espa\u00f1ola de Protecci\u00f3n de Datos a trav\u00e9s de la sede electr\u00f3nica de su portal web (www.agpd.es) o bien mediante escrito dirigido a su direcci\u00f3n postal (C\/Jorge Juan, 6, 28001-Madrid).<\/p>\t\t\t\t\t\t\t\t<\/div>\n\t\t\t\t<\/div>\n\t\t\t\t\t<\/div>\n\t\t<\/div>\n\t\t\t\t\t<\/div>\n\t\t<\/section>\n\t\t\t\t<section class=\"elementor-section elementor-top-section elementor-element elementor-element-976671a elementor-section-boxed elementor-section-height-default elementor-section-height-default wpr-particle-no wpr-jarallax-no wpr-parallax-no wpr-sticky-section-no wpr-equal-height-no\" data-id=\"976671a\" data-element_type=\"section\" data-e-type=\"section\">\n\t\t\t\t\t\t<div class=\"elementor-container elementor-column-gap-default\">\n\t\t\t\t\t<div class=\"elementor-column elementor-col-100 elementor-top-column elementor-element elementor-element-a576407\" data-id=\"a576407\" data-element_type=\"column\" data-e-type=\"column\">\n\t\t\t<div class=\"elementor-widget-wrap\">\n\t\t\t\t\t\t\t<\/div>\n\t\t<\/div>\n\t\t\t\t\t<\/div>\n\t\t<\/section>\n\t\t\t\t<\/div>\n\t\t","protected":false},"excerpt":{"rendered":"<p>ISP Gesti\u00f3n ISP Gesti\u00f3n le aporta a su negocio todo lo necesario para controlarlo y gestionarlo de forma eficiente. demo isp gesti\u00f3n Acceso al software Acceda sin registro \u00a1No pierda la oportunidad de probar nuestra demo exclusiva ! Con el objeto de evitar bots y garantizar su conexi\u00f3n, le enviaremos las credenciales de acceso al email que nos facilite a continuaci\u00f3n: Email He le\u00eddo y acepto la autorizaci\u00f3n del env\u00edo de comunicaciones comerciales y la cesi\u00f3n de datos de nuestra Politica de privacidad. La comunicaci\u00f3n enviada quedar\u00e1 incorporada a un fichero del que es responsable ISPGESTI\u00d3N PROVIDER S.L. Esta comunicaci\u00f3n se utilizar\u00e1 exclusivamente para tratar sus datos a la hora de atender su solicitud, siempre de acuerdo al Reglamento (UE) 2016\/679 de 27 de abril de 2016 (RGPD), Ley Org\u00e1nica 3\/2018 de 5 de diciembre (LOPDGDD) y dem\u00e1s normativa legal vigente en materia de protecci\u00f3n de datos personales, sobre protecci\u00f3n de datos. Sus datos no se comunicar\u00e1n a terceros, excepto por obligaci\u00f3n legal, y se mantendr\u00e1n mientras no solicite su cancelaci\u00f3n. El usuario o cliente puede ejercer en cualquier momento, de forma gratuita y de conformidad con la regulaci\u00f3n prevista en el Reglamento General de Protecci\u00f3n de Datos y en la Ley Org\u00e1nica 3\/2018 de Protecci\u00f3n de Datos de Car\u00e1cter Personal y Garant\u00eda de Derechos Digitales, los derechos de acceso, rectificaci\u00f3n, supresi\u00f3n, portabilidad, oposici\u00f3n y limitaci\u00f3n del tratamiento. Para ello deber\u00e1 remitir un escrito firmado en ejercicio del derecho junto a su copia de DNI\/NIE a ISPGESTI\u00d3N PROVIDER S.L., Av. Iberoam\u00e9rica n\u00ba 2-2\u00baA de Alcal\u00e1 la Real (Ja\u00e9n), c\u00f3digo postal 23.680 o alternativamente envi\u00e1ndolos a trav\u00e9s del correo electr\u00f3nico administracion@ispgestion.com Asimismo, se le informa que puede interponer una reclamaci\u00f3n ante la Agencia Espa\u00f1ola de Protecci\u00f3n de Datos a trav\u00e9s de la sede electr\u00f3nica de su portal web (www.agpd.es) o bien mediante escrito dirigido a su direcci\u00f3n postal (C\/Jorge Juan, 6, 28001-Madrid).<\/p>","protected":false},"author":1,"featured_media":0,"parent":0,"menu_order":0,"comment_status":"closed","ping_status":"closed","template":"elementor_header_footer","meta":{"neve_meta_sidebar":"full-width","neve_meta_container":"","neve_meta_enable_content_width":"on","neve_meta_content_width":100,"neve_meta_title_alignment":"","neve_meta_author_avatar":"","neve_post_elements_order":"","neve_meta_disable_header":"","neve_meta_disable_footer":"","neve_meta_disable_title":"","footnotes":""},"class_list":["post-6987","page","type-page","status-publish","hentry"],"yoast_head":"<!-- This site is optimized with the Yoast SEO plugin v27.3 - https:\/\/yoast.com\/product\/yoast-seo-wordpress\/ -->\n<title>Solicitud de demo - ISP Gesti\u00f3n<\/title>\n<meta name=\"description\" content=\"Solicita desde el formulario la demo para el software ispgestion.com Gestiona tu red, facturaci\u00f3n, gesti\u00f3n de cobros para ISP\" \/>\n<meta name=\"robots\" content=\"index, follow, max-snippet:-1, max-image-preview:large, max-video-preview:-1\" \/>\n<link rel=\"canonical\" href=\"https:\/\/ispgestion.com\/it\/demo\/\" \/>\n<meta property=\"og:locale\" content=\"it_IT\" \/>\n<meta property=\"og:type\" content=\"article\" \/>\n<meta property=\"og:title\" content=\"Solicitud de demo - ISP Gesti\u00f3n\" \/>\n<meta property=\"og:description\" content=\"Solicita desde el formulario la demo para el software ispgestion.com Gestiona tu red, facturaci\u00f3n, gesti\u00f3n de cobros para ISP\" \/>\n<meta property=\"og:url\" content=\"https:\/\/ispgestion.com\/it\/demo\/\" \/>\n<meta property=\"og:site_name\" content=\"ISP Gesti\u00f3n\" \/>\n<meta property=\"article:publisher\" content=\"https:\/\/www.facebook.com\/ispgestion\/\" \/>\n<meta property=\"article:modified_time\" content=\"2023-06-12T14:56:32+00:00\" \/>\n<meta name=\"twitter:card\" content=\"summary_large_image\" \/>\n<meta name=\"twitter:label1\" content=\"Tempo di lettura stimato\" \/>\n\t<meta name=\"twitter:data1\" content=\"2 minuti\" \/>\n<script type=\"application\/ld+json\" class=\"yoast-schema-graph\">{\"@context\":\"https:\\\/\\\/schema.org\",\"@graph\":[{\"@type\":\"WebPage\",\"@id\":\"https:\\\/\\\/ispgestion.com\\\/demo\\\/\",\"url\":\"https:\\\/\\\/ispgestion.com\\\/demo\\\/\",\"name\":\"Solicitud de demo - ISP Gesti\u00f3n\",\"isPartOf\":{\"@id\":\"https:\\\/\\\/ispgestion.com\\\/#website\"},\"datePublished\":\"2023-03-07T13:09:26+00:00\",\"dateModified\":\"2023-06-12T14:56:32+00:00\",\"description\":\"Solicita desde el formulario la demo para el software ispgestion.com Gestiona tu red, facturaci\u00f3n, gesti\u00f3n de cobros para ISP\",\"breadcrumb\":{\"@id\":\"https:\\\/\\\/ispgestion.com\\\/demo\\\/#breadcrumb\"},\"inLanguage\":\"it-IT\",\"potentialAction\":[{\"@type\":\"ReadAction\",\"target\":[\"https:\\\/\\\/ispgestion.com\\\/demo\\\/\"]}]},{\"@type\":\"BreadcrumbList\",\"@id\":\"https:\\\/\\\/ispgestion.com\\\/demo\\\/#breadcrumb\",\"itemListElement\":[{\"@type\":\"ListItem\",\"position\":1,\"name\":\"Portada\",\"item\":\"https:\\\/\\\/ispgestion.com\\\/\"},{\"@type\":\"ListItem\",\"position\":2,\"name\":\"Solicitud de demo\"}]},{\"@type\":\"WebSite\",\"@id\":\"https:\\\/\\\/ispgestion.com\\\/#website\",\"url\":\"https:\\\/\\\/ispgestion.com\\\/\",\"name\":\"ISP Gesti\u00f3n\",\"description\":\"Software en la nube para ISP - Sotware ERP\",\"publisher\":{\"@id\":\"https:\\\/\\\/ispgestion.com\\\/#organization\"},\"potentialAction\":[{\"@type\":\"SearchAction\",\"target\":{\"@type\":\"EntryPoint\",\"urlTemplate\":\"https:\\\/\\\/ispgestion.com\\\/?s={search_term_string}\"},\"query-input\":{\"@type\":\"PropertyValueSpecification\",\"valueRequired\":true,\"valueName\":\"search_term_string\"}}],\"inLanguage\":\"it-IT\"},{\"@type\":\"Organization\",\"@id\":\"https:\\\/\\\/ispgestion.com\\\/#organization\",\"name\":\"ISP Gesti\u00f3n\",\"url\":\"https:\\\/\\\/ispgestion.com\\\/\",\"logo\":{\"@type\":\"ImageObject\",\"inLanguage\":\"it-IT\",\"@id\":\"https:\\\/\\\/ispgestion.com\\\/#\\\/schema\\\/logo\\\/image\\\/\",\"url\":\"https:\\\/\\\/ispgestion.com\\\/wp-content\\\/uploads\\\/2020\\\/04\\\/cropped-logo-isp-1-1.png\",\"contentUrl\":\"https:\\\/\\\/ispgestion.com\\\/wp-content\\\/uploads\\\/2020\\\/04\\\/cropped-logo-isp-1-1.png\",\"width\":245,\"height\":250,\"caption\":\"ISP Gesti\u00f3n\"},\"image\":{\"@id\":\"https:\\\/\\\/ispgestion.com\\\/#\\\/schema\\\/logo\\\/image\\\/\"},\"sameAs\":[\"https:\\\/\\\/www.facebook.com\\\/ispgestion\\\/\",\"https:\\\/\\\/es.linkedin.com\\\/in\\\/isp-gesti\u00f3n-62652715a\",\"https:\\\/\\\/www.youtube.com\\\/channel\\\/UCkZAs-0NFnSnVrh17SNCARg\"]}]}<\/script>\n<!-- \/ Yoast SEO plugin. -->","yoast_head_json":{"title":"Solicitud de demo - ISP Gesti\u00f3n","description":"Solicita desde el formulario la demo para el software ispgestion.com Gestiona tu red, facturaci\u00f3n, gesti\u00f3n de cobros para ISP","robots":{"index":"index","follow":"follow","max-snippet":"max-snippet:-1","max-image-preview":"max-image-preview:large","max-video-preview":"max-video-preview:-1"},"canonical":"https:\/\/ispgestion.com\/it\/demo\/","og_locale":"it_IT","og_type":"article","og_title":"Solicitud de demo - ISP Gesti\u00f3n","og_description":"Solicita desde el formulario la demo para el software ispgestion.com Gestiona tu red, facturaci\u00f3n, gesti\u00f3n de cobros para ISP","og_url":"https:\/\/ispgestion.com\/it\/demo\/","og_site_name":"ISP Gesti\u00f3n","article_publisher":"https:\/\/www.facebook.com\/ispgestion\/","article_modified_time":"2023-06-12T14:56:32+00:00","twitter_card":"summary_large_image","twitter_misc":{"Tempo di lettura stimato":"2 minuti"},"schema":{"@context":"https:\/\/schema.org","@graph":[{"@type":"WebPage","@id":"https:\/\/ispgestion.com\/demo\/","url":"https:\/\/ispgestion.com\/demo\/","name":"Solicitud de demo - ISP Gesti\u00f3n","isPartOf":{"@id":"https:\/\/ispgestion.com\/#website"},"datePublished":"2023-03-07T13:09:26+00:00","dateModified":"2023-06-12T14:56:32+00:00","description":"Solicita desde el formulario la demo para el software ispgestion.com Gestiona tu red, facturaci\u00f3n, gesti\u00f3n de cobros para ISP","breadcrumb":{"@id":"https:\/\/ispgestion.com\/demo\/#breadcrumb"},"inLanguage":"it-IT","potentialAction":[{"@type":"ReadAction","target":["https:\/\/ispgestion.com\/demo\/"]}]},{"@type":"BreadcrumbList","@id":"https:\/\/ispgestion.com\/demo\/#breadcrumb","itemListElement":[{"@type":"ListItem","position":1,"name":"Portada","item":"https:\/\/ispgestion.com\/"},{"@type":"ListItem","position":2,"name":"Solicitud de demo"}]},{"@type":"WebSite","@id":"https:\/\/ispgestion.com\/#website","url":"https:\/\/ispgestion.com\/","name":"Gestione ISP","description":"Software cloud per ISP - Software ERP","publisher":{"@id":"https:\/\/ispgestion.com\/#organization"},"potentialAction":[{"@type":"SearchAction","target":{"@type":"EntryPoint","urlTemplate":"https:\/\/ispgestion.com\/?s={search_term_string}"},"query-input":{"@type":"PropertyValueSpecification","valueRequired":true,"valueName":"search_term_string"}}],"inLanguage":"it-IT"},{"@type":"Organization","@id":"https:\/\/ispgestion.com\/#organization","name":"Gestione ISP","url":"https:\/\/ispgestion.com\/","logo":{"@type":"ImageObject","inLanguage":"it-IT","@id":"https:\/\/ispgestion.com\/#\/schema\/logo\/image\/","url":"https:\/\/ispgestion.com\/wp-content\/uploads\/2020\/04\/cropped-logo-isp-1-1.png","contentUrl":"https:\/\/ispgestion.com\/wp-content\/uploads\/2020\/04\/cropped-logo-isp-1-1.png","width":245,"height":250,"caption":"ISP Gesti\u00f3n"},"image":{"@id":"https:\/\/ispgestion.com\/#\/schema\/logo\/image\/"},"sameAs":["https:\/\/www.facebook.com\/ispgestion\/","https:\/\/es.linkedin.com\/in\/isp-gesti\u00f3n-62652715a","https:\/\/www.youtube.com\/channel\/UCkZAs-0NFnSnVrh17SNCARg"]}]}},"_links":{"self":[{"href":"https:\/\/ispgestion.com\/it\/wp-json\/wp\/v2\/pages\/6987","targetHints":{"allow":["GET"]}}],"collection":[{"href":"https:\/\/ispgestion.com\/it\/wp-json\/wp\/v2\/pages"}],"about":[{"href":"https:\/\/ispgestion.com\/it\/wp-json\/wp\/v2\/types\/page"}],"author":[{"embeddable":true,"href":"https:\/\/ispgestion.com\/it\/wp-json\/wp\/v2\/users\/1"}],"replies":[{"embeddable":true,"href":"https:\/\/ispgestion.com\/it\/wp-json\/wp\/v2\/comments?post=6987"}],"version-history":[{"count":100,"href":"https:\/\/ispgestion.com\/it\/wp-json\/wp\/v2\/pages\/6987\/revisions"}],"predecessor-version":[{"id":7650,"href":"https:\/\/ispgestion.com\/it\/wp-json\/wp\/v2\/pages\/6987\/revisions\/7650"}],"wp:attachment":[{"href":"https:\/\/ispgestion.com\/it\/wp-json\/wp\/v2\/media?parent=6987"}],"curies":[{"name":"wp","href":"https:\/\/api.w.org\/{rel}","templated":true}]}}