{"id":6625,"date":"2023-01-16T11:27:56","date_gmt":"2023-01-16T10:27:56","guid":{"rendered":"https:\/\/ispgestion.com\/?page_id=6625"},"modified":"2023-02-21T16:07:28","modified_gmt":"2023-02-21T15:07:28","slug":"backup-en-la-nube","status":"publish","type":"page","link":"https:\/\/ispgestion.com\/it\/backup-en-la-nube\/","title":{"rendered":"Backup nel cloud"},"content":{"rendered":"<div data-elementor-type=\"wp-page\" data-elementor-id=\"6625\" class=\"elementor elementor-6625\">\n\t\t\t\t\t\t<section class=\"elementor-section elementor-top-section elementor-element elementor-element-5095c7a elementor-section-boxed elementor-section-height-default elementor-section-height-default wpr-particle-no wpr-jarallax-no wpr-parallax-no wpr-sticky-section-no\" data-id=\"5095c7a\" data-element_type=\"section\" data-e-type=\"section\">\n\t\t\t\t\t\t<div class=\"elementor-container elementor-column-gap-default\">\n\t\t\t\t\t<div class=\"elementor-column elementor-col-100 elementor-top-column elementor-element elementor-element-5d0ca6a\" data-id=\"5d0ca6a\" data-element_type=\"column\" data-e-type=\"column\">\n\t\t\t<div class=\"elementor-widget-wrap elementor-element-populated\">\n\t\t\t\t\t\t<div class=\"elementor-element elementor-element-59d23ee elementor-widget elementor-widget-heading\" data-id=\"59d23ee\" data-element_type=\"widget\" data-e-type=\"widget\" data-widget_type=\"heading.default\">\n\t\t\t\t<div class=\"elementor-widget-container\">\n\t\t\t\t\t<h3 class=\"elementor-heading-title elementor-size-default\">BACKUP\u00b4S EN LA NUBE<\/h3>\t\t\t\t<\/div>\n\t\t\t\t<\/div>\n\t\t\t\t\t<\/div>\n\t\t<\/div>\n\t\t\t\t\t<\/div>\n\t\t<\/section>\n\t\t\t\t<section class=\"elementor-section elementor-top-section elementor-element elementor-element-f4ac8e6 elementor-section-boxed elementor-section-height-default elementor-section-height-default wpr-particle-no wpr-jarallax-no wpr-parallax-no wpr-sticky-section-no\" data-id=\"f4ac8e6\" data-element_type=\"section\" data-e-type=\"section\">\n\t\t\t\t\t\t<div class=\"elementor-container elementor-column-gap-default\">\n\t\t\t\t\t<div class=\"elementor-column elementor-col-100 elementor-top-column elementor-element elementor-element-698dcda\" data-id=\"698dcda\" data-element_type=\"column\" data-e-type=\"column\">\n\t\t\t<div class=\"elementor-widget-wrap elementor-element-populated\">\n\t\t\t\t\t\t<div class=\"elementor-element elementor-element-79427aa elementor-widget elementor-widget-image\" data-id=\"79427aa\" data-element_type=\"widget\" data-e-type=\"widget\" data-widget_type=\"image.default\">\n\t\t\t\t<div class=\"elementor-widget-container\">\n\t\t\t\t\t\t\t\t\t\t\t\t\t\t\t<img fetchpriority=\"high\" decoding=\"async\" width=\"1024\" height=\"264\" src=\"https:\/\/ispgestion.com\/wp-content\/uploads\/2021\/05\/backup-1024x264.jpg\" class=\"attachment-large size-large wp-image-2177\" alt=\"Servicios software ISPGestion de copias de seguridad\" srcset=\"https:\/\/ispgestion.com\/wp-content\/uploads\/2021\/05\/backup-1024x264.jpg 1024w, https:\/\/ispgestion.com\/wp-content\/uploads\/2021\/05\/backup-600x154.jpg 600w, https:\/\/ispgestion.com\/wp-content\/uploads\/2021\/05\/backup-300x77.jpg 300w, https:\/\/ispgestion.com\/wp-content\/uploads\/2021\/05\/backup-768x198.jpg 768w, https:\/\/ispgestion.com\/wp-content\/uploads\/2021\/05\/backup-1536x395.jpg 1536w, https:\/\/ispgestion.com\/wp-content\/uploads\/2021\/05\/backup-16x4.jpg 16w, https:\/\/ispgestion.com\/wp-content\/uploads\/2021\/05\/backup.jpg 1570w\" sizes=\"(max-width: 1024px) 100vw, 1024px\" \/>\t\t\t\t\t\t\t\t\t\t\t\t\t\t\t<\/div>\n\t\t\t\t<\/div>\n\t\t\t\t\t<\/div>\n\t\t<\/div>\n\t\t\t\t\t<\/div>\n\t\t<\/section>\n\t\t\t\t<section class=\"elementor-section elementor-top-section elementor-element elementor-element-1786503 elementor-section-boxed elementor-section-height-default elementor-section-height-default wpr-particle-no wpr-jarallax-no wpr-parallax-no wpr-sticky-section-no\" data-id=\"1786503\" data-element_type=\"section\" data-e-type=\"section\">\n\t\t\t\t\t\t<div class=\"elementor-container elementor-column-gap-default\">\n\t\t\t\t\t<div class=\"elementor-column elementor-col-100 elementor-top-column elementor-element elementor-element-6762a21\" data-id=\"6762a21\" data-element_type=\"column\" data-e-type=\"column\">\n\t\t\t<div class=\"elementor-widget-wrap elementor-element-populated\">\n\t\t\t\t\t\t<div class=\"elementor-element elementor-element-c623aaa elementor-widget elementor-widget-text-editor\" data-id=\"c623aaa\" data-element_type=\"widget\" data-e-type=\"widget\" data-widget_type=\"text-editor.default\">\n\t\t\t\t<div class=\"elementor-widget-container\">\n\t\t\t\t\t\t\t\t\t<p>La seguridad y disponibilidad de sus datos debe ser una m\u00e1xima para su empresa y, en este contexto, son varias las razones por las que es importante realizar backup\u00b4s en la nube:<\/p><p><strong>Maggiore sicurezza<\/strong>: Al almacenar los datos en la nube, estos est\u00e1n protegidos contra posibles desastres naturales, robos o da\u00f1os f\u00edsicos a los servidores. Adem\u00e1s, ofrecemos servicios de almacenamiento con medidas de seguridad adicionales para proteger los datos de nuestros clientes de manera robusta.<\/p><p><strong>Maggiore flessibilit\u00e0<\/strong>: Al tener acceso a los datos desde cualquier lugar y dispositivo con conexi\u00f3n a Internet, es m\u00e1s f\u00e1cil trabajar en proyectos y colaborar con otros usuarios, sin estar limitados por la ubicaci\u00f3n o el dispositivo que se est\u00e9 utilizando.<\/p><p><strong>Maggiore scalabilit\u00e0<\/strong>Archiviando i dati nel cloud, \u00e8 pi\u00f9 facile aumentare o ridurre lo spazio di archiviazione in base alle esigenze, senza dover investire in hardware aggiuntivo o preoccuparsi della gestione dell'hardware.<\/p><p><strong>Maggiore efficienza<\/strong>: Realizar backup en la nube permite ahorrar tiempo y recursos al no tener que preocuparse por la gesti\u00f3n del backup en s\u00ed. Adem\u00e1s, al no tener que realizar copias de seguridad de forma manual, se reduce el riesgo de olvidar la ejecuci\u00f3n de este importante proceso.<\/p><p>In breve, il backup nel cloud offre maggiore sicurezza, flessibilit\u00e0, scalabilit\u00e0 ed efficienza rispetto all'archiviazione dei dati su server locali.<\/p><p><b>\u00a0<\/b><b style=\"letter-spacing: 0px;\"><\/b><\/p>\t\t\t\t\t\t\t\t<\/div>\n\t\t\t\t<\/div>\n\t\t\t\t\t<\/div>\n\t\t<\/div>\n\t\t\t\t\t<\/div>\n\t\t<\/section>\n\t\t\t\t<\/div>","protected":false},"excerpt":{"rendered":"<p>BACKUP\u00b4S EN LA NUBE La seguridad y disponibilidad de sus datos debe ser una m\u00e1xima para su empresa y, en este contexto, son varias las razones por las que es importante realizar backup\u00b4s en la nube: Mayor seguridad: Al almacenar los datos en la nube, estos est\u00e1n protegidos contra posibles desastres naturales, robos o da\u00f1os f\u00edsicos a los servidores. Adem\u00e1s, ofrecemos servicios de almacenamiento con medidas de seguridad adicionales para proteger los datos de nuestros clientes de manera robusta. Mayor flexibilidad: Al tener acceso a los datos desde cualquier lugar y dispositivo con conexi\u00f3n a Internet, es m\u00e1s f\u00e1cil trabajar en proyectos y colaborar con otros usuarios, sin estar limitados por la ubicaci\u00f3n o el dispositivo que se est\u00e9 utilizando. Mayor escalabilidad: Al almacenar los datos en la nube, es m\u00e1s f\u00e1cil aumentar o disminuir el espacio de almacenamiento seg\u00fan sea necesario, sin tener que invertir en hardware adicional o preocuparse por la gesti\u00f3n del mismo. Mayor eficiencia: Realizar backup en la nube permite ahorrar tiempo y recursos al no tener que preocuparse por la gesti\u00f3n del backup en s\u00ed. Adem\u00e1s, al no tener que realizar copias de seguridad de forma manual, se reduce el riesgo de olvidar la ejecuci\u00f3n de este importante proceso. En resumen, realizar backup en la nube ofrece mayor seguridad, flexibilidad, escalabilidad y eficiencia en comparaci\u00f3n con almacenar los datos en servidores locales. &nbsp;<\/p>","protected":false},"author":4,"featured_media":0,"parent":0,"menu_order":0,"comment_status":"closed","ping_status":"closed","template":"page-templates\/template-pagebuilder-full-width.php","meta":{"neve_meta_sidebar":"","neve_meta_container":"","neve_meta_enable_content_width":"","neve_meta_content_width":0,"neve_meta_title_alignment":"","neve_meta_author_avatar":"","neve_post_elements_order":"","neve_meta_disable_header":"","neve_meta_disable_footer":"","neve_meta_disable_title":"","footnotes":""},"class_list":["post-6625","page","type-page","status-publish","hentry"],"yoast_head":"<!-- This site is optimized with the Yoast SEO plugin v27.3 - https:\/\/yoast.com\/product\/yoast-seo-wordpress\/ -->\n<title>Backup\u00b4s en la Nube - ISP Gesti\u00f3n<\/title>\n<meta name=\"description\" content=\"Servicios software ISPGestion de copias de seguridad en otros servidores , para una mayor seguridad .escalabilidad, eficiencia y flexibilidad\" \/>\n<meta name=\"robots\" content=\"index, follow, max-snippet:-1, max-image-preview:large, max-video-preview:-1\" \/>\n<link rel=\"canonical\" href=\"https:\/\/ispgestion.com\/it\/backup-en-la-nube\/\" \/>\n<meta property=\"og:locale\" content=\"it_IT\" \/>\n<meta property=\"og:type\" content=\"article\" \/>\n<meta property=\"og:title\" content=\"Backup\u00b4s en la Nube - ISP Gesti\u00f3n\" \/>\n<meta property=\"og:description\" content=\"Servicios software ISPGestion de copias de seguridad en otros servidores , para una mayor seguridad .escalabilidad, eficiencia y flexibilidad\" \/>\n<meta property=\"og:url\" content=\"https:\/\/ispgestion.com\/it\/backup-en-la-nube\/\" \/>\n<meta property=\"og:site_name\" content=\"ISP Gesti\u00f3n\" \/>\n<meta property=\"article:publisher\" content=\"https:\/\/www.facebook.com\/ispgestion\/\" \/>\n<meta property=\"article:modified_time\" content=\"2023-02-21T15:07:28+00:00\" \/>\n<meta property=\"og:image\" content=\"https:\/\/ispgestion.com\/wp-content\/uploads\/2021\/05\/backup-1024x264.jpg\" \/>\n<meta name=\"twitter:card\" content=\"summary_large_image\" \/>\n<meta name=\"twitter:label1\" content=\"Tempo di lettura stimato\" \/>\n\t<meta name=\"twitter:data1\" content=\"2 minuti\" \/>\n<script type=\"application\/ld+json\" class=\"yoast-schema-graph\">{\"@context\":\"https:\\\/\\\/schema.org\",\"@graph\":[{\"@type\":\"WebPage\",\"@id\":\"https:\\\/\\\/ispgestion.com\\\/backup-en-la-nube\\\/\",\"url\":\"https:\\\/\\\/ispgestion.com\\\/backup-en-la-nube\\\/\",\"name\":\"Backup\u00b4s en la Nube - ISP Gesti\u00f3n\",\"isPartOf\":{\"@id\":\"https:\\\/\\\/ispgestion.com\\\/#website\"},\"primaryImageOfPage\":{\"@id\":\"https:\\\/\\\/ispgestion.com\\\/backup-en-la-nube\\\/#primaryimage\"},\"image\":{\"@id\":\"https:\\\/\\\/ispgestion.com\\\/backup-en-la-nube\\\/#primaryimage\"},\"thumbnailUrl\":\"https:\\\/\\\/ispgestion.com\\\/wp-content\\\/uploads\\\/2021\\\/05\\\/backup-1024x264.jpg\",\"datePublished\":\"2023-01-16T10:27:56+00:00\",\"dateModified\":\"2023-02-21T15:07:28+00:00\",\"description\":\"Servicios software ISPGestion de copias de seguridad en otros servidores , para una mayor seguridad .escalabilidad, eficiencia y flexibilidad\",\"breadcrumb\":{\"@id\":\"https:\\\/\\\/ispgestion.com\\\/backup-en-la-nube\\\/#breadcrumb\"},\"inLanguage\":\"it-IT\",\"potentialAction\":[{\"@type\":\"ReadAction\",\"target\":[\"https:\\\/\\\/ispgestion.com\\\/backup-en-la-nube\\\/\"]}]},{\"@type\":\"ImageObject\",\"inLanguage\":\"it-IT\",\"@id\":\"https:\\\/\\\/ispgestion.com\\\/backup-en-la-nube\\\/#primaryimage\",\"url\":\"https:\\\/\\\/ispgestion.com\\\/wp-content\\\/uploads\\\/2021\\\/05\\\/backup-1024x264.jpg\",\"contentUrl\":\"https:\\\/\\\/ispgestion.com\\\/wp-content\\\/uploads\\\/2021\\\/05\\\/backup-1024x264.jpg\"},{\"@type\":\"BreadcrumbList\",\"@id\":\"https:\\\/\\\/ispgestion.com\\\/backup-en-la-nube\\\/#breadcrumb\",\"itemListElement\":[{\"@type\":\"ListItem\",\"position\":1,\"name\":\"Portada\",\"item\":\"https:\\\/\\\/ispgestion.com\\\/\"},{\"@type\":\"ListItem\",\"position\":2,\"name\":\"Backup\u00b4s en la Nube\"}]},{\"@type\":\"WebSite\",\"@id\":\"https:\\\/\\\/ispgestion.com\\\/#website\",\"url\":\"https:\\\/\\\/ispgestion.com\\\/\",\"name\":\"ISP Gesti\u00f3n\",\"description\":\"Software en la nube para ISP - Sotware ERP\",\"publisher\":{\"@id\":\"https:\\\/\\\/ispgestion.com\\\/#organization\"},\"potentialAction\":[{\"@type\":\"SearchAction\",\"target\":{\"@type\":\"EntryPoint\",\"urlTemplate\":\"https:\\\/\\\/ispgestion.com\\\/?s={search_term_string}\"},\"query-input\":{\"@type\":\"PropertyValueSpecification\",\"valueRequired\":true,\"valueName\":\"search_term_string\"}}],\"inLanguage\":\"it-IT\"},{\"@type\":\"Organization\",\"@id\":\"https:\\\/\\\/ispgestion.com\\\/#organization\",\"name\":\"ISP Gesti\u00f3n\",\"url\":\"https:\\\/\\\/ispgestion.com\\\/\",\"logo\":{\"@type\":\"ImageObject\",\"inLanguage\":\"it-IT\",\"@id\":\"https:\\\/\\\/ispgestion.com\\\/#\\\/schema\\\/logo\\\/image\\\/\",\"url\":\"https:\\\/\\\/ispgestion.com\\\/wp-content\\\/uploads\\\/2020\\\/04\\\/cropped-logo-isp-1-1.png\",\"contentUrl\":\"https:\\\/\\\/ispgestion.com\\\/wp-content\\\/uploads\\\/2020\\\/04\\\/cropped-logo-isp-1-1.png\",\"width\":245,\"height\":250,\"caption\":\"ISP Gesti\u00f3n\"},\"image\":{\"@id\":\"https:\\\/\\\/ispgestion.com\\\/#\\\/schema\\\/logo\\\/image\\\/\"},\"sameAs\":[\"https:\\\/\\\/www.facebook.com\\\/ispgestion\\\/\",\"https:\\\/\\\/es.linkedin.com\\\/in\\\/isp-gesti\u00f3n-62652715a\",\"https:\\\/\\\/www.youtube.com\\\/channel\\\/UCkZAs-0NFnSnVrh17SNCARg\"]}]}<\/script>\n<!-- \/ Yoast SEO plugin. -->","yoast_head_json":{"title":"Backup\u00b4s en la Nube - ISP Gesti\u00f3n","description":"Servicios software ISPGestion de copias de seguridad en otros servidores , para una mayor seguridad .escalabilidad, eficiencia y flexibilidad","robots":{"index":"index","follow":"follow","max-snippet":"max-snippet:-1","max-image-preview":"max-image-preview:large","max-video-preview":"max-video-preview:-1"},"canonical":"https:\/\/ispgestion.com\/it\/backup-en-la-nube\/","og_locale":"it_IT","og_type":"article","og_title":"Backup\u00b4s en la Nube - ISP Gesti\u00f3n","og_description":"Servicios software ISPGestion de copias de seguridad en otros servidores , para una mayor seguridad .escalabilidad, eficiencia y flexibilidad","og_url":"https:\/\/ispgestion.com\/it\/backup-en-la-nube\/","og_site_name":"ISP Gesti\u00f3n","article_publisher":"https:\/\/www.facebook.com\/ispgestion\/","article_modified_time":"2023-02-21T15:07:28+00:00","og_image":[{"url":"https:\/\/ispgestion.com\/wp-content\/uploads\/2021\/05\/backup-1024x264.jpg","type":"","width":"","height":""}],"twitter_card":"summary_large_image","twitter_misc":{"Tempo di lettura stimato":"2 minuti"},"schema":{"@context":"https:\/\/schema.org","@graph":[{"@type":"WebPage","@id":"https:\/\/ispgestion.com\/backup-en-la-nube\/","url":"https:\/\/ispgestion.com\/backup-en-la-nube\/","name":"Backup\u00b4s en la Nube - ISP Gesti\u00f3n","isPartOf":{"@id":"https:\/\/ispgestion.com\/#website"},"primaryImageOfPage":{"@id":"https:\/\/ispgestion.com\/backup-en-la-nube\/#primaryimage"},"image":{"@id":"https:\/\/ispgestion.com\/backup-en-la-nube\/#primaryimage"},"thumbnailUrl":"https:\/\/ispgestion.com\/wp-content\/uploads\/2021\/05\/backup-1024x264.jpg","datePublished":"2023-01-16T10:27:56+00:00","dateModified":"2023-02-21T15:07:28+00:00","description":"Servicios software ISPGestion de copias de seguridad en otros servidores , para una mayor seguridad .escalabilidad, eficiencia y flexibilidad","breadcrumb":{"@id":"https:\/\/ispgestion.com\/backup-en-la-nube\/#breadcrumb"},"inLanguage":"it-IT","potentialAction":[{"@type":"ReadAction","target":["https:\/\/ispgestion.com\/backup-en-la-nube\/"]}]},{"@type":"ImageObject","inLanguage":"it-IT","@id":"https:\/\/ispgestion.com\/backup-en-la-nube\/#primaryimage","url":"https:\/\/ispgestion.com\/wp-content\/uploads\/2021\/05\/backup-1024x264.jpg","contentUrl":"https:\/\/ispgestion.com\/wp-content\/uploads\/2021\/05\/backup-1024x264.jpg"},{"@type":"BreadcrumbList","@id":"https:\/\/ispgestion.com\/backup-en-la-nube\/#breadcrumb","itemListElement":[{"@type":"ListItem","position":1,"name":"Portada","item":"https:\/\/ispgestion.com\/"},{"@type":"ListItem","position":2,"name":"Backup\u00b4s en la Nube"}]},{"@type":"WebSite","@id":"https:\/\/ispgestion.com\/#website","url":"https:\/\/ispgestion.com\/","name":"Gestione ISP","description":"Software cloud per ISP - Software ERP","publisher":{"@id":"https:\/\/ispgestion.com\/#organization"},"potentialAction":[{"@type":"SearchAction","target":{"@type":"EntryPoint","urlTemplate":"https:\/\/ispgestion.com\/?s={search_term_string}"},"query-input":{"@type":"PropertyValueSpecification","valueRequired":true,"valueName":"search_term_string"}}],"inLanguage":"it-IT"},{"@type":"Organization","@id":"https:\/\/ispgestion.com\/#organization","name":"Gestione ISP","url":"https:\/\/ispgestion.com\/","logo":{"@type":"ImageObject","inLanguage":"it-IT","@id":"https:\/\/ispgestion.com\/#\/schema\/logo\/image\/","url":"https:\/\/ispgestion.com\/wp-content\/uploads\/2020\/04\/cropped-logo-isp-1-1.png","contentUrl":"https:\/\/ispgestion.com\/wp-content\/uploads\/2020\/04\/cropped-logo-isp-1-1.png","width":245,"height":250,"caption":"ISP Gesti\u00f3n"},"image":{"@id":"https:\/\/ispgestion.com\/#\/schema\/logo\/image\/"},"sameAs":["https:\/\/www.facebook.com\/ispgestion\/","https:\/\/es.linkedin.com\/in\/isp-gesti\u00f3n-62652715a","https:\/\/www.youtube.com\/channel\/UCkZAs-0NFnSnVrh17SNCARg"]}]}},"_links":{"self":[{"href":"https:\/\/ispgestion.com\/it\/wp-json\/wp\/v2\/pages\/6625","targetHints":{"allow":["GET"]}}],"collection":[{"href":"https:\/\/ispgestion.com\/it\/wp-json\/wp\/v2\/pages"}],"about":[{"href":"https:\/\/ispgestion.com\/it\/wp-json\/wp\/v2\/types\/page"}],"author":[{"embeddable":true,"href":"https:\/\/ispgestion.com\/it\/wp-json\/wp\/v2\/users\/4"}],"replies":[{"embeddable":true,"href":"https:\/\/ispgestion.com\/it\/wp-json\/wp\/v2\/comments?post=6625"}],"version-history":[{"count":15,"href":"https:\/\/ispgestion.com\/it\/wp-json\/wp\/v2\/pages\/6625\/revisions"}],"predecessor-version":[{"id":6917,"href":"https:\/\/ispgestion.com\/it\/wp-json\/wp\/v2\/pages\/6625\/revisions\/6917"}],"wp:attachment":[{"href":"https:\/\/ispgestion.com\/it\/wp-json\/wp\/v2\/media?parent=6625"}],"curies":[{"name":"wp","href":"https:\/\/api.w.org\/{rel}","templated":true}]}}