{"id":6297,"date":"2022-12-28T09:49:28","date_gmt":"2022-12-28T08:49:28","guid":{"rendered":"https:\/\/ispgestion.com\/?page_id=6297"},"modified":"2022-12-28T13:17:28","modified_gmt":"2022-12-28T12:17:28","slug":"procesos-de-telefonia-automaticos-cdrs","status":"publish","type":"page","link":"https:\/\/ispgestion.com\/it\/procesos-de-telefonia-automaticos-cdrs\/","title":{"rendered":"PROCESSI DI TELEFONIA AUTOMATICA CDRS"},"content":{"rendered":"<div data-elementor-type=\"wp-page\" data-elementor-id=\"6297\" class=\"elementor elementor-6297\">\n\t\t\t\t\t\t<section class=\"elementor-section elementor-top-section elementor-element elementor-element-b85540b elementor-section-boxed elementor-section-height-default elementor-section-height-default wpr-particle-no wpr-jarallax-no wpr-parallax-no wpr-sticky-section-no wpr-equal-height-no\" data-id=\"b85540b\" data-element_type=\"section\" data-e-type=\"section\">\n\t\t\t\t\t\t<div class=\"elementor-container elementor-column-gap-default\">\n\t\t\t\t\t<div class=\"elementor-column elementor-col-100 elementor-top-column elementor-element elementor-element-f10a614\" data-id=\"f10a614\" data-element_type=\"column\" data-e-type=\"column\">\n\t\t\t<div class=\"elementor-widget-wrap elementor-element-populated\">\n\t\t\t\t\t\t<div class=\"elementor-element elementor-element-4f5f93c elementor-widget elementor-widget-spacer\" data-id=\"4f5f93c\" data-element_type=\"widget\" data-e-type=\"widget\" data-widget_type=\"spacer.default\">\n\t\t\t\t<div class=\"elementor-widget-container\">\n\t\t\t\t\t\t\t<div class=\"elementor-spacer\">\n\t\t\t<div class=\"elementor-spacer-inner\"><\/div>\n\t\t<\/div>\n\t\t\t\t\t\t<\/div>\n\t\t\t\t<\/div>\n\t\t\t\t\t<\/div>\n\t\t<\/div>\n\t\t\t\t\t<\/div>\n\t\t<\/section>\n\t\t\t\t<section class=\"elementor-section elementor-top-section elementor-element elementor-element-ee7b9ae elementor-section-boxed elementor-section-height-default elementor-section-height-default wpr-particle-no wpr-jarallax-no wpr-parallax-no wpr-sticky-section-no wpr-equal-height-no\" data-id=\"ee7b9ae\" data-element_type=\"section\" data-e-type=\"section\">\n\t\t\t\t\t\t<div class=\"elementor-container elementor-column-gap-default\">\n\t\t\t\t\t<div class=\"elementor-column elementor-col-100 elementor-top-column elementor-element elementor-element-3e6d19e\" data-id=\"3e6d19e\" data-element_type=\"column\" data-e-type=\"column\">\n\t\t\t<div class=\"elementor-widget-wrap elementor-element-populated\">\n\t\t\t\t\t\t<div class=\"elementor-element elementor-element-fc58876 elementor-widget elementor-widget-heading\" data-id=\"fc58876\" data-element_type=\"widget\" data-e-type=\"widget\" data-widget_type=\"heading.default\">\n\t\t\t\t<div class=\"elementor-widget-container\">\n\t\t\t\t\t<h1 class=\"elementor-heading-title elementor-size-large\">ISPGESTION fornisce un software per la gestione dei CDR di telefonia. <\/h1>\t\t\t\t<\/div>\n\t\t\t\t<\/div>\n\t\t\t\t\t<\/div>\n\t\t<\/div>\n\t\t\t\t\t<\/div>\n\t\t<\/section>\n\t\t\t\t<section class=\"elementor-section elementor-top-section elementor-element elementor-element-d169c39 elementor-section-boxed elementor-section-height-default elementor-section-height-default wpr-particle-no wpr-jarallax-no wpr-parallax-no wpr-sticky-section-no wpr-equal-height-no\" data-id=\"d169c39\" data-element_type=\"section\" data-e-type=\"section\">\n\t\t\t\t\t\t<div class=\"elementor-container elementor-column-gap-default\">\n\t\t\t\t\t<div class=\"elementor-column elementor-col-50 elementor-top-column elementor-element elementor-element-81fb534\" data-id=\"81fb534\" data-element_type=\"column\" data-e-type=\"column\" data-settings=\"{&quot;background_background&quot;:&quot;classic&quot;}\">\n\t\t\t<div class=\"elementor-widget-wrap elementor-element-populated\">\n\t\t\t\t\t\t<div class=\"elementor-element elementor-element-3923f3f elementor-view-default elementor-widget elementor-widget-icon\" data-id=\"3923f3f\" data-element_type=\"widget\" data-e-type=\"widget\" data-widget_type=\"icon.default\">\n\t\t\t\t<div class=\"elementor-widget-container\">\n\t\t\t\t\t\t\t<div class=\"elementor-icon-wrapper\">\n\t\t\t<div class=\"elementor-icon\">\n\t\t\t<i aria-hidden=\"true\" class=\"fas fa-download\"><\/i>\t\t\t<\/div>\n\t\t<\/div>\n\t\t\t\t\t\t<\/div>\n\t\t\t\t<\/div>\n\t\t\t\t<div class=\"elementor-element elementor-element-80ffd27 elementor-widget elementor-widget-text-editor\" data-id=\"80ffd27\" data-element_type=\"widget\" data-e-type=\"widget\" data-widget_type=\"text-editor.default\">\n\t\t\t\t<div class=\"elementor-widget-container\">\n\t\t\t\t\t\t\t\t\t<p><strong>Scaricare i CDR\u00a0\u00a0<\/strong><\/p><ul><li>Ubunet<\/li><li>Alisys<\/li><li>Imatel<\/li><li>Opencable<\/li><li>Siptize<\/li><li>La boutique delle telecomunicazioni<\/li><li>ecc.<\/li><\/ul><p>\u00a0<\/p>\t\t\t\t\t\t\t\t<\/div>\n\t\t\t\t<\/div>\n\t\t\t\t\t<\/div>\n\t\t<\/div>\n\t\t\t\t<div class=\"elementor-column elementor-col-50 elementor-top-column elementor-element elementor-element-a66f892\" data-id=\"a66f892\" data-element_type=\"column\" data-e-type=\"column\">\n\t\t\t<div class=\"elementor-widget-wrap elementor-element-populated\">\n\t\t\t\t\t\t<div class=\"elementor-element elementor-element-87133c4 elementor-widget elementor-widget-heading\" data-id=\"87133c4\" data-element_type=\"widget\" data-e-type=\"widget\" data-widget_type=\"heading.default\">\n\t\t\t\t<div class=\"elementor-widget-container\">\n\t\t\t\t\t<h2 class=\"elementor-heading-title elementor-size-medium\">PROCESSI DI TELEFONIA AUTOMATICA CDRS<\/h2>\t\t\t\t<\/div>\n\t\t\t\t<\/div>\n\t\t\t\t<div class=\"elementor-element elementor-element-52b9c24 elementor-widget elementor-widget-text-editor\" data-id=\"52b9c24\" data-element_type=\"widget\" data-e-type=\"widget\" data-widget_type=\"text-editor.default\">\n\t\t\t\t<div class=\"elementor-widget-container\">\n\t\t\t\t\t\t\t\t\t<p>Il <strong>COR<\/strong> (I Call Detail Records sono file contenenti informazioni dettagliate sulle chiamate telefoniche effettuate e ricevute su una rete telefonica. Questi record includono informazioni quali il numero di origine e di terminazione della chiamata, la durata della chiamata, l'ora di inizio e di fine della chiamata e altri dettagli tecnici.<\/p><p>I CDR sono utilizzati principalmente per la fatturazione e per tenere traccia dei modelli di utilizzo della rete telefonica. Ad esempio, gli operatori di telecomunicazioni possono utilizzare i CDR per fatturare ai propri clienti l'utilizzo della rete telefonica e per monitorare le prestazioni della rete e individuare i problemi tecnici. Possono anche essere utilizzati per indagare su problemi di servizio e per condurre ricerche di mercato e analisi dei dati.<\/p>\t\t\t\t\t\t\t\t<\/div>\n\t\t\t\t<\/div>\n\t\t\t\t\t<\/div>\n\t\t<\/div>\n\t\t\t\t\t<\/div>\n\t\t<\/section>\n\t\t\t\t<section class=\"elementor-section elementor-top-section elementor-element elementor-element-c097ce5 elementor-section-boxed elementor-section-height-default elementor-section-height-default wpr-particle-no wpr-jarallax-no wpr-parallax-no wpr-sticky-section-no wpr-equal-height-no\" data-id=\"c097ce5\" data-element_type=\"section\" data-e-type=\"section\">\n\t\t\t\t\t\t<div class=\"elementor-container elementor-column-gap-default\">\n\t\t\t\t\t<div class=\"elementor-column elementor-col-100 elementor-top-column elementor-element elementor-element-efbf4d5\" data-id=\"efbf4d5\" data-element_type=\"column\" data-e-type=\"column\">\n\t\t\t<div class=\"elementor-widget-wrap elementor-element-populated\">\n\t\t\t\t\t\t<div class=\"elementor-element elementor-element-d769b3c elementor-widget elementor-widget-text-editor\" data-id=\"d769b3c\" data-element_type=\"widget\" data-e-type=\"widget\" data-widget_type=\"text-editor.default\">\n\t\t\t\t<div class=\"elementor-widget-container\">\n\t\t\t\t\t\t\t\t\t<p>I CDR possono essere utilizzati anche per scopi di sicurezza e per ottemperare ai requisiti di legge. Ad esempio, i CDR possono essere utilizzati per rintracciare chiamate sospette o per fornire prove in casi di indagini penali.<\/p><p><strong style=\"background-color: var(--nv-site-bg); color: var(--nv-text-color); font-family: Open Sans, var(--nv-fallback-ff); letter-spacing: 0px;\">ISP Gesti\u00f3n dispone di processi di importazione automatica di CDRS, tramite DB, API, FTP, STPF, SPC, HTTP.<\/strong><\/p>\t\t\t\t\t\t\t\t<\/div>\n\t\t\t\t<\/div>\n\t\t\t\t\t<\/div>\n\t\t<\/div>\n\t\t\t\t\t<\/div>\n\t\t<\/section>\n\t\t\t\t<section class=\"elementor-section elementor-top-section elementor-element elementor-element-31f63ce elementor-section-boxed elementor-section-height-default elementor-section-height-default wpr-particle-no wpr-jarallax-no wpr-parallax-no wpr-sticky-section-no wpr-equal-height-no\" data-id=\"31f63ce\" data-element_type=\"section\" data-e-type=\"section\">\n\t\t\t\t\t\t<div class=\"elementor-container elementor-column-gap-default\">\n\t\t\t\t\t<div class=\"elementor-column elementor-col-100 elementor-top-column elementor-element elementor-element-5832f3d\" data-id=\"5832f3d\" data-element_type=\"column\" data-e-type=\"column\">\n\t\t\t<div class=\"elementor-widget-wrap elementor-element-populated\">\n\t\t\t\t\t\t<div class=\"elementor-element elementor-element-ec43617 elementor-widget elementor-widget-spacer\" data-id=\"ec43617\" data-element_type=\"widget\" data-e-type=\"widget\" data-widget_type=\"spacer.default\">\n\t\t\t\t<div class=\"elementor-widget-container\">\n\t\t\t\t\t\t\t<div class=\"elementor-spacer\">\n\t\t\t<div class=\"elementor-spacer-inner\"><\/div>\n\t\t<\/div>\n\t\t\t\t\t\t<\/div>\n\t\t\t\t<\/div>\n\t\t\t\t\t<\/div>\n\t\t<\/div>\n\t\t\t\t\t<\/div>\n\t\t<\/section>\n\t\t\t\t<section class=\"elementor-section elementor-top-section elementor-element elementor-element-ef24224 elementor-section-boxed elementor-section-height-default elementor-section-height-default wpr-particle-no wpr-jarallax-no wpr-parallax-no wpr-sticky-section-no wpr-equal-height-no\" data-id=\"ef24224\" data-element_type=\"section\" data-e-type=\"section\">\n\t\t\t\t\t\t<div class=\"elementor-container elementor-column-gap-default\">\n\t\t\t\t\t<div class=\"elementor-column elementor-col-100 elementor-top-column elementor-element elementor-element-1a5c4e7\" data-id=\"1a5c4e7\" data-element_type=\"column\" data-e-type=\"column\">\n\t\t\t<div class=\"elementor-widget-wrap elementor-element-populated\">\n\t\t\t\t\t\t<div class=\"elementor-element elementor-element-f73f33b elementor-widget elementor-widget-heading\" data-id=\"f73f33b\" data-element_type=\"widget\" data-e-type=\"widget\" data-widget_type=\"heading.default\">\n\t\t\t\t<div class=\"elementor-widget-container\">\n\t\t\t\t\t<h3 class=\"elementor-heading-title elementor-size-default\">Pre-fatturazione delle eccedenze <\/h3>\t\t\t\t<\/div>\n\t\t\t\t<\/div>\n\t\t\t\t\t<\/div>\n\t\t<\/div>\n\t\t\t\t\t<\/div>\n\t\t<\/section>\n\t\t\t\t<section class=\"elementor-section elementor-top-section elementor-element elementor-element-7100435 elementor-section-boxed elementor-section-height-default elementor-section-height-default wpr-particle-no wpr-jarallax-no wpr-parallax-no wpr-sticky-section-no wpr-equal-height-no\" data-id=\"7100435\" data-element_type=\"section\" data-e-type=\"section\">\n\t\t\t\t\t\t<div class=\"elementor-container elementor-column-gap-default\">\n\t\t\t\t\t<div class=\"elementor-column elementor-col-100 elementor-top-column elementor-element elementor-element-7df1cc9\" data-id=\"7df1cc9\" data-element_type=\"column\" data-e-type=\"column\">\n\t\t\t<div class=\"elementor-widget-wrap elementor-element-populated\">\n\t\t\t\t\t\t<div class=\"elementor-element elementor-element-000018a elementor-widget elementor-widget-text-editor\" data-id=\"000018a\" data-element_type=\"widget\" data-e-type=\"widget\" data-widget_type=\"text-editor.default\">\n\t\t\t\t<div class=\"elementor-widget-container\">\n\t\t\t\t\t\t\t\t\t<p>La pre-fatturazione delle chiamate in eccesso \u00e8 un processo utilizzato per addebitare l'uso di servizi di telecomunicazione che vanno oltre i limiti stabiliti in un piano di servizio. Ad esempio, se un cliente ha un piano di telefonia mobile che prevede un certo numero di minuti di chiamata e di SMS al mese, ma poi effettua pi\u00f9 chiamate o invia pi\u00f9 SMS di quelli previsti dal piano, la societ\u00e0 di telecomunicazioni pu\u00f2 addebitare i costi in eccesso attraverso la pre-fatturazione.<\/p>\n<p>La pre-fatturazione delle chiamate in eccesso viene solitamente effettuata inviando al cliente una fattura aggiuntiva, che include un addebito per l'utilizzo di servizi aggiuntivi. In alcuni casi, l'azienda di telecomunicazioni pu\u00f2 inviare una notifica prima dell'invio della fattura, per informare il cliente dell'uso aggiuntivo dei servizi e dell'importo che verr\u00e0 addebitato.<\/p>\t\t\t\t\t\t\t\t<\/div>\n\t\t\t\t<\/div>\n\t\t\t\t\t<\/div>\n\t\t<\/div>\n\t\t\t\t\t<\/div>\n\t\t<\/section>\n\t\t\t\t<section class=\"elementor-section elementor-top-section elementor-element elementor-element-dbb8e28 elementor-section-boxed elementor-section-height-default elementor-section-height-default wpr-particle-no wpr-jarallax-no wpr-parallax-no wpr-sticky-section-no wpr-equal-height-no\" data-id=\"dbb8e28\" data-element_type=\"section\" data-e-type=\"section\">\n\t\t\t\t\t\t<div class=\"elementor-container elementor-column-gap-default\">\n\t\t\t\t\t<div class=\"elementor-column elementor-col-50 elementor-top-column elementor-element elementor-element-0e9af2e\" data-id=\"0e9af2e\" data-element_type=\"column\" data-e-type=\"column\">\n\t\t\t<div class=\"elementor-widget-wrap elementor-element-populated\">\n\t\t\t\t\t\t<div class=\"elementor-element elementor-element-e1191f5 elementor-widget elementor-widget-video\" data-id=\"e1191f5\" data-element_type=\"widget\" data-e-type=\"widget\" data-settings=\"{&quot;youtube_url&quot;:&quot;https:\\\/\\\/www.youtube.com\\\/watch?v=bafYDdBAA2s&quot;,&quot;video_type&quot;:&quot;youtube&quot;,&quot;controls&quot;:&quot;yes&quot;}\" data-widget_type=\"video.default\">\n\t\t\t\t<div class=\"elementor-widget-container\">\n\t\t\t\t\t\t\t<div class=\"elementor-wrapper elementor-open-inline\">\n\t\t\t<div class=\"elementor-video\"><\/div>\t\t<\/div>\n\t\t\t\t\t\t<\/div>\n\t\t\t\t<\/div>\n\t\t\t\t\t<\/div>\n\t\t<\/div>\n\t\t\t\t<div class=\"elementor-column elementor-col-50 elementor-top-column elementor-element elementor-element-d338154\" data-id=\"d338154\" data-element_type=\"column\" data-e-type=\"column\">\n\t\t\t<div class=\"elementor-widget-wrap elementor-element-populated\">\n\t\t\t\t\t\t<div class=\"elementor-element elementor-element-d7c7262 elementor-widget elementor-widget-text-editor\" data-id=\"d7c7262\" data-element_type=\"widget\" data-e-type=\"widget\" data-widget_type=\"text-editor.default\">\n\t\t\t\t<div class=\"elementor-widget-container\">\n\t\t\t\t\t\t\t\t\t<h4 class=\"cat-title\">Generazione di file CDR<\/h4><p>Con il software ISPGesti\u00f3n \u00e8 possibile generare file CDR (Call Detail Record) con i dettagli delle chiamate precedentemente importate in ISPGesti\u00f3n di determinati clienti. <\/p><p>Questo file verr\u00e0 caricato in una cartella specifica su un server FTP. In questo modo, i clienti o gli agenti da noi indicati potranno accedere e scaricare i loro file e utilizzarli a loro volta per prezzare le chiamate ai loro clienti finali.<\/p>\t\t\t\t\t\t\t\t<\/div>\n\t\t\t\t<\/div>\n\t\t\t\t\t<\/div>\n\t\t<\/div>\n\t\t\t\t\t<\/div>\n\t\t<\/section>\n\t\t\t\t<\/div>","protected":false},"excerpt":{"rendered":"<p>ISPGESTION provee de software para la Gesti\u00f3n de CDRs Telefon\u00eda DESCARGA DE CDR&#8217;s\u00a0\u00a0 Ubunet Alisys Imatel Opencable Siptize The Telecom Boutique etc \u00a0 PROCESOS DE TELEFON\u00cdA AUTOM\u00c1TICOS CDRS Los CDR (Call Detail Records) son archivos que contienen informaci\u00f3n detallada sobre las llamadas telef\u00f3nicas realizadas y recibidas por una red de telefon\u00eda. Estos registros incluyen informaci\u00f3n como el n\u00famero de origen y destino de la llamada, la duraci\u00f3n de la llamada, el momento en que comenz\u00f3 y termin\u00f3 la llamada y otros detalles t\u00e9cnicos. Los CDR se utilizan principalmente para fines de facturaci\u00f3n y para llevar un seguimiento de los patrones de uso de la red telef\u00f3nica. Por ejemplo, los operadores de telecomunicaciones pueden utilizar los CDR para facturar a sus clientes por el uso de la red telef\u00f3nica y para monitorear el rendimiento de la red y detectar problemas t\u00e9cnicos. Tambi\u00e9n pueden utilizarse para investigar problemas de servicio y para realizar estudios de mercado y an\u00e1lisis de datos. Los CDR tambi\u00e9n pueden utilizarse para fines de seguridad y para cumplir con requisitos legales. Por ejemplo, los CDR pueden utilizarse para rastrear llamadas sospechosas o para proporcionar pruebas en casos de investigaci\u00f3n criminal. ISP Gesti\u00f3n dispone de procesos autom\u00e1ticos de importaci\u00f3n \u00a0de CDRS, por BD, API, FTP, STPF, SPC, HTTP. La prefacturaci\u00f3n de excedentes La prefacturaci\u00f3n de excedentes de llamadas es un proceso que se utiliza para cobrar por el uso de servicios de telecomunicaciones que van m\u00e1s all\u00e1 de los l\u00edmites establecidos en un plan de servicio. Por ejemplo, si un cliente tiene un plan de tel\u00e9fono m\u00f3vil que incluye una cierta cantidad de minutos de llamada y textos al mes, pero luego hace m\u00e1s llamadas o env\u00eda m\u00e1s mensajes de texto de los incluidos en el plan, la compa\u00f1\u00eda de telecomunicaciones puede cobrar por esos excedentes mediante la prefacturaci\u00f3n. La prefacturaci\u00f3n de excedentes de llamadas se realiza generalmente mediante el env\u00edo de una factura adicional a la cliente, que incluye un cargo por el uso de servicios adicionales. En algunos casos, la compa\u00f1\u00eda de telecomunicaciones puede enviar una notificaci\u00f3n antes del env\u00edo de la factura, para informar al cliente sobre el uso adicional de servicios y la cantidad que se le cobrar\u00e1. https:\/\/www.youtube.com\/watch?v=bafYDdBAA2s Generaci\u00f3n de ficheros CDR Con el software de ISPGesti\u00f3n es posible generar ficheros CDR (Call Detail Record) con el detalle de las llamadas importadas previamente en ISPGesti\u00f3n de determinados clientes. Dicho fichero se subir\u00e1 a una carpeta espec\u00edfica de un servidor FTP. De esta forma los clientes o agentes que indiquemos podr\u00e1n acceder y descargar sus ficheros y usarlos a su vez para tarificar las llamadas a sus clientes finales.<\/p>","protected":false},"author":1,"featured_media":0,"parent":0,"menu_order":0,"comment_status":"closed","ping_status":"closed","template":"page-templates\/template-pagebuilder-full-width.php","meta":{"neve_meta_sidebar":"full-width","neve_meta_container":"","neve_meta_enable_content_width":"on","neve_meta_content_width":100,"neve_meta_title_alignment":"","neve_meta_author_avatar":"","neve_post_elements_order":"","neve_meta_disable_header":"","neve_meta_disable_footer":"","neve_meta_disable_title":"","footnotes":""},"class_list":["post-6297","page","type-page","status-publish","hentry"],"yoast_head":"<!-- This site is optimized with the Yoast SEO plugin v27.3 - https:\/\/yoast.com\/product\/yoast-seo-wordpress\/ -->\n<title>Gesti\u00f3n de CDRS de telef\u00f3nica - ISP Gesti\u00f3n<\/title>\n<meta name=\"description\" content=\"ISPGesti\u00f3n dispone de herramientas y procesos de telefon\u00eda para los CDR , importaci\u00f3n o exportaci\u00f3n de CDR para su gesti\u00f3n.\" \/>\n<meta name=\"robots\" content=\"index, follow, max-snippet:-1, max-image-preview:large, max-video-preview:-1\" \/>\n<link rel=\"canonical\" href=\"https:\/\/ispgestion.com\/it\/procesos-de-telefonia-automaticos-cdrs\/\" \/>\n<meta property=\"og:locale\" content=\"it_IT\" \/>\n<meta property=\"og:type\" content=\"article\" \/>\n<meta property=\"og:title\" content=\"Gesti\u00f3n de CDRS de telef\u00f3nica - ISP Gesti\u00f3n\" \/>\n<meta property=\"og:description\" content=\"ISPGesti\u00f3n dispone de herramientas y procesos de telefon\u00eda para los CDR , importaci\u00f3n o exportaci\u00f3n de CDR para su gesti\u00f3n.\" \/>\n<meta property=\"og:url\" content=\"https:\/\/ispgestion.com\/it\/procesos-de-telefonia-automaticos-cdrs\/\" \/>\n<meta property=\"og:site_name\" content=\"ISP Gesti\u00f3n\" \/>\n<meta property=\"article:publisher\" content=\"https:\/\/www.facebook.com\/ispgestion\/\" \/>\n<meta property=\"article:modified_time\" content=\"2022-12-28T12:17:28+00:00\" \/>\n<meta name=\"twitter:card\" content=\"summary_large_image\" \/>\n<meta name=\"twitter:label1\" content=\"Tempo di lettura stimato\" \/>\n\t<meta name=\"twitter:data1\" content=\"2 minuti\" \/>\n<script type=\"application\/ld+json\" class=\"yoast-schema-graph\">{\"@context\":\"https:\\\/\\\/schema.org\",\"@graph\":[{\"@type\":\"WebPage\",\"@id\":\"https:\\\/\\\/ispgestion.com\\\/procesos-de-telefonia-automaticos-cdrs\\\/\",\"url\":\"https:\\\/\\\/ispgestion.com\\\/procesos-de-telefonia-automaticos-cdrs\\\/\",\"name\":\"Gesti\u00f3n de CDRS de telef\u00f3nica - ISP Gesti\u00f3n\",\"isPartOf\":{\"@id\":\"https:\\\/\\\/ispgestion.com\\\/#website\"},\"datePublished\":\"2022-12-28T08:49:28+00:00\",\"dateModified\":\"2022-12-28T12:17:28+00:00\",\"description\":\"ISPGesti\u00f3n dispone de herramientas y procesos de telefon\u00eda para los CDR , importaci\u00f3n o exportaci\u00f3n de CDR para su gesti\u00f3n.\",\"breadcrumb\":{\"@id\":\"https:\\\/\\\/ispgestion.com\\\/procesos-de-telefonia-automaticos-cdrs\\\/#breadcrumb\"},\"inLanguage\":\"it-IT\",\"potentialAction\":[{\"@type\":\"ReadAction\",\"target\":[\"https:\\\/\\\/ispgestion.com\\\/procesos-de-telefonia-automaticos-cdrs\\\/\"]}]},{\"@type\":\"BreadcrumbList\",\"@id\":\"https:\\\/\\\/ispgestion.com\\\/procesos-de-telefonia-automaticos-cdrs\\\/#breadcrumb\",\"itemListElement\":[{\"@type\":\"ListItem\",\"position\":1,\"name\":\"Portada\",\"item\":\"https:\\\/\\\/ispgestion.com\\\/\"},{\"@type\":\"ListItem\",\"position\":2,\"name\":\"PROCESOS DE TELEFON\u00cdA AUTOM\u00c1TICOS CDRS\"}]},{\"@type\":\"WebSite\",\"@id\":\"https:\\\/\\\/ispgestion.com\\\/#website\",\"url\":\"https:\\\/\\\/ispgestion.com\\\/\",\"name\":\"ISP Gesti\u00f3n\",\"description\":\"Software en la nube para ISP - Sotware ERP\",\"publisher\":{\"@id\":\"https:\\\/\\\/ispgestion.com\\\/#organization\"},\"potentialAction\":[{\"@type\":\"SearchAction\",\"target\":{\"@type\":\"EntryPoint\",\"urlTemplate\":\"https:\\\/\\\/ispgestion.com\\\/?s={search_term_string}\"},\"query-input\":{\"@type\":\"PropertyValueSpecification\",\"valueRequired\":true,\"valueName\":\"search_term_string\"}}],\"inLanguage\":\"it-IT\"},{\"@type\":\"Organization\",\"@id\":\"https:\\\/\\\/ispgestion.com\\\/#organization\",\"name\":\"ISP Gesti\u00f3n\",\"url\":\"https:\\\/\\\/ispgestion.com\\\/\",\"logo\":{\"@type\":\"ImageObject\",\"inLanguage\":\"it-IT\",\"@id\":\"https:\\\/\\\/ispgestion.com\\\/#\\\/schema\\\/logo\\\/image\\\/\",\"url\":\"https:\\\/\\\/ispgestion.com\\\/wp-content\\\/uploads\\\/2020\\\/04\\\/cropped-logo-isp-1-1.png\",\"contentUrl\":\"https:\\\/\\\/ispgestion.com\\\/wp-content\\\/uploads\\\/2020\\\/04\\\/cropped-logo-isp-1-1.png\",\"width\":245,\"height\":250,\"caption\":\"ISP Gesti\u00f3n\"},\"image\":{\"@id\":\"https:\\\/\\\/ispgestion.com\\\/#\\\/schema\\\/logo\\\/image\\\/\"},\"sameAs\":[\"https:\\\/\\\/www.facebook.com\\\/ispgestion\\\/\",\"https:\\\/\\\/es.linkedin.com\\\/in\\\/isp-gesti\u00f3n-62652715a\",\"https:\\\/\\\/www.youtube.com\\\/channel\\\/UCkZAs-0NFnSnVrh17SNCARg\"]}]}<\/script>\n<!-- \/ Yoast SEO plugin. -->","yoast_head_json":{"title":"Gestione del CDRS telefonico - ISP Gesti\u00f3n","description":"ISPGesti\u00f3n dispone di strumenti e processi telefonici per il CDR, l'importazione o l'esportazione del CDR per la gestione.","robots":{"index":"index","follow":"follow","max-snippet":"max-snippet:-1","max-image-preview":"max-image-preview:large","max-video-preview":"max-video-preview:-1"},"canonical":"https:\/\/ispgestion.com\/it\/procesos-de-telefonia-automaticos-cdrs\/","og_locale":"it_IT","og_type":"article","og_title":"Gesti\u00f3n de CDRS de telef\u00f3nica - ISP Gesti\u00f3n","og_description":"ISPGesti\u00f3n dispone de herramientas y procesos de telefon\u00eda para los CDR , importaci\u00f3n o exportaci\u00f3n de CDR para su gesti\u00f3n.","og_url":"https:\/\/ispgestion.com\/it\/procesos-de-telefonia-automaticos-cdrs\/","og_site_name":"ISP Gesti\u00f3n","article_publisher":"https:\/\/www.facebook.com\/ispgestion\/","article_modified_time":"2022-12-28T12:17:28+00:00","twitter_card":"summary_large_image","twitter_misc":{"Tempo di lettura stimato":"2 minuti"},"schema":{"@context":"https:\/\/schema.org","@graph":[{"@type":"WebPage","@id":"https:\/\/ispgestion.com\/procesos-de-telefonia-automaticos-cdrs\/","url":"https:\/\/ispgestion.com\/procesos-de-telefonia-automaticos-cdrs\/","name":"Gestione del CDRS telefonico - ISP Gesti\u00f3n","isPartOf":{"@id":"https:\/\/ispgestion.com\/#website"},"datePublished":"2022-12-28T08:49:28+00:00","dateModified":"2022-12-28T12:17:28+00:00","description":"ISPGesti\u00f3n dispone di strumenti e processi telefonici per il CDR, l'importazione o l'esportazione del CDR per la gestione.","breadcrumb":{"@id":"https:\/\/ispgestion.com\/procesos-de-telefonia-automaticos-cdrs\/#breadcrumb"},"inLanguage":"it-IT","potentialAction":[{"@type":"ReadAction","target":["https:\/\/ispgestion.com\/procesos-de-telefonia-automaticos-cdrs\/"]}]},{"@type":"BreadcrumbList","@id":"https:\/\/ispgestion.com\/procesos-de-telefonia-automaticos-cdrs\/#breadcrumb","itemListElement":[{"@type":"ListItem","position":1,"name":"Portada","item":"https:\/\/ispgestion.com\/"},{"@type":"ListItem","position":2,"name":"PROCESOS DE TELEFON\u00cdA AUTOM\u00c1TICOS CDRS"}]},{"@type":"WebSite","@id":"https:\/\/ispgestion.com\/#website","url":"https:\/\/ispgestion.com\/","name":"Gestione ISP","description":"Software cloud per ISP - Software ERP","publisher":{"@id":"https:\/\/ispgestion.com\/#organization"},"potentialAction":[{"@type":"SearchAction","target":{"@type":"EntryPoint","urlTemplate":"https:\/\/ispgestion.com\/?s={search_term_string}"},"query-input":{"@type":"PropertyValueSpecification","valueRequired":true,"valueName":"search_term_string"}}],"inLanguage":"it-IT"},{"@type":"Organization","@id":"https:\/\/ispgestion.com\/#organization","name":"Gestione ISP","url":"https:\/\/ispgestion.com\/","logo":{"@type":"ImageObject","inLanguage":"it-IT","@id":"https:\/\/ispgestion.com\/#\/schema\/logo\/image\/","url":"https:\/\/ispgestion.com\/wp-content\/uploads\/2020\/04\/cropped-logo-isp-1-1.png","contentUrl":"https:\/\/ispgestion.com\/wp-content\/uploads\/2020\/04\/cropped-logo-isp-1-1.png","width":245,"height":250,"caption":"ISP Gesti\u00f3n"},"image":{"@id":"https:\/\/ispgestion.com\/#\/schema\/logo\/image\/"},"sameAs":["https:\/\/www.facebook.com\/ispgestion\/","https:\/\/es.linkedin.com\/in\/isp-gesti\u00f3n-62652715a","https:\/\/www.youtube.com\/channel\/UCkZAs-0NFnSnVrh17SNCARg"]}]}},"_links":{"self":[{"href":"https:\/\/ispgestion.com\/it\/wp-json\/wp\/v2\/pages\/6297","targetHints":{"allow":["GET"]}}],"collection":[{"href":"https:\/\/ispgestion.com\/it\/wp-json\/wp\/v2\/pages"}],"about":[{"href":"https:\/\/ispgestion.com\/it\/wp-json\/wp\/v2\/types\/page"}],"author":[{"embeddable":true,"href":"https:\/\/ispgestion.com\/it\/wp-json\/wp\/v2\/users\/1"}],"replies":[{"embeddable":true,"href":"https:\/\/ispgestion.com\/it\/wp-json\/wp\/v2\/comments?post=6297"}],"version-history":[{"count":37,"href":"https:\/\/ispgestion.com\/it\/wp-json\/wp\/v2\/pages\/6297\/revisions"}],"predecessor-version":[{"id":6345,"href":"https:\/\/ispgestion.com\/it\/wp-json\/wp\/v2\/pages\/6297\/revisions\/6345"}],"wp:attachment":[{"href":"https:\/\/ispgestion.com\/it\/wp-json\/wp\/v2\/media?parent=6297"}],"curies":[{"name":"wp","href":"https:\/\/api.w.org\/{rel}","templated":true}]}}