{"id":2039,"date":"2021-04-29T15:24:08","date_gmt":"2021-04-29T13:24:08","guid":{"rendered":"https:\/\/ispgestion.com\/?page_id=2039"},"modified":"2023-01-09T12:55:24","modified_gmt":"2023-01-09T11:55:24","slug":"aprovisionamiento-fibra-optica","status":"publish","type":"page","link":"https:\/\/ispgestion.com\/it\/redes-isp\/aprovisionamiento-fibra-optica\/","title":{"rendered":"Fibra ottica"},"content":{"rendered":"<div data-elementor-type=\"wp-page\" data-elementor-id=\"2039\" class=\"elementor elementor-2039\">\n\t\t\t\t\t\t<section class=\"elementor-section elementor-top-section elementor-element elementor-element-77e394e elementor-section-boxed elementor-section-height-default elementor-section-height-default wpr-particle-no wpr-jarallax-no wpr-parallax-no wpr-sticky-section-no\" data-id=\"77e394e\" data-element_type=\"section\" data-e-type=\"section\">\n\t\t\t\t\t\t<div class=\"elementor-container elementor-column-gap-default\">\n\t\t\t\t\t<div class=\"elementor-column elementor-col-100 elementor-top-column elementor-element elementor-element-dff0c41\" data-id=\"dff0c41\" data-element_type=\"column\" data-e-type=\"column\">\n\t\t\t<div class=\"elementor-widget-wrap elementor-element-populated\">\n\t\t\t\t\t\t<div class=\"elementor-element elementor-element-99906a6 elementor-widget elementor-widget-heading\" data-id=\"99906a6\" data-element_type=\"widget\" data-e-type=\"widget\" data-widget_type=\"heading.default\">\n\t\t\t\t<div class=\"elementor-widget-container\">\n\t\t\t\t\t<h1 class=\"elementor-heading-title elementor-size-default\">ISP GESTIONA TU FIBRA \u00d3PTICA<\/h1>\t\t\t\t<\/div>\n\t\t\t\t<\/div>\n\t\t\t\t\t<\/div>\n\t\t<\/div>\n\t\t\t\t\t<\/div>\n\t\t<\/section>\n\t\t\t\t<section class=\"elementor-section elementor-top-section elementor-element elementor-element-a9b6ec8 elementor-section-boxed elementor-section-height-default elementor-section-height-default wpr-particle-no wpr-jarallax-no wpr-parallax-no wpr-sticky-section-no\" data-id=\"a9b6ec8\" data-element_type=\"section\" data-e-type=\"section\">\n\t\t\t\t\t\t<div class=\"elementor-container elementor-column-gap-default\">\n\t\t\t\t\t<div class=\"elementor-column elementor-col-100 elementor-top-column elementor-element elementor-element-feeb051\" data-id=\"feeb051\" data-element_type=\"column\" data-e-type=\"column\">\n\t\t\t<div class=\"elementor-widget-wrap elementor-element-populated\">\n\t\t\t\t\t\t<div class=\"elementor-element elementor-element-092b98b elementor-widget elementor-widget-image\" data-id=\"092b98b\" data-element_type=\"widget\" data-e-type=\"widget\" data-widget_type=\"image.default\">\n\t\t\t\t<div class=\"elementor-widget-container\">\n\t\t\t\t\t\t\t\t\t\t\t\t\t\t\t<img fetchpriority=\"high\" decoding=\"async\" width=\"1024\" height=\"553\" src=\"https:\/\/ispgestion.com\/wp-content\/uploads\/2021\/04\/FIBRA-1024x553.jpg\" class=\"attachment-large size-large wp-image-2044\" alt=\"\" srcset=\"https:\/\/ispgestion.com\/wp-content\/uploads\/2021\/04\/FIBRA-1024x553.jpg 1024w, https:\/\/ispgestion.com\/wp-content\/uploads\/2021\/04\/FIBRA-600x324.jpg 600w, https:\/\/ispgestion.com\/wp-content\/uploads\/2021\/04\/FIBRA-300x162.jpg 300w, https:\/\/ispgestion.com\/wp-content\/uploads\/2021\/04\/FIBRA-768x415.jpg 768w, https:\/\/ispgestion.com\/wp-content\/uploads\/2021\/04\/FIBRA-1536x829.jpg 1536w, https:\/\/ispgestion.com\/wp-content\/uploads\/2021\/04\/FIBRA-16x9.jpg 16w, https:\/\/ispgestion.com\/wp-content\/uploads\/2021\/04\/FIBRA.jpg 1561w\" sizes=\"(max-width: 1024px) 100vw, 1024px\" \/>\t\t\t\t\t\t\t\t\t\t\t\t\t\t\t<\/div>\n\t\t\t\t<\/div>\n\t\t\t\t\t<\/div>\n\t\t<\/div>\n\t\t\t\t\t<\/div>\n\t\t<\/section>\n\t\t\t\t<section class=\"elementor-section elementor-top-section elementor-element elementor-element-41716c4 elementor-section-boxed elementor-section-height-default elementor-section-height-default wpr-particle-no wpr-jarallax-no wpr-parallax-no wpr-sticky-section-no\" data-id=\"41716c4\" data-element_type=\"section\" data-e-type=\"section\">\n\t\t\t\t\t\t<div class=\"elementor-container elementor-column-gap-default\">\n\t\t\t\t\t<div class=\"elementor-column elementor-col-100 elementor-top-column elementor-element elementor-element-b01e038\" data-id=\"b01e038\" data-element_type=\"column\" data-e-type=\"column\">\n\t\t\t<div class=\"elementor-widget-wrap elementor-element-populated\">\n\t\t\t\t\t\t<div class=\"elementor-element elementor-element-be90482 elementor-widget elementor-widget-heading\" data-id=\"be90482\" data-element_type=\"widget\" data-e-type=\"widget\" data-widget_type=\"heading.default\">\n\t\t\t\t<div class=\"elementor-widget-container\">\n\t\t\t\t\t<h2 class=\"elementor-heading-title elementor-size-default\">Aprovisionamiento de fibra \u00f3ptica<\/h2>\t\t\t\t<\/div>\n\t\t\t\t<\/div>\n\t\t\t\t<div class=\"elementor-element elementor-element-4c58ff7 elementor-widget elementor-widget-heading\" data-id=\"4c58ff7\" data-element_type=\"widget\" data-e-type=\"widget\" data-widget_type=\"heading.default\">\n\t\t\t\t<div class=\"elementor-widget-container\">\n\t\t\t\t\t<h3 class=\"elementor-heading-title elementor-size-default\">\u00bf Que es  El aprovisionamiento de fibra \u00f3ptica ?<\/h3>\t\t\t\t<\/div>\n\t\t\t\t<\/div>\n\t\t\t\t<div class=\"elementor-element elementor-element-bd30feb elementor-widget elementor-widget-text-editor\" data-id=\"bd30feb\" data-element_type=\"widget\" data-e-type=\"widget\" data-widget_type=\"text-editor.default\">\n\t\t\t\t<div class=\"elementor-widget-container\">\n\t\t\t\t\t\t\t\t\t<p>El aprovisionamiento de fibra \u00f3ptica se refiere al proceso de alta y configuraci\u00f3n de un equipo sobre <strong>la red de fibra<\/strong>. Con ISPGesti\u00f3n podr\u00e1 realizar f\u00e1cilmente el proceso completo de alta, modificaci\u00f3n de la configuraci\u00f3n y baja.<\/p>\t\t\t\t\t\t\t\t<\/div>\n\t\t\t\t<\/div>\n\t\t\t\t\t<\/div>\n\t\t<\/div>\n\t\t\t\t\t<\/div>\n\t\t<\/section>\n\t\t\t\t<section class=\"elementor-section elementor-top-section elementor-element elementor-element-c15a112 elementor-section-boxed elementor-section-height-default elementor-section-height-default wpr-particle-no wpr-jarallax-no wpr-parallax-no wpr-sticky-section-no\" data-id=\"c15a112\" data-element_type=\"section\" data-e-type=\"section\">\n\t\t\t\t\t\t<div class=\"elementor-container elementor-column-gap-default\">\n\t\t\t\t\t<div class=\"elementor-column elementor-col-100 elementor-top-column elementor-element elementor-element-9de3f14\" data-id=\"9de3f14\" data-element_type=\"column\" data-e-type=\"column\">\n\t\t\t<div class=\"elementor-widget-wrap elementor-element-populated\">\n\t\t\t\t\t\t<div class=\"elementor-element elementor-element-12a09e1 elementor-widget elementor-widget-heading\" data-id=\"12a09e1\" data-element_type=\"widget\" data-e-type=\"widget\" data-widget_type=\"heading.default\">\n\t\t\t\t<div class=\"elementor-widget-container\">\n\t\t\t\t\t<h3 class=\"elementor-heading-title elementor-size-medium\">Compatibilidad <\/h3>\t\t\t\t<\/div>\n\t\t\t\t<\/div>\n\t\t\t\t\t<\/div>\n\t\t<\/div>\n\t\t\t\t\t<\/div>\n\t\t<\/section>\n\t\t\t\t<section class=\"elementor-section elementor-top-section elementor-element elementor-element-1f1fdbb elementor-section-boxed elementor-section-height-default elementor-section-height-default wpr-particle-no wpr-jarallax-no wpr-parallax-no wpr-sticky-section-no\" data-id=\"1f1fdbb\" data-element_type=\"section\" data-e-type=\"section\">\n\t\t\t\t\t\t<div class=\"elementor-container elementor-column-gap-default\">\n\t\t\t\t\t<div class=\"elementor-column elementor-col-100 elementor-top-column elementor-element elementor-element-01af34e\" data-id=\"01af34e\" data-element_type=\"column\" data-e-type=\"column\">\n\t\t\t<div class=\"elementor-widget-wrap elementor-element-populated\">\n\t\t\t\t\t\t<div class=\"elementor-element elementor-element-36e1fe2 elementor-widget elementor-widget-text-editor\" data-id=\"36e1fe2\" data-element_type=\"widget\" data-e-type=\"widget\" data-widget_type=\"text-editor.default\">\n\t\t\t\t<div class=\"elementor-widget-container\">\n\t\t\t\t\t\t\t\t\t<p>Actualmente somos compatibles con <strong>OLT&#8217;s GPON de Huawei<\/strong>, <strong>ZTE y Telev\u00e9s<\/strong>, adem\u00e1s de la <strong>OLT EPON de NuCom<\/strong>.<br \/>En cuanto a las ONT&#8217;s compatibles, siempre que lo sean a nivel hardware con la OLT, podr\u00e1n ser aprovisionadas desde ISPGesti\u00f3n.<\/p><p>Si alg\u00fan modelo concreto no est\u00e1 disponible, <strong>podemos integrarlo f\u00e1cilmente<\/strong>.<\/p><p>Aunque <strong>recomendamos<\/strong> utilizar <strong>ONT&#8217;s<\/strong> del mismo fabricante de su <strong>OLT<\/strong>, esto no es estrictamente necesario (siempre que la OLT lo permita), pudiendo utilizar por ejemplo una ONT ZTE sobre una OLT Huawei.<\/p>\t\t\t\t\t\t\t\t<\/div>\n\t\t\t\t<\/div>\n\t\t\t\t\t<\/div>\n\t\t<\/div>\n\t\t\t\t\t<\/div>\n\t\t<\/section>\n\t\t\t\t<section class=\"elementor-section elementor-top-section elementor-element elementor-element-eb0160c elementor-section-boxed elementor-section-height-default elementor-section-height-default wpr-particle-no wpr-jarallax-no wpr-parallax-no wpr-sticky-section-no\" data-id=\"eb0160c\" data-element_type=\"section\" data-e-type=\"section\">\n\t\t\t\t\t\t<div class=\"elementor-container elementor-column-gap-default\">\n\t\t\t\t\t<div class=\"elementor-column elementor-col-100 elementor-top-column elementor-element elementor-element-112039c\" data-id=\"112039c\" data-element_type=\"column\" data-e-type=\"column\">\n\t\t\t<div class=\"elementor-widget-wrap elementor-element-populated\">\n\t\t\t\t\t\t<div class=\"elementor-element elementor-element-b425ce9 elementor-widget elementor-widget-image\" data-id=\"b425ce9\" data-element_type=\"widget\" data-e-type=\"widget\" data-widget_type=\"image.default\">\n\t\t\t\t<div class=\"elementor-widget-container\">\n\t\t\t\t\t\t\t\t\t\t\t\t\t\t\t<img decoding=\"async\" width=\"1024\" height=\"360\" src=\"https:\/\/ispgestion.com\/wp-content\/uploads\/2021\/05\/fibra-senal-optica-isp-1024x360.jpg\" class=\"attachment-large size-large wp-image-2059\" alt=\"\" srcset=\"https:\/\/ispgestion.com\/wp-content\/uploads\/2021\/05\/fibra-senal-optica-isp-1024x360.jpg 1024w, https:\/\/ispgestion.com\/wp-content\/uploads\/2021\/05\/fibra-senal-optica-isp-600x211.jpg 600w, https:\/\/ispgestion.com\/wp-content\/uploads\/2021\/05\/fibra-senal-optica-isp-300x105.jpg 300w, https:\/\/ispgestion.com\/wp-content\/uploads\/2021\/05\/fibra-senal-optica-isp-768x270.jpg 768w, https:\/\/ispgestion.com\/wp-content\/uploads\/2021\/05\/fibra-senal-optica-isp-1536x540.jpg 1536w, https:\/\/ispgestion.com\/wp-content\/uploads\/2021\/05\/fibra-senal-optica-isp-16x6.jpg 16w, https:\/\/ispgestion.com\/wp-content\/uploads\/2021\/05\/fibra-senal-optica-isp.jpg 1708w\" sizes=\"(max-width: 1024px) 100vw, 1024px\" \/>\t\t\t\t\t\t\t\t\t\t\t\t\t\t\t<\/div>\n\t\t\t\t<\/div>\n\t\t\t\t\t<\/div>\n\t\t<\/div>\n\t\t\t\t\t<\/div>\n\t\t<\/section>\n\t\t\t\t<section class=\"elementor-section elementor-top-section elementor-element elementor-element-76b3454 elementor-section-boxed elementor-section-height-default elementor-section-height-default wpr-particle-no wpr-jarallax-no wpr-parallax-no wpr-sticky-section-no\" data-id=\"76b3454\" data-element_type=\"section\" data-e-type=\"section\">\n\t\t\t\t\t\t<div class=\"elementor-container elementor-column-gap-default\">\n\t\t\t\t\t<div class=\"elementor-column elementor-col-100 elementor-top-column elementor-element elementor-element-cb5093a\" data-id=\"cb5093a\" data-element_type=\"column\" data-e-type=\"column\">\n\t\t\t<div class=\"elementor-widget-wrap elementor-element-populated\">\n\t\t\t\t\t\t<div class=\"elementor-element elementor-element-d6466c1 elementor-widget elementor-widget-text-editor\" data-id=\"d6466c1\" data-element_type=\"widget\" data-e-type=\"widget\" data-widget_type=\"text-editor.default\">\n\t\t\t\t<div class=\"elementor-widget-container\">\n\t\t\t\t\t\t\t\t\t<p>Adem\u00e1s, desde ISPGesti\u00f3n podr\u00e1 visualizar el estado de configuraci\u00f3n de cualquier ONT simplemente a partir de su n\u00famero de serie, independientemente del m\u00e9todo de aprovisionamiento utilizado.\u00a0<\/p><p>Esto es muy \u00fatil durante el proceso de migraci\u00f3n desde otro software hacia ISPGesti\u00f3n.<br \/>Podr\u00e1 consultar tambi\u00e9n el estado del enlace \u00f3ptico y un historial que le ayudar\u00e1 a determinar si ha habido alg\u00fan cambio dr\u00e1stico en la se\u00f1al desde el momento de la instalaci\u00f3n del equipo.<\/p><p>\u00a0 <br \/>Tambi\u00e9n podr\u00e1 ver el estado de los puertos Ethernet para comprobar si est\u00e1n funcionando a la velocidad m\u00e1xima que permiten adem\u00e1s del estado de registro de la l\u00ednea telef\u00f3nica.<\/p><p>Finalmente, con ayuda de un servidor ACS, podremos configurar tambi\u00e9n, por ejemplo, aspectos relacionados con la conexi\u00f3n Wifi de la ONT as\u00ed como los relacionados con la telefon\u00eda VoIP.<\/p><p>Pr\u00f3ximamente, tendremos disponible tambi\u00e9n un sistema GIS que le permitir\u00e1 visualizar gr\u00e1ficamente sobre un mapa su red de fibra as\u00ed como los distintos elementos que la componen (CTOS, splitters, etc).<\/p>\t\t\t\t\t\t\t\t<\/div>\n\t\t\t\t<\/div>\n\t\t\t\t\t<\/div>\n\t\t<\/div>\n\t\t\t\t\t<\/div>\n\t\t<\/section>\n\t\t\t\t<\/div>","protected":false},"excerpt":{"rendered":"<p>ISP GESTIONA TU FIBRA \u00d3PTICA Aprovisionamiento de fibra \u00f3ptica \u00bf Que es El aprovisionamiento de fibra \u00f3ptica ? El aprovisionamiento de fibra \u00f3ptica se refiere al proceso de alta y configuraci\u00f3n de un equipo sobre la red de fibra. Con ISPGesti\u00f3n podr\u00e1 realizar f\u00e1cilmente el proceso completo de alta, modificaci\u00f3n de la configuraci\u00f3n y baja. Compatibilidad Actualmente somos compatibles con OLT&#8217;s GPON de Huawei, ZTE y Telev\u00e9s, adem\u00e1s de la OLT EPON de NuCom. En cuanto a las ONT&#8217;s compatibles, siempre que lo sean a nivel hardware con la OLT, podr\u00e1n ser aprovisionadas desde ISPGesti\u00f3n. Si alg\u00fan modelo concreto no est\u00e1 disponible, podemos integrarlo f\u00e1cilmente. Aunque recomendamos utilizar ONT&#8217;s del mismo fabricante de su OLT, esto no es estrictamente necesario (siempre que la OLT lo permita), pudiendo utilizar por ejemplo una ONT ZTE sobre una OLT Huawei. Adem\u00e1s, desde ISPGesti\u00f3n podr\u00e1 visualizar el estado de configuraci\u00f3n de cualquier ONT simplemente a partir de su n\u00famero de serie, independientemente del m\u00e9todo de aprovisionamiento utilizado. Esto es muy \u00fatil durante el proceso de migraci\u00f3n desde otro software hacia ISPGesti\u00f3n. Podr\u00e1 consultar tambi\u00e9n el estado del enlace \u00f3ptico y un historial que le ayudar\u00e1 a determinar si ha habido alg\u00fan cambio dr\u00e1stico en la se\u00f1al desde el momento de la instalaci\u00f3n del equipo. Tambi\u00e9n podr\u00e1 ver el estado de los puertos Ethernet para comprobar si est\u00e1n funcionando a la velocidad m\u00e1xima que permiten adem\u00e1s del estado de registro de la l\u00ednea telef\u00f3nica. Finalmente, con ayuda de un servidor ACS, podremos configurar tambi\u00e9n, por ejemplo, aspectos relacionados con la conexi\u00f3n Wifi de la ONT as\u00ed como los relacionados con la telefon\u00eda VoIP. Pr\u00f3ximamente, tendremos disponible tambi\u00e9n un sistema GIS que le permitir\u00e1 visualizar gr\u00e1ficamente sobre un mapa su red de fibra as\u00ed como los distintos elementos que la componen (CTOS, splitters, etc).<\/p>","protected":false},"author":3,"featured_media":0,"parent":1975,"menu_order":10,"comment_status":"closed","ping_status":"closed","template":"page-templates\/template-pagebuilder-full-width.php","meta":{"neve_meta_sidebar":"","neve_meta_container":"","neve_meta_enable_content_width":"off","neve_meta_content_width":70,"neve_meta_title_alignment":"","neve_meta_author_avatar":"","neve_post_elements_order":"","neve_meta_disable_header":"","neve_meta_disable_footer":"","neve_meta_disable_title":"","footnotes":""},"class_list":["post-2039","page","type-page","status-publish","hentry"],"yoast_head":"<!-- This site is optimized with the Yoast SEO plugin v27.3 - https:\/\/yoast.com\/product\/yoast-seo-wordpress\/ -->\n<title>Software para de fibra \u00f3ptica - ISP Gesti\u00f3n<\/title>\n<meta name=\"description\" content=\"Software de fibra \u00f3ptica compatibilidad con OLT\u2019s GPON de Huawei, ZTE y Telev\u00e9s, LT EPON de NuCom\" \/>\n<meta name=\"robots\" content=\"index, follow, max-snippet:-1, max-image-preview:large, max-video-preview:-1\" \/>\n<link rel=\"canonical\" href=\"https:\/\/ispgestion.com\/it\/redes-isp\/aprovisionamiento-fibra-optica\/\" \/>\n<meta property=\"og:locale\" content=\"it_IT\" \/>\n<meta property=\"og:type\" content=\"article\" \/>\n<meta property=\"og:title\" content=\"Software para de fibra \u00f3ptica - ISP Gesti\u00f3n\" \/>\n<meta property=\"og:description\" content=\"Software de fibra \u00f3ptica compatibilidad con OLT\u2019s GPON de Huawei, ZTE y Telev\u00e9s, LT EPON de NuCom\" \/>\n<meta property=\"og:url\" content=\"https:\/\/ispgestion.com\/it\/redes-isp\/aprovisionamiento-fibra-optica\/\" \/>\n<meta property=\"og:site_name\" content=\"ISP Gesti\u00f3n\" \/>\n<meta property=\"article:publisher\" content=\"https:\/\/www.facebook.com\/ispgestion\/\" \/>\n<meta property=\"article:modified_time\" content=\"2023-01-09T11:55:24+00:00\" \/>\n<meta property=\"og:image\" content=\"https:\/\/ispgestion.com\/wp-content\/uploads\/2021\/04\/FIBRA-1024x553.jpg\" \/>\n<meta name=\"twitter:card\" content=\"summary_large_image\" \/>\n<meta name=\"twitter:label1\" content=\"Tempo di lettura stimato\" \/>\n\t<meta name=\"twitter:data1\" content=\"1 minuto\" \/>\n<script type=\"application\/ld+json\" class=\"yoast-schema-graph\">{\"@context\":\"https:\\\/\\\/schema.org\",\"@graph\":[{\"@type\":\"WebPage\",\"@id\":\"https:\\\/\\\/ispgestion.com\\\/redes-isp\\\/aprovisionamiento-fibra-optica\\\/\",\"url\":\"https:\\\/\\\/ispgestion.com\\\/redes-isp\\\/aprovisionamiento-fibra-optica\\\/\",\"name\":\"Software para de fibra \u00f3ptica - ISP Gesti\u00f3n\",\"isPartOf\":{\"@id\":\"https:\\\/\\\/ispgestion.com\\\/#website\"},\"primaryImageOfPage\":{\"@id\":\"https:\\\/\\\/ispgestion.com\\\/redes-isp\\\/aprovisionamiento-fibra-optica\\\/#primaryimage\"},\"image\":{\"@id\":\"https:\\\/\\\/ispgestion.com\\\/redes-isp\\\/aprovisionamiento-fibra-optica\\\/#primaryimage\"},\"thumbnailUrl\":\"https:\\\/\\\/ispgestion.com\\\/wp-content\\\/uploads\\\/2021\\\/04\\\/FIBRA-1024x553.jpg\",\"datePublished\":\"2021-04-29T13:24:08+00:00\",\"dateModified\":\"2023-01-09T11:55:24+00:00\",\"description\":\"Software de fibra \u00f3ptica compatibilidad con OLT\u2019s GPON de Huawei, ZTE y Telev\u00e9s, LT EPON de NuCom\",\"breadcrumb\":{\"@id\":\"https:\\\/\\\/ispgestion.com\\\/redes-isp\\\/aprovisionamiento-fibra-optica\\\/#breadcrumb\"},\"inLanguage\":\"it-IT\",\"potentialAction\":[{\"@type\":\"ReadAction\",\"target\":[\"https:\\\/\\\/ispgestion.com\\\/redes-isp\\\/aprovisionamiento-fibra-optica\\\/\"]}]},{\"@type\":\"ImageObject\",\"inLanguage\":\"it-IT\",\"@id\":\"https:\\\/\\\/ispgestion.com\\\/redes-isp\\\/aprovisionamiento-fibra-optica\\\/#primaryimage\",\"url\":\"https:\\\/\\\/ispgestion.com\\\/wp-content\\\/uploads\\\/2021\\\/04\\\/FIBRA-1024x553.jpg\",\"contentUrl\":\"https:\\\/\\\/ispgestion.com\\\/wp-content\\\/uploads\\\/2021\\\/04\\\/FIBRA-1024x553.jpg\"},{\"@type\":\"BreadcrumbList\",\"@id\":\"https:\\\/\\\/ispgestion.com\\\/redes-isp\\\/aprovisionamiento-fibra-optica\\\/#breadcrumb\",\"itemListElement\":[{\"@type\":\"ListItem\",\"position\":1,\"name\":\"Portada\",\"item\":\"https:\\\/\\\/ispgestion.com\\\/\"},{\"@type\":\"ListItem\",\"position\":2,\"name\":\"Redes ISP\",\"item\":\"https:\\\/\\\/ispgestion.com\\\/redes-isp\\\/\"},{\"@type\":\"ListItem\",\"position\":3,\"name\":\"Fibra \u00d3ptica\"}]},{\"@type\":\"WebSite\",\"@id\":\"https:\\\/\\\/ispgestion.com\\\/#website\",\"url\":\"https:\\\/\\\/ispgestion.com\\\/\",\"name\":\"ISP Gesti\u00f3n\",\"description\":\"Software en la nube para ISP - Sotware ERP\",\"publisher\":{\"@id\":\"https:\\\/\\\/ispgestion.com\\\/#organization\"},\"potentialAction\":[{\"@type\":\"SearchAction\",\"target\":{\"@type\":\"EntryPoint\",\"urlTemplate\":\"https:\\\/\\\/ispgestion.com\\\/?s={search_term_string}\"},\"query-input\":{\"@type\":\"PropertyValueSpecification\",\"valueRequired\":true,\"valueName\":\"search_term_string\"}}],\"inLanguage\":\"it-IT\"},{\"@type\":\"Organization\",\"@id\":\"https:\\\/\\\/ispgestion.com\\\/#organization\",\"name\":\"ISP Gesti\u00f3n\",\"url\":\"https:\\\/\\\/ispgestion.com\\\/\",\"logo\":{\"@type\":\"ImageObject\",\"inLanguage\":\"it-IT\",\"@id\":\"https:\\\/\\\/ispgestion.com\\\/#\\\/schema\\\/logo\\\/image\\\/\",\"url\":\"https:\\\/\\\/ispgestion.com\\\/wp-content\\\/uploads\\\/2020\\\/04\\\/cropped-logo-isp-1-1.png\",\"contentUrl\":\"https:\\\/\\\/ispgestion.com\\\/wp-content\\\/uploads\\\/2020\\\/04\\\/cropped-logo-isp-1-1.png\",\"width\":245,\"height\":250,\"caption\":\"ISP Gesti\u00f3n\"},\"image\":{\"@id\":\"https:\\\/\\\/ispgestion.com\\\/#\\\/schema\\\/logo\\\/image\\\/\"},\"sameAs\":[\"https:\\\/\\\/www.facebook.com\\\/ispgestion\\\/\",\"https:\\\/\\\/es.linkedin.com\\\/in\\\/isp-gesti\u00f3n-62652715a\",\"https:\\\/\\\/www.youtube.com\\\/channel\\\/UCkZAs-0NFnSnVrh17SNCARg\"]}]}<\/script>\n<!-- \/ Yoast SEO plugin. -->","yoast_head_json":{"title":"Software para de fibra \u00f3ptica - ISP Gesti\u00f3n","description":"Software de fibra \u00f3ptica compatibilidad con OLT\u2019s GPON de Huawei, ZTE y Telev\u00e9s, LT EPON de NuCom","robots":{"index":"index","follow":"follow","max-snippet":"max-snippet:-1","max-image-preview":"max-image-preview:large","max-video-preview":"max-video-preview:-1"},"canonical":"https:\/\/ispgestion.com\/it\/redes-isp\/aprovisionamiento-fibra-optica\/","og_locale":"it_IT","og_type":"article","og_title":"Software para de fibra \u00f3ptica - ISP Gesti\u00f3n","og_description":"Software de fibra \u00f3ptica compatibilidad con OLT\u2019s GPON de Huawei, ZTE y Telev\u00e9s, LT EPON de NuCom","og_url":"https:\/\/ispgestion.com\/it\/redes-isp\/aprovisionamiento-fibra-optica\/","og_site_name":"ISP Gesti\u00f3n","article_publisher":"https:\/\/www.facebook.com\/ispgestion\/","article_modified_time":"2023-01-09T11:55:24+00:00","og_image":[{"url":"https:\/\/ispgestion.com\/wp-content\/uploads\/2021\/04\/FIBRA-1024x553.jpg","type":"","width":"","height":""}],"twitter_card":"summary_large_image","twitter_misc":{"Tempo di lettura stimato":"1 minuto"},"schema":{"@context":"https:\/\/schema.org","@graph":[{"@type":"WebPage","@id":"https:\/\/ispgestion.com\/redes-isp\/aprovisionamiento-fibra-optica\/","url":"https:\/\/ispgestion.com\/redes-isp\/aprovisionamiento-fibra-optica\/","name":"Software para de fibra \u00f3ptica - ISP Gesti\u00f3n","isPartOf":{"@id":"https:\/\/ispgestion.com\/#website"},"primaryImageOfPage":{"@id":"https:\/\/ispgestion.com\/redes-isp\/aprovisionamiento-fibra-optica\/#primaryimage"},"image":{"@id":"https:\/\/ispgestion.com\/redes-isp\/aprovisionamiento-fibra-optica\/#primaryimage"},"thumbnailUrl":"https:\/\/ispgestion.com\/wp-content\/uploads\/2021\/04\/FIBRA-1024x553.jpg","datePublished":"2021-04-29T13:24:08+00:00","dateModified":"2023-01-09T11:55:24+00:00","description":"Software de fibra \u00f3ptica compatibilidad con OLT\u2019s GPON de Huawei, ZTE y Telev\u00e9s, LT EPON de NuCom","breadcrumb":{"@id":"https:\/\/ispgestion.com\/redes-isp\/aprovisionamiento-fibra-optica\/#breadcrumb"},"inLanguage":"it-IT","potentialAction":[{"@type":"ReadAction","target":["https:\/\/ispgestion.com\/redes-isp\/aprovisionamiento-fibra-optica\/"]}]},{"@type":"ImageObject","inLanguage":"it-IT","@id":"https:\/\/ispgestion.com\/redes-isp\/aprovisionamiento-fibra-optica\/#primaryimage","url":"https:\/\/ispgestion.com\/wp-content\/uploads\/2021\/04\/FIBRA-1024x553.jpg","contentUrl":"https:\/\/ispgestion.com\/wp-content\/uploads\/2021\/04\/FIBRA-1024x553.jpg"},{"@type":"BreadcrumbList","@id":"https:\/\/ispgestion.com\/redes-isp\/aprovisionamiento-fibra-optica\/#breadcrumb","itemListElement":[{"@type":"ListItem","position":1,"name":"Portada","item":"https:\/\/ispgestion.com\/"},{"@type":"ListItem","position":2,"name":"Redes ISP","item":"https:\/\/ispgestion.com\/redes-isp\/"},{"@type":"ListItem","position":3,"name":"Fibra \u00d3ptica"}]},{"@type":"WebSite","@id":"https:\/\/ispgestion.com\/#website","url":"https:\/\/ispgestion.com\/","name":"Gestione ISP","description":"Software cloud per ISP - Software ERP","publisher":{"@id":"https:\/\/ispgestion.com\/#organization"},"potentialAction":[{"@type":"SearchAction","target":{"@type":"EntryPoint","urlTemplate":"https:\/\/ispgestion.com\/?s={search_term_string}"},"query-input":{"@type":"PropertyValueSpecification","valueRequired":true,"valueName":"search_term_string"}}],"inLanguage":"it-IT"},{"@type":"Organization","@id":"https:\/\/ispgestion.com\/#organization","name":"Gestione ISP","url":"https:\/\/ispgestion.com\/","logo":{"@type":"ImageObject","inLanguage":"it-IT","@id":"https:\/\/ispgestion.com\/#\/schema\/logo\/image\/","url":"https:\/\/ispgestion.com\/wp-content\/uploads\/2020\/04\/cropped-logo-isp-1-1.png","contentUrl":"https:\/\/ispgestion.com\/wp-content\/uploads\/2020\/04\/cropped-logo-isp-1-1.png","width":245,"height":250,"caption":"ISP Gesti\u00f3n"},"image":{"@id":"https:\/\/ispgestion.com\/#\/schema\/logo\/image\/"},"sameAs":["https:\/\/www.facebook.com\/ispgestion\/","https:\/\/es.linkedin.com\/in\/isp-gesti\u00f3n-62652715a","https:\/\/www.youtube.com\/channel\/UCkZAs-0NFnSnVrh17SNCARg"]}]}},"_links":{"self":[{"href":"https:\/\/ispgestion.com\/it\/wp-json\/wp\/v2\/pages\/2039","targetHints":{"allow":["GET"]}}],"collection":[{"href":"https:\/\/ispgestion.com\/it\/wp-json\/wp\/v2\/pages"}],"about":[{"href":"https:\/\/ispgestion.com\/it\/wp-json\/wp\/v2\/types\/page"}],"author":[{"embeddable":true,"href":"https:\/\/ispgestion.com\/it\/wp-json\/wp\/v2\/users\/3"}],"replies":[{"embeddable":true,"href":"https:\/\/ispgestion.com\/it\/wp-json\/wp\/v2\/comments?post=2039"}],"version-history":[{"count":35,"href":"https:\/\/ispgestion.com\/it\/wp-json\/wp\/v2\/pages\/2039\/revisions"}],"predecessor-version":[{"id":6383,"href":"https:\/\/ispgestion.com\/it\/wp-json\/wp\/v2\/pages\/2039\/revisions\/6383"}],"up":[{"embeddable":true,"href":"https:\/\/ispgestion.com\/it\/wp-json\/wp\/v2\/pages\/1975"}],"wp:attachment":[{"href":"https:\/\/ispgestion.com\/it\/wp-json\/wp\/v2\/media?parent=2039"}],"curies":[{"name":"wp","href":"https:\/\/api.w.org\/{rel}","templated":true}]}}