{"id":2004,"date":"2021-04-29T14:32:28","date_gmt":"2021-04-29T12:32:28","guid":{"rendered":"https:\/\/ispgestion.com\/?page_id=2004"},"modified":"2022-02-17T18:07:33","modified_gmt":"2022-02-17T17:07:33","slug":"red-isp-mapa-conexiones","status":"publish","type":"page","link":"https:\/\/ispgestion.com\/it\/redes-isp\/red-isp-mapa-conexiones\/","title":{"rendered":"Mappa della rete"},"content":{"rendered":"<div data-elementor-type=\"wp-page\" data-elementor-id=\"2004\" class=\"elementor elementor-2004\">\n\t\t\t\t\t\t<section class=\"elementor-section elementor-top-section elementor-element elementor-element-d2cc964 elementor-section-boxed elementor-section-height-default elementor-section-height-default wpr-particle-no wpr-jarallax-no wpr-parallax-no wpr-sticky-section-no wpr-equal-height-no\" data-id=\"d2cc964\" data-element_type=\"section\" data-e-type=\"section\">\n\t\t\t\t\t\t<div class=\"elementor-container elementor-column-gap-default\">\n\t\t\t\t\t<div class=\"elementor-column elementor-col-100 elementor-top-column elementor-element elementor-element-ccb884a\" data-id=\"ccb884a\" data-element_type=\"column\" data-e-type=\"column\">\n\t\t\t<div class=\"elementor-widget-wrap elementor-element-populated\">\n\t\t\t\t\t\t<div class=\"elementor-element elementor-element-b43d1cf elementor-widget elementor-widget-heading\" data-id=\"b43d1cf\" data-element_type=\"widget\" data-e-type=\"widget\" data-widget_type=\"heading.default\">\n\t\t\t\t<div class=\"elementor-widget-container\">\n\t\t\t\t\t<h2 class=\"elementor-heading-title elementor-size-default\">SOFTWARE DI CONTROLLO DELLA RETE<\/h2>\t\t\t\t<\/div>\n\t\t\t\t<\/div>\n\t\t\t\t\t<\/div>\n\t\t<\/div>\n\t\t\t\t\t<\/div>\n\t\t<\/section>\n\t\t\t\t<section class=\"elementor-section elementor-top-section elementor-element elementor-element-9bdae17 elementor-section-boxed elementor-section-height-default elementor-section-height-default wpr-particle-no wpr-jarallax-no wpr-parallax-no wpr-sticky-section-no wpr-equal-height-no\" data-id=\"9bdae17\" data-element_type=\"section\" data-e-type=\"section\">\n\t\t\t\t\t\t<div class=\"elementor-container elementor-column-gap-default\">\n\t\t\t\t\t<div class=\"elementor-column elementor-col-33 elementor-top-column elementor-element elementor-element-6ae937a\" data-id=\"6ae937a\" data-element_type=\"column\" data-e-type=\"column\" data-settings=\"{&quot;background_background&quot;:&quot;classic&quot;}\">\n\t\t\t<div class=\"elementor-widget-wrap elementor-element-populated\">\n\t\t\t\t\t\t<div class=\"elementor-element elementor-element-f1ca507 elementor-widget elementor-widget-text-editor\" data-id=\"f1ca507\" data-element_type=\"widget\" data-e-type=\"widget\" data-widget_type=\"text-editor.default\">\n\t\t\t\t<div class=\"elementor-widget-container\">\n\t\t\t\t\t\t\t\t\t<p>Sapere in ogni momento come \u00e8 distribuita la rete, con accesso diretto a ogni apparecchiatura.<\/p><ul><li>Individuare i clienti attivi.<\/li><li>Fate localizzare visivamente la vostra attrezzatura.<\/li><li>Connessioni interrotte, guasti o problemi di rete.\u00a0<\/li><li>Posizione del nodo, da punto a punto.<\/li><li>Possibilit\u00e0 di importare zone per segmentare il monitoraggio della rete.\u00a0<\/li><\/ul>\t\t\t\t\t\t\t\t<\/div>\n\t\t\t\t<\/div>\n\t\t\t\t\t<\/div>\n\t\t<\/div>\n\t\t\t\t<div class=\"elementor-column elementor-col-66 elementor-top-column elementor-element elementor-element-473ff7a\" data-id=\"473ff7a\" data-element_type=\"column\" data-e-type=\"column\" data-settings=\"{&quot;background_background&quot;:&quot;classic&quot;}\">\n\t\t\t<div class=\"elementor-widget-wrap elementor-element-populated\">\n\t\t\t\t\t\t<div class=\"elementor-element elementor-element-37c0e1c elementor-widget elementor-widget-image\" data-id=\"37c0e1c\" data-element_type=\"widget\" data-e-type=\"widget\" data-widget_type=\"image.default\">\n\t\t\t\t<div class=\"elementor-widget-container\">\n\t\t\t\t\t\t\t\t\t\t\t\t\t\t\t\t<a href=\"https:\/\/ispgestion.com\/wp-content\/uploads\/2021\/04\/mapa-de-red.jpg\" data-elementor-open-lightbox=\"yes\" data-elementor-lightbox-title=\"mapa de red\" data-e-action-hash=\"#elementor-action%3Aaction%3Dlightbox%26settings%3DeyJpZCI6MjAwNywidXJsIjoiaHR0cHM6XC9cL2lzcGdlc3Rpb24uY29tXC93cC1jb250ZW50XC91cGxvYWRzXC8yMDIxXC8wNFwvbWFwYS1kZS1yZWQuanBnIn0%3D\">\n\t\t\t\t\t\t\t<img fetchpriority=\"high\" decoding=\"async\" width=\"1024\" height=\"470\" src=\"https:\/\/ispgestion.com\/wp-content\/uploads\/2021\/04\/mapa-de-red-1024x470.jpg\" class=\"attachment-large size-large wp-image-2007\" alt=\"\" srcset=\"https:\/\/ispgestion.com\/wp-content\/uploads\/2021\/04\/mapa-de-red-1024x470.jpg 1024w, https:\/\/ispgestion.com\/wp-content\/uploads\/2021\/04\/mapa-de-red-600x276.jpg 600w, https:\/\/ispgestion.com\/wp-content\/uploads\/2021\/04\/mapa-de-red-300x138.jpg 300w, https:\/\/ispgestion.com\/wp-content\/uploads\/2021\/04\/mapa-de-red-768x353.jpg 768w, https:\/\/ispgestion.com\/wp-content\/uploads\/2021\/04\/mapa-de-red-16x7.jpg 16w, https:\/\/ispgestion.com\/wp-content\/uploads\/2021\/04\/mapa-de-red.jpg 1237w\" sizes=\"(max-width: 1024px) 100vw, 1024px\" \/>\t\t\t\t\t\t\t\t<\/a>\n\t\t\t\t\t\t\t\t\t\t\t\t\t\t\t<\/div>\n\t\t\t\t<\/div>\n\t\t\t\t\t<\/div>\n\t\t<\/div>\n\t\t\t\t\t<\/div>\n\t\t<\/section>\n\t\t\t\t<section class=\"elementor-section elementor-top-section elementor-element elementor-element-d30e8ef elementor-section-boxed elementor-section-height-default elementor-section-height-default wpr-particle-no wpr-jarallax-no wpr-parallax-no wpr-sticky-section-no wpr-equal-height-no\" data-id=\"d30e8ef\" data-element_type=\"section\" data-e-type=\"section\">\n\t\t\t\t\t\t<div class=\"elementor-container elementor-column-gap-default\">\n\t\t\t\t\t<div class=\"elementor-column elementor-col-66 elementor-top-column elementor-element elementor-element-9e66509\" data-id=\"9e66509\" data-element_type=\"column\" data-e-type=\"column\" data-settings=\"{&quot;background_background&quot;:&quot;classic&quot;}\">\n\t\t\t<div class=\"elementor-widget-wrap elementor-element-populated\">\n\t\t\t\t\t\t<div class=\"elementor-element elementor-element-4310163 elementor-widget elementor-widget-image\" data-id=\"4310163\" data-element_type=\"widget\" data-e-type=\"widget\" data-widget_type=\"image.default\">\n\t\t\t\t<div class=\"elementor-widget-container\">\n\t\t\t\t\t\t\t\t\t\t\t\t\t\t\t\t<a href=\"https:\/\/ispgestion.com\/wp-content\/uploads\/2021\/05\/cobertura_wimax_-wisp.jpg\" data-elementor-open-lightbox=\"yes\" data-elementor-lightbox-title=\"cobertura_wimax_ wisp\" data-e-action-hash=\"#elementor-action%3Aaction%3Dlightbox%26settings%3DeyJpZCI6MjE5MywidXJsIjoiaHR0cHM6XC9cL2lzcGdlc3Rpb24uY29tXC93cC1jb250ZW50XC91cGxvYWRzXC8yMDIxXC8wNVwvY29iZXJ0dXJhX3dpbWF4Xy13aXNwLmpwZyJ9\">\n\t\t\t\t\t\t\t<img decoding=\"async\" width=\"1024\" height=\"593\" src=\"https:\/\/ispgestion.com\/wp-content\/uploads\/2021\/05\/cobertura_wimax_-wisp-1024x593.jpg\" class=\"attachment-large size-large wp-image-2193\" alt=\"\" srcset=\"https:\/\/ispgestion.com\/wp-content\/uploads\/2021\/05\/cobertura_wimax_-wisp-1024x593.jpg 1024w, https:\/\/ispgestion.com\/wp-content\/uploads\/2021\/05\/cobertura_wimax_-wisp-600x347.jpg 600w, https:\/\/ispgestion.com\/wp-content\/uploads\/2021\/05\/cobertura_wimax_-wisp-300x174.jpg 300w, https:\/\/ispgestion.com\/wp-content\/uploads\/2021\/05\/cobertura_wimax_-wisp-768x445.jpg 768w, https:\/\/ispgestion.com\/wp-content\/uploads\/2021\/05\/cobertura_wimax_-wisp-1536x889.jpg 1536w, https:\/\/ispgestion.com\/wp-content\/uploads\/2021\/05\/cobertura_wimax_-wisp-16x9.jpg 16w, https:\/\/ispgestion.com\/wp-content\/uploads\/2021\/05\/cobertura_wimax_-wisp.jpg 1565w\" sizes=\"(max-width: 1024px) 100vw, 1024px\" \/>\t\t\t\t\t\t\t\t<\/a>\n\t\t\t\t\t\t\t\t\t\t\t\t\t\t\t<\/div>\n\t\t\t\t<\/div>\n\t\t\t\t\t<\/div>\n\t\t<\/div>\n\t\t\t\t<div class=\"elementor-column elementor-col-33 elementor-top-column elementor-element elementor-element-e2fba46\" data-id=\"e2fba46\" data-element_type=\"column\" data-e-type=\"column\" data-settings=\"{&quot;background_background&quot;:&quot;classic&quot;}\">\n\t\t\t<div class=\"elementor-widget-wrap elementor-element-populated\">\n\t\t\t\t\t\t<div class=\"elementor-element elementor-element-425a977 elementor-widget elementor-widget-text-editor\" data-id=\"425a977\" data-element_type=\"widget\" data-e-type=\"widget\" data-widget_type=\"text-editor.default\">\n\t\t\t\t<div class=\"elementor-widget-container\">\n\t\t\t\t\t\t\t\t\t<ul><li>Calcolo della copertura tra indirizzi e coordinate.<\/li><li>Calcolo del legame PtP.<\/li><li>Copertura tra i nodi.<\/li><\/ul>\t\t\t\t\t\t\t\t<\/div>\n\t\t\t\t<\/div>\n\t\t\t\t\t<\/div>\n\t\t<\/div>\n\t\t\t\t\t<\/div>\n\t\t<\/section>\n\t\t\t\t<section class=\"elementor-section elementor-top-section elementor-element elementor-element-8c5e1b2 elementor-section-boxed elementor-section-height-default elementor-section-height-default wpr-particle-no wpr-jarallax-no wpr-parallax-no wpr-sticky-section-no wpr-equal-height-no\" data-id=\"8c5e1b2\" data-element_type=\"section\" data-e-type=\"section\">\n\t\t\t\t\t\t<div class=\"elementor-container elementor-column-gap-default\">\n\t\t\t\t\t<div class=\"elementor-column elementor-col-100 elementor-top-column elementor-element elementor-element-aa38568\" data-id=\"aa38568\" data-element_type=\"column\" data-e-type=\"column\">\n\t\t\t<div class=\"elementor-widget-wrap elementor-element-populated\">\n\t\t\t\t\t\t<div class=\"elementor-element elementor-element-6766e36 elementor-widget-divider--view-line elementor-widget elementor-widget-divider\" data-id=\"6766e36\" data-element_type=\"widget\" data-e-type=\"widget\" data-widget_type=\"divider.default\">\n\t\t\t\t<div class=\"elementor-widget-container\">\n\t\t\t\t\t\t\t<div class=\"elementor-divider\">\n\t\t\t<span class=\"elementor-divider-separator\">\n\t\t\t\t\t\t<\/span>\n\t\t<\/div>\n\t\t\t\t\t\t<\/div>\n\t\t\t\t<\/div>\n\t\t\t\t\t<\/div>\n\t\t<\/div>\n\t\t\t\t\t<\/div>\n\t\t<\/section>\n\t\t\t\t<\/div>","protected":false},"excerpt":{"rendered":"<p>SOFTWARE PARA CONTROL DE RED Conozca en todo momento c\u00f3mo se distribuye su red, con acceso directo a cada uno de los equipamientos. Localice sus clientes activos. Tenga visualmente localizados sus equipos. Conexiones ca\u00eddas, aver\u00edas o problemas de red.&nbsp; Ubicaci\u00f3n de nodos, punto a punto. Posibilidad de importar zonas para segmentar la monitorizaci\u00f3n de la red.&nbsp; C\u00e1lculo de cobertura entre direcciones y coordenadas. C\u00e1lculo del enlace PtP. Cobertura entre nodos.<\/p>","protected":false},"author":3,"featured_media":0,"parent":1975,"menu_order":20,"comment_status":"closed","ping_status":"closed","template":"page-templates\/template-pagebuilder-full-width.php","meta":{"neve_meta_sidebar":"full-width","neve_meta_container":"","neve_meta_enable_content_width":"on","neve_meta_content_width":100,"neve_meta_title_alignment":"","neve_meta_author_avatar":"","neve_post_elements_order":"","neve_meta_disable_header":"","neve_meta_disable_footer":"","neve_meta_disable_title":"","footnotes":""},"class_list":["post-2004","page","type-page","status-publish","hentry"],"yoast_head":"<!-- This site is optimized with the Yoast SEO plugin v27.3 - https:\/\/yoast.com\/product\/yoast-seo-wordpress\/ -->\n<title>Mapa de Red - ISP Gesti\u00f3n<\/title>\n<meta name=\"description\" content=\"Conozca en todo momento c\u00f3mo se distribuye su red, con acceso directo a cada uno de los equipamientos.\" \/>\n<meta name=\"robots\" content=\"index, follow, max-snippet:-1, max-image-preview:large, max-video-preview:-1\" \/>\n<link rel=\"canonical\" href=\"https:\/\/ispgestion.com\/it\/redes-isp\/red-isp-mapa-conexiones\/\" \/>\n<meta property=\"og:locale\" content=\"it_IT\" \/>\n<meta property=\"og:type\" content=\"article\" \/>\n<meta property=\"og:title\" content=\"Mapa de Red - ISP Gesti\u00f3n\" \/>\n<meta property=\"og:description\" content=\"Conozca en todo momento c\u00f3mo se distribuye su red, con acceso directo a cada uno de los equipamientos.\" \/>\n<meta property=\"og:url\" content=\"https:\/\/ispgestion.com\/it\/redes-isp\/red-isp-mapa-conexiones\/\" \/>\n<meta property=\"og:site_name\" content=\"ISP Gesti\u00f3n\" \/>\n<meta property=\"article:publisher\" content=\"https:\/\/www.facebook.com\/ispgestion\/\" \/>\n<meta property=\"article:modified_time\" content=\"2022-02-17T17:07:33+00:00\" \/>\n<meta property=\"og:image\" content=\"https:\/\/ispgestion.com\/wp-content\/uploads\/2021\/04\/mapa-de-red-1024x470.jpg\" \/>\n<meta name=\"twitter:card\" content=\"summary_large_image\" \/>\n<meta name=\"twitter:label1\" content=\"Tempo di lettura stimato\" \/>\n\t<meta name=\"twitter:data1\" content=\"1 minuto\" \/>\n<script type=\"application\/ld+json\" class=\"yoast-schema-graph\">{\"@context\":\"https:\\\/\\\/schema.org\",\"@graph\":[{\"@type\":\"WebPage\",\"@id\":\"https:\\\/\\\/ispgestion.com\\\/redes-isp\\\/red-isp-mapa-conexiones\\\/\",\"url\":\"https:\\\/\\\/ispgestion.com\\\/redes-isp\\\/red-isp-mapa-conexiones\\\/\",\"name\":\"Mapa de Red - ISP Gesti\u00f3n\",\"isPartOf\":{\"@id\":\"https:\\\/\\\/ispgestion.com\\\/#website\"},\"primaryImageOfPage\":{\"@id\":\"https:\\\/\\\/ispgestion.com\\\/redes-isp\\\/red-isp-mapa-conexiones\\\/#primaryimage\"},\"image\":{\"@id\":\"https:\\\/\\\/ispgestion.com\\\/redes-isp\\\/red-isp-mapa-conexiones\\\/#primaryimage\"},\"thumbnailUrl\":\"https:\\\/\\\/ispgestion.com\\\/wp-content\\\/uploads\\\/2021\\\/04\\\/mapa-de-red-1024x470.jpg\",\"datePublished\":\"2021-04-29T12:32:28+00:00\",\"dateModified\":\"2022-02-17T17:07:33+00:00\",\"description\":\"Conozca en todo momento c\u00f3mo se distribuye su red, con acceso directo a cada uno de los equipamientos.\",\"breadcrumb\":{\"@id\":\"https:\\\/\\\/ispgestion.com\\\/redes-isp\\\/red-isp-mapa-conexiones\\\/#breadcrumb\"},\"inLanguage\":\"it-IT\",\"potentialAction\":[{\"@type\":\"ReadAction\",\"target\":[\"https:\\\/\\\/ispgestion.com\\\/redes-isp\\\/red-isp-mapa-conexiones\\\/\"]}]},{\"@type\":\"ImageObject\",\"inLanguage\":\"it-IT\",\"@id\":\"https:\\\/\\\/ispgestion.com\\\/redes-isp\\\/red-isp-mapa-conexiones\\\/#primaryimage\",\"url\":\"https:\\\/\\\/ispgestion.com\\\/wp-content\\\/uploads\\\/2021\\\/04\\\/mapa-de-red-1024x470.jpg\",\"contentUrl\":\"https:\\\/\\\/ispgestion.com\\\/wp-content\\\/uploads\\\/2021\\\/04\\\/mapa-de-red-1024x470.jpg\"},{\"@type\":\"BreadcrumbList\",\"@id\":\"https:\\\/\\\/ispgestion.com\\\/redes-isp\\\/red-isp-mapa-conexiones\\\/#breadcrumb\",\"itemListElement\":[{\"@type\":\"ListItem\",\"position\":1,\"name\":\"Portada\",\"item\":\"https:\\\/\\\/ispgestion.com\\\/\"},{\"@type\":\"ListItem\",\"position\":2,\"name\":\"Redes ISP\",\"item\":\"https:\\\/\\\/ispgestion.com\\\/redes-isp\\\/\"},{\"@type\":\"ListItem\",\"position\":3,\"name\":\"Mapa de Red\"}]},{\"@type\":\"WebSite\",\"@id\":\"https:\\\/\\\/ispgestion.com\\\/#website\",\"url\":\"https:\\\/\\\/ispgestion.com\\\/\",\"name\":\"ISP Gesti\u00f3n\",\"description\":\"Software en la nube para ISP - Sotware ERP\",\"publisher\":{\"@id\":\"https:\\\/\\\/ispgestion.com\\\/#organization\"},\"potentialAction\":[{\"@type\":\"SearchAction\",\"target\":{\"@type\":\"EntryPoint\",\"urlTemplate\":\"https:\\\/\\\/ispgestion.com\\\/?s={search_term_string}\"},\"query-input\":{\"@type\":\"PropertyValueSpecification\",\"valueRequired\":true,\"valueName\":\"search_term_string\"}}],\"inLanguage\":\"it-IT\"},{\"@type\":\"Organization\",\"@id\":\"https:\\\/\\\/ispgestion.com\\\/#organization\",\"name\":\"ISP Gesti\u00f3n\",\"url\":\"https:\\\/\\\/ispgestion.com\\\/\",\"logo\":{\"@type\":\"ImageObject\",\"inLanguage\":\"it-IT\",\"@id\":\"https:\\\/\\\/ispgestion.com\\\/#\\\/schema\\\/logo\\\/image\\\/\",\"url\":\"https:\\\/\\\/ispgestion.com\\\/wp-content\\\/uploads\\\/2020\\\/04\\\/cropped-logo-isp-1-1.png\",\"contentUrl\":\"https:\\\/\\\/ispgestion.com\\\/wp-content\\\/uploads\\\/2020\\\/04\\\/cropped-logo-isp-1-1.png\",\"width\":245,\"height\":250,\"caption\":\"ISP Gesti\u00f3n\"},\"image\":{\"@id\":\"https:\\\/\\\/ispgestion.com\\\/#\\\/schema\\\/logo\\\/image\\\/\"},\"sameAs\":[\"https:\\\/\\\/www.facebook.com\\\/ispgestion\\\/\",\"https:\\\/\\\/es.linkedin.com\\\/in\\\/isp-gesti\u00f3n-62652715a\",\"https:\\\/\\\/www.youtube.com\\\/channel\\\/UCkZAs-0NFnSnVrh17SNCARg\"]}]}<\/script>\n<!-- \/ Yoast SEO plugin. -->","yoast_head_json":{"title":"Mappa della rete - Gestione ISP","description":"Sapere in ogni momento come \u00e8 distribuita la rete, con accesso diretto a ogni apparecchiatura.","robots":{"index":"index","follow":"follow","max-snippet":"max-snippet:-1","max-image-preview":"max-image-preview:large","max-video-preview":"max-video-preview:-1"},"canonical":"https:\/\/ispgestion.com\/it\/redes-isp\/red-isp-mapa-conexiones\/","og_locale":"it_IT","og_type":"article","og_title":"Mapa de Red - ISP Gesti\u00f3n","og_description":"Conozca en todo momento c\u00f3mo se distribuye su red, con acceso directo a cada uno de los equipamientos.","og_url":"https:\/\/ispgestion.com\/it\/redes-isp\/red-isp-mapa-conexiones\/","og_site_name":"ISP Gesti\u00f3n","article_publisher":"https:\/\/www.facebook.com\/ispgestion\/","article_modified_time":"2022-02-17T17:07:33+00:00","og_image":[{"url":"https:\/\/ispgestion.com\/wp-content\/uploads\/2021\/04\/mapa-de-red-1024x470.jpg","type":"","width":"","height":""}],"twitter_card":"summary_large_image","twitter_misc":{"Tempo di lettura stimato":"1 minuto"},"schema":{"@context":"https:\/\/schema.org","@graph":[{"@type":"WebPage","@id":"https:\/\/ispgestion.com\/redes-isp\/red-isp-mapa-conexiones\/","url":"https:\/\/ispgestion.com\/redes-isp\/red-isp-mapa-conexiones\/","name":"Mappa della rete - Gestione ISP","isPartOf":{"@id":"https:\/\/ispgestion.com\/#website"},"primaryImageOfPage":{"@id":"https:\/\/ispgestion.com\/redes-isp\/red-isp-mapa-conexiones\/#primaryimage"},"image":{"@id":"https:\/\/ispgestion.com\/redes-isp\/red-isp-mapa-conexiones\/#primaryimage"},"thumbnailUrl":"https:\/\/ispgestion.com\/wp-content\/uploads\/2021\/04\/mapa-de-red-1024x470.jpg","datePublished":"2021-04-29T12:32:28+00:00","dateModified":"2022-02-17T17:07:33+00:00","description":"Sapere in ogni momento come \u00e8 distribuita la rete, con accesso diretto a ogni apparecchiatura.","breadcrumb":{"@id":"https:\/\/ispgestion.com\/redes-isp\/red-isp-mapa-conexiones\/#breadcrumb"},"inLanguage":"it-IT","potentialAction":[{"@type":"ReadAction","target":["https:\/\/ispgestion.com\/redes-isp\/red-isp-mapa-conexiones\/"]}]},{"@type":"ImageObject","inLanguage":"it-IT","@id":"https:\/\/ispgestion.com\/redes-isp\/red-isp-mapa-conexiones\/#primaryimage","url":"https:\/\/ispgestion.com\/wp-content\/uploads\/2021\/04\/mapa-de-red-1024x470.jpg","contentUrl":"https:\/\/ispgestion.com\/wp-content\/uploads\/2021\/04\/mapa-de-red-1024x470.jpg"},{"@type":"BreadcrumbList","@id":"https:\/\/ispgestion.com\/redes-isp\/red-isp-mapa-conexiones\/#breadcrumb","itemListElement":[{"@type":"ListItem","position":1,"name":"Portada","item":"https:\/\/ispgestion.com\/"},{"@type":"ListItem","position":2,"name":"Redes ISP","item":"https:\/\/ispgestion.com\/redes-isp\/"},{"@type":"ListItem","position":3,"name":"Mapa de Red"}]},{"@type":"WebSite","@id":"https:\/\/ispgestion.com\/#website","url":"https:\/\/ispgestion.com\/","name":"Gestione ISP","description":"Software cloud per ISP - Software ERP","publisher":{"@id":"https:\/\/ispgestion.com\/#organization"},"potentialAction":[{"@type":"SearchAction","target":{"@type":"EntryPoint","urlTemplate":"https:\/\/ispgestion.com\/?s={search_term_string}"},"query-input":{"@type":"PropertyValueSpecification","valueRequired":true,"valueName":"search_term_string"}}],"inLanguage":"it-IT"},{"@type":"Organization","@id":"https:\/\/ispgestion.com\/#organization","name":"Gestione ISP","url":"https:\/\/ispgestion.com\/","logo":{"@type":"ImageObject","inLanguage":"it-IT","@id":"https:\/\/ispgestion.com\/#\/schema\/logo\/image\/","url":"https:\/\/ispgestion.com\/wp-content\/uploads\/2020\/04\/cropped-logo-isp-1-1.png","contentUrl":"https:\/\/ispgestion.com\/wp-content\/uploads\/2020\/04\/cropped-logo-isp-1-1.png","width":245,"height":250,"caption":"ISP Gesti\u00f3n"},"image":{"@id":"https:\/\/ispgestion.com\/#\/schema\/logo\/image\/"},"sameAs":["https:\/\/www.facebook.com\/ispgestion\/","https:\/\/es.linkedin.com\/in\/isp-gesti\u00f3n-62652715a","https:\/\/www.youtube.com\/channel\/UCkZAs-0NFnSnVrh17SNCARg"]}]}},"_links":{"self":[{"href":"https:\/\/ispgestion.com\/it\/wp-json\/wp\/v2\/pages\/2004","targetHints":{"allow":["GET"]}}],"collection":[{"href":"https:\/\/ispgestion.com\/it\/wp-json\/wp\/v2\/pages"}],"about":[{"href":"https:\/\/ispgestion.com\/it\/wp-json\/wp\/v2\/types\/page"}],"author":[{"embeddable":true,"href":"https:\/\/ispgestion.com\/it\/wp-json\/wp\/v2\/users\/3"}],"replies":[{"embeddable":true,"href":"https:\/\/ispgestion.com\/it\/wp-json\/wp\/v2\/comments?post=2004"}],"version-history":[{"count":45,"href":"https:\/\/ispgestion.com\/it\/wp-json\/wp\/v2\/pages\/2004\/revisions"}],"predecessor-version":[{"id":4648,"href":"https:\/\/ispgestion.com\/it\/wp-json\/wp\/v2\/pages\/2004\/revisions\/4648"}],"up":[{"embeddable":true,"href":"https:\/\/ispgestion.com\/it\/wp-json\/wp\/v2\/pages\/1975"}],"wp:attachment":[{"href":"https:\/\/ispgestion.com\/it\/wp-json\/wp\/v2\/media?parent=2004"}],"curies":[{"name":"wp","href":"https:\/\/api.w.org\/{rel}","templated":true}]}}