{"id":2092,"date":"2021-05-06T09:11:15","date_gmt":"2021-05-06T07:11:15","guid":{"rendered":"https:\/\/ispgestion.com\/?page_id=2092"},"modified":"2022-12-22T10:38:25","modified_gmt":"2022-12-22T09:38:25","slug":"configuracion-olts-y-onts","status":"publish","type":"page","link":"https:\/\/ispgestion.com\/en\/redes-isp\/aprovisionamiento-fibra-optica\/configuracion-olts-y-onts\/","title":{"rendered":"OLTs and ONTs configuration"},"content":{"rendered":"<div data-elementor-type=\"wp-page\" data-elementor-id=\"2092\" class=\"elementor elementor-2092\">\n\t\t\t\t\t\t<section class=\"elementor-section elementor-top-section elementor-element elementor-element-fb7309e elementor-section-boxed elementor-section-height-default elementor-section-height-default wpr-particle-no wpr-jarallax-no wpr-parallax-no wpr-sticky-section-no wpr-equal-height-no\" data-id=\"fb7309e\" data-element_type=\"section\" data-e-type=\"section\">\n\t\t\t\t\t\t<div class=\"elementor-container elementor-column-gap-default\">\n\t\t\t\t\t<div class=\"elementor-column elementor-col-100 elementor-top-column elementor-element elementor-element-cef8c36\" data-id=\"cef8c36\" data-element_type=\"column\" data-e-type=\"column\">\n\t\t\t<div class=\"elementor-widget-wrap elementor-element-populated\">\n\t\t\t\t\t\t\t<\/div>\n\t\t<\/div>\n\t\t\t\t\t<\/div>\n\t\t<\/section>\n\t\t\t\t<section class=\"elementor-section elementor-top-section elementor-element elementor-element-81f18a3 elementor-section-boxed elementor-section-height-default elementor-section-height-default wpr-particle-no wpr-jarallax-no wpr-parallax-no wpr-sticky-section-no wpr-equal-height-no\" data-id=\"81f18a3\" data-element_type=\"section\" data-e-type=\"section\">\n\t\t\t\t\t\t<div class=\"elementor-container elementor-column-gap-default\">\n\t\t\t\t\t<div class=\"elementor-column elementor-col-100 elementor-top-column elementor-element elementor-element-28614bf\" data-id=\"28614bf\" data-element_type=\"column\" data-e-type=\"column\">\n\t\t\t<div class=\"elementor-widget-wrap elementor-element-populated\">\n\t\t\t\t\t\t<div class=\"elementor-element elementor-element-5120cd5 elementor-widget elementor-widget-text-editor\" data-id=\"5120cd5\" data-element_type=\"widget\" data-e-type=\"widget\" data-widget_type=\"text-editor.default\">\n\t\t\t\t<div class=\"elementor-widget-container\">\n\t\t\t\t\t\t\t\t\t<h2>OLT&#039;s and ONT&#039;s<\/h2><p>In fiber optic networks, OLT&#039;s and ONT&#039;s are terms that refer to network equipment.<\/p><p>An OLT (Optical Line Terminal) is the main device in a fiber optic network, it is located in the center of the network and is used to transmit data signals (such as the Internet) through fiber optics.<\/p><p>An ONT (Optical Network Terminal) is a device that connects to the OLT and is located on the end-user side of the network.<\/p><p>The ONT is used to convert fiber optic signals into copper (if a computer is connected to it via ethernet cable) or radio frequency (if the computer is connected wirelessly) signals. They can be used by network devices at home or in the office.<\/p>\t\t\t\t\t\t\t\t<\/div>\n\t\t\t\t<\/div>\n\t\t\t\t<div class=\"elementor-element elementor-element-09990af elementor-widget elementor-widget-heading\" data-id=\"09990af\" data-element_type=\"widget\" data-e-type=\"widget\" data-widget_type=\"heading.default\">\n\t\t\t\t<div class=\"elementor-widget-container\">\n\t\t\t\t\t<h3 class=\"elementor-heading-title elementor-size-default\">REGISTRATION AND CONFIGURATION OF OLT&#039;S AND ONT&#039;S<\/h3>\t\t\t\t<\/div>\n\t\t\t\t<\/div>\n\t\t\t\t<div class=\"elementor-element elementor-element-2cf1b23 elementor-widget elementor-widget-image\" data-id=\"2cf1b23\" data-element_type=\"widget\" data-e-type=\"widget\" data-widget_type=\"image.default\">\n\t\t\t\t<div class=\"elementor-widget-container\">\n\t\t\t\t\t\t\t\t\t\t\t\t\t\t\t\t<a href=\"https:\/\/ispgestion.com\/wp-content\/uploads\/2021\/05\/ont.jpg\" data-elementor-open-lightbox=\"yes\" data-elementor-lightbox-title=\"ont\" data-e-action-hash=\"#elementor-action%3Aaction%3Dlightbox%26settings%3DeyJpZCI6MjA5OSwidXJsIjoiaHR0cHM6XC9cL2lzcGdlc3Rpb24uY29tXC93cC1jb250ZW50XC91cGxvYWRzXC8yMDIxXC8wNVwvb250LmpwZyJ9\">\n\t\t\t\t\t\t\t<img fetchpriority=\"high\" decoding=\"async\" width=\"1024\" height=\"255\" src=\"https:\/\/ispgestion.com\/wp-content\/uploads\/2021\/05\/ont-1024x255.jpg\" class=\"attachment-large size-large wp-image-2099\" alt=\"\" srcset=\"https:\/\/ispgestion.com\/wp-content\/uploads\/2021\/05\/ont-1024x255.jpg 1024w, https:\/\/ispgestion.com\/wp-content\/uploads\/2021\/05\/ont-600x150.jpg 600w, https:\/\/ispgestion.com\/wp-content\/uploads\/2021\/05\/ont-300x75.jpg 300w, https:\/\/ispgestion.com\/wp-content\/uploads\/2021\/05\/ont-768x192.jpg 768w, https:\/\/ispgestion.com\/wp-content\/uploads\/2021\/05\/ont-1536x383.jpg 1536w, https:\/\/ispgestion.com\/wp-content\/uploads\/2021\/05\/ont-16x4.jpg 16w, https:\/\/ispgestion.com\/wp-content\/uploads\/2021\/05\/ont.jpg 1560w\" sizes=\"(max-width: 1024px) 100vw, 1024px\" \/>\t\t\t\t\t\t\t\t<\/a>\n\t\t\t\t\t\t\t\t\t\t\t\t\t\t\t<\/div>\n\t\t\t\t<\/div>\n\t\t\t\t<div class=\"elementor-element elementor-element-e742363 elementor-widget elementor-widget-text-editor\" data-id=\"e742363\" data-element_type=\"widget\" data-e-type=\"widget\" data-widget_type=\"text-editor.default\">\n\t\t\t\t<div class=\"elementor-widget-container\">\n\t\t\t\t\t\t\t\t\t<p>\u00a0<\/p><p>For <strong>configure an OLT and an ONT<\/strong>, you need to follow the steps:<\/p><p>\u2013 Install the OLT and ONT in their corresponding location.<br \/>\u2013 Connect the OLT and ONT to the fiber optic network.<br \/>\u2013 Configure the OLT to communicate with the ONT. <br \/>\u2013 Connect and configure network devices to a LAN\/Wifi port of the ONT.<\/p><p>It is important to note that the configuration of an OLT and ONT can vary depending on the specific manufacturer and model, so it is advisable to follow the manufacturer&#039;s instructions to ensure that you correctly configure these devices.<\/p><h4>Some highlights of the OLT&#039;s and ONT&#039;s are:<\/h4><p>They are essential network devices in fiber optic networks and play an important role in network connectivity and management, with these types of networks being faster and with superior performance than copper or wireless networks.<br \/>They can be used in a wide variety of applications, such as enterprise networks, communication service networks, and Internet access networks.<br \/>They can be configured and managed remotely over the network.<\/p>\t\t\t\t\t\t\t\t<\/div>\n\t\t\t\t<\/div>\n\t\t\t\t\t<\/div>\n\t\t<\/div>\n\t\t\t\t\t<\/div>\n\t\t<\/section>\n\t\t\t\t<section class=\"elementor-section elementor-top-section elementor-element elementor-element-76e50cd elementor-section-boxed elementor-section-height-default elementor-section-height-default wpr-particle-no wpr-jarallax-no wpr-parallax-no wpr-sticky-section-no wpr-equal-height-no\" data-id=\"76e50cd\" data-element_type=\"section\" data-e-type=\"section\">\n\t\t\t\t\t\t<div class=\"elementor-container elementor-column-gap-default\">\n\t\t\t\t\t<div class=\"elementor-column elementor-col-100 elementor-top-column elementor-element elementor-element-3ac45e2\" data-id=\"3ac45e2\" data-element_type=\"column\" data-e-type=\"column\">\n\t\t\t<div class=\"elementor-widget-wrap elementor-element-populated\">\n\t\t\t\t\t\t<div class=\"elementor-element elementor-element-80cdab9 elementor-widget elementor-widget-image\" data-id=\"80cdab9\" data-element_type=\"widget\" data-e-type=\"widget\" data-widget_type=\"image.default\">\n\t\t\t\t<div class=\"elementor-widget-container\">\n\t\t\t\t\t\t\t\t\t\t\t\t\t\t\t\t<a href=\"https:\/\/ispgestion.com\/wp-content\/uploads\/2021\/05\/perfiles-velocidad-OLT.jpg\" data-elementor-open-lightbox=\"yes\" data-elementor-lightbox-title=\"perfiles velocidad OLT\" data-e-action-hash=\"#elementor-action%3Aaction%3Dlightbox%26settings%3DeyJpZCI6MjEwOSwidXJsIjoiaHR0cHM6XC9cL2lzcGdlc3Rpb24uY29tXC93cC1jb250ZW50XC91cGxvYWRzXC8yMDIxXC8wNVwvcGVyZmlsZXMtdmVsb2NpZGFkLU9MVC5qcGcifQ%3D%3D\">\n\t\t\t\t\t\t\t<img decoding=\"async\" width=\"1024\" height=\"336\" src=\"https:\/\/ispgestion.com\/wp-content\/uploads\/2021\/05\/perfiles-velocidad-OLT-1024x336.jpg\" class=\"attachment-large size-large wp-image-2109\" alt=\"\" srcset=\"https:\/\/ispgestion.com\/wp-content\/uploads\/2021\/05\/perfiles-velocidad-OLT-1024x336.jpg 1024w, https:\/\/ispgestion.com\/wp-content\/uploads\/2021\/05\/perfiles-velocidad-OLT-600x197.jpg 600w, https:\/\/ispgestion.com\/wp-content\/uploads\/2021\/05\/perfiles-velocidad-OLT-300x99.jpg 300w, https:\/\/ispgestion.com\/wp-content\/uploads\/2021\/05\/perfiles-velocidad-OLT-768x252.jpg 768w, https:\/\/ispgestion.com\/wp-content\/uploads\/2021\/05\/perfiles-velocidad-OLT-1536x504.jpg 1536w, https:\/\/ispgestion.com\/wp-content\/uploads\/2021\/05\/perfiles-velocidad-OLT-16x5.jpg 16w, https:\/\/ispgestion.com\/wp-content\/uploads\/2021\/05\/perfiles-velocidad-OLT.jpg 1568w\" sizes=\"(max-width: 1024px) 100vw, 1024px\" \/>\t\t\t\t\t\t\t\t<\/a>\n\t\t\t\t\t\t\t\t\t\t\t\t\t\t\t<\/div>\n\t\t\t\t<\/div>\n\t\t\t\t\t<\/div>\n\t\t<\/div>\n\t\t\t\t\t<\/div>\n\t\t<\/section>\n\t\t\t\t<\/div>","protected":false},"excerpt":{"rendered":"<p>OLT&#039;s and ONT&#039;s In fiber optic networks, OLT&#039;s and ONT&#039;s are terms that refer to network equipment. An OLT (Optical Line Terminal) is the main device in a fiber optic network, it is located at the network&#039;s central hub and is used to transmit data signals (such as the Internet) over the optical fiber. An ONT (Optical Network Terminal) is a device that connects to the OLT and is located on the end-user side of the network. The ONT is used to convert fiber optic signals into copper signals (if a computer is connected to it via ethernet cable) or radio frequency signals (if the computer is connected wirelessly). They can be used by network devices at home or in the office. SETTING UP AND CONFIGURING OLT&#039;S AND ONT&#039;S To set up an OLT and an ONT, you need to follow these steps: \u2013 Install the OLT and the ONT in their corresponding location.\u2013 Connect the OLT and the ONT to the fiber optic network.\u2013 Configure the OLT to communicate with the ONT. \u2013 Connect and configure the network devices to a LAN\/Wifi port on the ONT. It is important to note that the configuration of an OLT and an ONT may vary depending on the specific manufacturer and model, so it is advisable to follow the manufacturer\u2019s instructions to ensure that these devices are correctly configured. Some highlights of OLTs and ONTs are: They are essential network devices in fiber optic networks and play an important role in network connectivity and management, with these types of networks being faster and with higher performance than copper or wireless networks. They can be used in a wide variety of applications, such as corporate networks, communication services networks and Internet access networks. They can be configured and managed remotely through the network.<\/p>","protected":false},"author":3,"featured_media":0,"parent":2039,"menu_order":20,"comment_status":"closed","ping_status":"closed","template":"page-templates\/template-pagebuilder-full-width.php","meta":{"neve_meta_sidebar":"full-width","neve_meta_container":"","neve_meta_enable_content_width":"on","neve_meta_content_width":100,"neve_meta_title_alignment":"","neve_meta_author_avatar":"","neve_post_elements_order":"","neve_meta_disable_header":"","neve_meta_disable_footer":"","neve_meta_disable_title":"","footnotes":""},"class_list":["post-2092","page","type-page","status-publish","hentry"],"yoast_head":"<!-- This site is optimized with the Yoast SEO plugin v27.3 - https:\/\/yoast.com\/product\/yoast-seo-wordpress\/ -->\n<title>Configuraci\u00f3n OLTs y ONTs - ISP Gesti\u00f3n<\/title>\n<meta name=\"robots\" content=\"index, follow, max-snippet:-1, max-image-preview:large, max-video-preview:-1\" \/>\n<link rel=\"canonical\" href=\"https:\/\/ispgestion.com\/en\/redes-isp\/aprovisionamiento-fibra-optica\/configuracion-olts-y-onts\/\" \/>\n<meta property=\"og:locale\" content=\"en_GB\" \/>\n<meta property=\"og:type\" content=\"article\" \/>\n<meta property=\"og:title\" content=\"Configuraci\u00f3n OLTs y ONTs - ISP Gesti\u00f3n\" \/>\n<meta property=\"og:description\" content=\"OLT&#8217;s y ONT&#8217;s En redes de fibra \u00f3ptica, OLT&#8217;s y ONT&#8217;s son t\u00e9rminos que se refieren a equipamiento de red. Una OLT (Optical Line Terminal) es el dispositivo principal en una red de fibra \u00f3ptica, se encuentra en la central de la red y se utiliza para transmitir se\u00f1ales de datos (como podr\u00eda ser Internet) a trav\u00e9s de la fibra \u00f3ptica. Una ONT (Optical Network Terminal) es un dispositivo que se conecta a la OLT y se encuentra en el lado del usuario final de la red. La ONT se utiliza para convertir las se\u00f1ales de fibra \u00f3ptica en se\u00f1ales de cobre (si se conecta un equipo a \u00e9l a trav\u00e9s de cable ethernet) o de radiofrecuencia (si el equipo se conecta de forma inal\u00e1mbrica). Pueden ser utilizadas por los dispositivos de red en el hogar o en la oficina. ALTA Y CONFIGURACI\u00d3N DE OLT&#8217;S Y ONT&#8217;S \u00a0 Para configurar una OLT y una ONT, es necesario seguir los pasos: &#8211; Instalar la OLT y la ONT en su ubicaci\u00f3n correspondiente.&#8211; Conectar la OLT y la ONT a la red de fibra \u00f3ptica.&#8211; Configurar la OLT para que se comunique con la ONT. &#8211; Conectar y configurar los dispositivos de red a un puerto LAN \/ Wifi de la ONT. Es importante tener en cuenta que la configuraci\u00f3n de una OLT y una ONT puede variar dependiendo del fabricante y del modelo espec\u00edficos, por lo que es recomendable seguir las instrucciones del fabricante para asegurarse de configurar correctamente estos dispositivos. Algunos puntos destacados de las OLT&#8217;s y ONT&#8217;s son: Son dispositivos de red esenciales en las redes de fibra \u00f3ptica y juegan un papel importante en la conectividad y la gesti\u00f3n de la red, siendo este tipo de redes m\u00e1s r\u00e1pidas y con un rendimiento superior a las redes de cobre o inal\u00e1mbricas.Pueden ser utilizadas en una amplia variedad de aplicaciones, como redes de empresas, redes de servicios de comunicaci\u00f3n y redes de acceso a Internet.Pueden ser configuradas y administradas de manera remota a trav\u00e9s de la red.\" \/>\n<meta property=\"og:url\" content=\"https:\/\/ispgestion.com\/en\/redes-isp\/aprovisionamiento-fibra-optica\/configuracion-olts-y-onts\/\" \/>\n<meta property=\"og:site_name\" content=\"ISP Gesti\u00f3n\" \/>\n<meta property=\"article:publisher\" content=\"https:\/\/www.facebook.com\/ispgestion\/\" \/>\n<meta property=\"article:modified_time\" content=\"2022-12-22T09:38:25+00:00\" \/>\n<meta property=\"og:image\" content=\"https:\/\/ispgestion.com\/wp-content\/uploads\/2021\/05\/ont-1024x255.jpg\" \/>\n<meta name=\"twitter:card\" content=\"summary_large_image\" \/>\n<meta name=\"twitter:label1\" content=\"Estimated reading time\" \/>\n\t<meta name=\"twitter:data1\" content=\"1 minute\" \/>\n<script type=\"application\/ld+json\" class=\"yoast-schema-graph\">{\"@context\":\"https:\\\/\\\/schema.org\",\"@graph\":[{\"@type\":\"WebPage\",\"@id\":\"https:\\\/\\\/ispgestion.com\\\/redes-isp\\\/aprovisionamiento-fibra-optica\\\/configuracion-olts-y-onts\\\/\",\"url\":\"https:\\\/\\\/ispgestion.com\\\/redes-isp\\\/aprovisionamiento-fibra-optica\\\/configuracion-olts-y-onts\\\/\",\"name\":\"Configuraci\u00f3n OLTs y ONTs - ISP Gesti\u00f3n\",\"isPartOf\":{\"@id\":\"https:\\\/\\\/ispgestion.com\\\/#website\"},\"primaryImageOfPage\":{\"@id\":\"https:\\\/\\\/ispgestion.com\\\/redes-isp\\\/aprovisionamiento-fibra-optica\\\/configuracion-olts-y-onts\\\/#primaryimage\"},\"image\":{\"@id\":\"https:\\\/\\\/ispgestion.com\\\/redes-isp\\\/aprovisionamiento-fibra-optica\\\/configuracion-olts-y-onts\\\/#primaryimage\"},\"thumbnailUrl\":\"https:\\\/\\\/ispgestion.com\\\/wp-content\\\/uploads\\\/2021\\\/05\\\/ont-1024x255.jpg\",\"datePublished\":\"2021-05-06T07:11:15+00:00\",\"dateModified\":\"2022-12-22T09:38:25+00:00\",\"breadcrumb\":{\"@id\":\"https:\\\/\\\/ispgestion.com\\\/redes-isp\\\/aprovisionamiento-fibra-optica\\\/configuracion-olts-y-onts\\\/#breadcrumb\"},\"inLanguage\":\"en-GB\",\"potentialAction\":[{\"@type\":\"ReadAction\",\"target\":[\"https:\\\/\\\/ispgestion.com\\\/redes-isp\\\/aprovisionamiento-fibra-optica\\\/configuracion-olts-y-onts\\\/\"]}]},{\"@type\":\"ImageObject\",\"inLanguage\":\"en-GB\",\"@id\":\"https:\\\/\\\/ispgestion.com\\\/redes-isp\\\/aprovisionamiento-fibra-optica\\\/configuracion-olts-y-onts\\\/#primaryimage\",\"url\":\"https:\\\/\\\/ispgestion.com\\\/wp-content\\\/uploads\\\/2021\\\/05\\\/ont-1024x255.jpg\",\"contentUrl\":\"https:\\\/\\\/ispgestion.com\\\/wp-content\\\/uploads\\\/2021\\\/05\\\/ont-1024x255.jpg\"},{\"@type\":\"BreadcrumbList\",\"@id\":\"https:\\\/\\\/ispgestion.com\\\/redes-isp\\\/aprovisionamiento-fibra-optica\\\/configuracion-olts-y-onts\\\/#breadcrumb\",\"itemListElement\":[{\"@type\":\"ListItem\",\"position\":1,\"name\":\"Portada\",\"item\":\"https:\\\/\\\/ispgestion.com\\\/\"},{\"@type\":\"ListItem\",\"position\":2,\"name\":\"Redes ISP\",\"item\":\"https:\\\/\\\/ispgestion.com\\\/redes-isp\\\/\"},{\"@type\":\"ListItem\",\"position\":3,\"name\":\"Fibra \u00d3ptica\",\"item\":\"https:\\\/\\\/ispgestion.com\\\/redes-isp\\\/aprovisionamiento-fibra-optica\\\/\"},{\"@type\":\"ListItem\",\"position\":4,\"name\":\"Configuraci\u00f3n OLTs y ONTs\"}]},{\"@type\":\"WebSite\",\"@id\":\"https:\\\/\\\/ispgestion.com\\\/#website\",\"url\":\"https:\\\/\\\/ispgestion.com\\\/\",\"name\":\"ISP Gesti\u00f3n\",\"description\":\"Software en la nube para ISP - Sotware ERP\",\"publisher\":{\"@id\":\"https:\\\/\\\/ispgestion.com\\\/#organization\"},\"potentialAction\":[{\"@type\":\"SearchAction\",\"target\":{\"@type\":\"EntryPoint\",\"urlTemplate\":\"https:\\\/\\\/ispgestion.com\\\/?s={search_term_string}\"},\"query-input\":{\"@type\":\"PropertyValueSpecification\",\"valueRequired\":true,\"valueName\":\"search_term_string\"}}],\"inLanguage\":\"en-GB\"},{\"@type\":\"Organization\",\"@id\":\"https:\\\/\\\/ispgestion.com\\\/#organization\",\"name\":\"ISP Gesti\u00f3n\",\"url\":\"https:\\\/\\\/ispgestion.com\\\/\",\"logo\":{\"@type\":\"ImageObject\",\"inLanguage\":\"en-GB\",\"@id\":\"https:\\\/\\\/ispgestion.com\\\/#\\\/schema\\\/logo\\\/image\\\/\",\"url\":\"https:\\\/\\\/ispgestion.com\\\/wp-content\\\/uploads\\\/2020\\\/04\\\/cropped-logo-isp-1-1.png\",\"contentUrl\":\"https:\\\/\\\/ispgestion.com\\\/wp-content\\\/uploads\\\/2020\\\/04\\\/cropped-logo-isp-1-1.png\",\"width\":245,\"height\":250,\"caption\":\"ISP Gesti\u00f3n\"},\"image\":{\"@id\":\"https:\\\/\\\/ispgestion.com\\\/#\\\/schema\\\/logo\\\/image\\\/\"},\"sameAs\":[\"https:\\\/\\\/www.facebook.com\\\/ispgestion\\\/\",\"https:\\\/\\\/es.linkedin.com\\\/in\\\/isp-gesti\u00f3n-62652715a\",\"https:\\\/\\\/www.youtube.com\\\/channel\\\/UCkZAs-0NFnSnVrh17SNCARg\"]}]}<\/script>\n<!-- \/ Yoast SEO plugin. -->","yoast_head_json":{"title":"OLTs and ONTs configuration - ISP Gesti\u00f3n","robots":{"index":"index","follow":"follow","max-snippet":"max-snippet:-1","max-image-preview":"max-image-preview:large","max-video-preview":"max-video-preview:-1"},"canonical":"https:\/\/ispgestion.com\/en\/redes-isp\/aprovisionamiento-fibra-optica\/configuracion-olts-y-onts\/","og_locale":"en_GB","og_type":"article","og_title":"Configuraci\u00f3n OLTs y ONTs - ISP Gesti\u00f3n","og_description":"OLT&#8217;s y ONT&#8217;s En redes de fibra \u00f3ptica, OLT&#8217;s y ONT&#8217;s son t\u00e9rminos que se refieren a equipamiento de red. Una OLT (Optical Line Terminal) es el dispositivo principal en una red de fibra \u00f3ptica, se encuentra en la central de la red y se utiliza para transmitir se\u00f1ales de datos (como podr\u00eda ser Internet) a trav\u00e9s de la fibra \u00f3ptica. Una ONT (Optical Network Terminal) es un dispositivo que se conecta a la OLT y se encuentra en el lado del usuario final de la red. La ONT se utiliza para convertir las se\u00f1ales de fibra \u00f3ptica en se\u00f1ales de cobre (si se conecta un equipo a \u00e9l a trav\u00e9s de cable ethernet) o de radiofrecuencia (si el equipo se conecta de forma inal\u00e1mbrica). Pueden ser utilizadas por los dispositivos de red en el hogar o en la oficina. ALTA Y CONFIGURACI\u00d3N DE OLT&#8217;S Y ONT&#8217;S \u00a0 Para configurar una OLT y una ONT, es necesario seguir los pasos: &#8211; Instalar la OLT y la ONT en su ubicaci\u00f3n correspondiente.&#8211; Conectar la OLT y la ONT a la red de fibra \u00f3ptica.&#8211; Configurar la OLT para que se comunique con la ONT. &#8211; Conectar y configurar los dispositivos de red a un puerto LAN \/ Wifi de la ONT. Es importante tener en cuenta que la configuraci\u00f3n de una OLT y una ONT puede variar dependiendo del fabricante y del modelo espec\u00edficos, por lo que es recomendable seguir las instrucciones del fabricante para asegurarse de configurar correctamente estos dispositivos. Algunos puntos destacados de las OLT&#8217;s y ONT&#8217;s son: Son dispositivos de red esenciales en las redes de fibra \u00f3ptica y juegan un papel importante en la conectividad y la gesti\u00f3n de la red, siendo este tipo de redes m\u00e1s r\u00e1pidas y con un rendimiento superior a las redes de cobre o inal\u00e1mbricas.Pueden ser utilizadas en una amplia variedad de aplicaciones, como redes de empresas, redes de servicios de comunicaci\u00f3n y redes de acceso a Internet.Pueden ser configuradas y administradas de manera remota a trav\u00e9s de la red.","og_url":"https:\/\/ispgestion.com\/en\/redes-isp\/aprovisionamiento-fibra-optica\/configuracion-olts-y-onts\/","og_site_name":"ISP Gesti\u00f3n","article_publisher":"https:\/\/www.facebook.com\/ispgestion\/","article_modified_time":"2022-12-22T09:38:25+00:00","og_image":[{"url":"https:\/\/ispgestion.com\/wp-content\/uploads\/2021\/05\/ont-1024x255.jpg","type":"","width":"","height":""}],"twitter_card":"summary_large_image","twitter_misc":{"Estimated reading time":"1 minute"},"schema":{"@context":"https:\/\/schema.org","@graph":[{"@type":"WebPage","@id":"https:\/\/ispgestion.com\/redes-isp\/aprovisionamiento-fibra-optica\/configuracion-olts-y-onts\/","url":"https:\/\/ispgestion.com\/redes-isp\/aprovisionamiento-fibra-optica\/configuracion-olts-y-onts\/","name":"OLTs and ONTs configuration - ISP Gesti\u00f3n","isPartOf":{"@id":"https:\/\/ispgestion.com\/#website"},"primaryImageOfPage":{"@id":"https:\/\/ispgestion.com\/redes-isp\/aprovisionamiento-fibra-optica\/configuracion-olts-y-onts\/#primaryimage"},"image":{"@id":"https:\/\/ispgestion.com\/redes-isp\/aprovisionamiento-fibra-optica\/configuracion-olts-y-onts\/#primaryimage"},"thumbnailUrl":"https:\/\/ispgestion.com\/wp-content\/uploads\/2021\/05\/ont-1024x255.jpg","datePublished":"2021-05-06T07:11:15+00:00","dateModified":"2022-12-22T09:38:25+00:00","breadcrumb":{"@id":"https:\/\/ispgestion.com\/redes-isp\/aprovisionamiento-fibra-optica\/configuracion-olts-y-onts\/#breadcrumb"},"inLanguage":"en-GB","potentialAction":[{"@type":"ReadAction","target":["https:\/\/ispgestion.com\/redes-isp\/aprovisionamiento-fibra-optica\/configuracion-olts-y-onts\/"]}]},{"@type":"ImageObject","inLanguage":"en-GB","@id":"https:\/\/ispgestion.com\/redes-isp\/aprovisionamiento-fibra-optica\/configuracion-olts-y-onts\/#primaryimage","url":"https:\/\/ispgestion.com\/wp-content\/uploads\/2021\/05\/ont-1024x255.jpg","contentUrl":"https:\/\/ispgestion.com\/wp-content\/uploads\/2021\/05\/ont-1024x255.jpg"},{"@type":"BreadcrumbList","@id":"https:\/\/ispgestion.com\/redes-isp\/aprovisionamiento-fibra-optica\/configuracion-olts-y-onts\/#breadcrumb","itemListElement":[{"@type":"ListItem","position":1,"name":"Portada","item":"https:\/\/ispgestion.com\/"},{"@type":"ListItem","position":2,"name":"Redes ISP","item":"https:\/\/ispgestion.com\/redes-isp\/"},{"@type":"ListItem","position":3,"name":"Fibra \u00d3ptica","item":"https:\/\/ispgestion.com\/redes-isp\/aprovisionamiento-fibra-optica\/"},{"@type":"ListItem","position":4,"name":"Configuraci\u00f3n OLTs y ONTs"}]},{"@type":"WebSite","@id":"https:\/\/ispgestion.com\/#website","url":"https:\/\/ispgestion.com\/","name":"ISP Gesti\u00f3n","description":"Cloud Software for ISPs - ERP Software","publisher":{"@id":"https:\/\/ispgestion.com\/#organization"},"potentialAction":[{"@type":"SearchAction","target":{"@type":"EntryPoint","urlTemplate":"https:\/\/ispgestion.com\/?s={search_term_string}"},"query-input":{"@type":"PropertyValueSpecification","valueRequired":true,"valueName":"search_term_string"}}],"inLanguage":"en-GB"},{"@type":"Organization","@id":"https:\/\/ispgestion.com\/#organization","name":"ISP Gesti\u00f3n","url":"https:\/\/ispgestion.com\/","logo":{"@type":"ImageObject","inLanguage":"en-GB","@id":"https:\/\/ispgestion.com\/#\/schema\/logo\/image\/","url":"https:\/\/ispgestion.com\/wp-content\/uploads\/2020\/04\/cropped-logo-isp-1-1.png","contentUrl":"https:\/\/ispgestion.com\/wp-content\/uploads\/2020\/04\/cropped-logo-isp-1-1.png","width":245,"height":250,"caption":"ISP Gesti\u00f3n"},"image":{"@id":"https:\/\/ispgestion.com\/#\/schema\/logo\/image\/"},"sameAs":["https:\/\/www.facebook.com\/ispgestion\/","https:\/\/es.linkedin.com\/in\/isp-gesti\u00f3n-62652715a","https:\/\/www.youtube.com\/channel\/UCkZAs-0NFnSnVrh17SNCARg"]}]}},"_links":{"self":[{"href":"https:\/\/ispgestion.com\/en\/wp-json\/wp\/v2\/pages\/2092","targetHints":{"allow":["GET"]}}],"collection":[{"href":"https:\/\/ispgestion.com\/en\/wp-json\/wp\/v2\/pages"}],"about":[{"href":"https:\/\/ispgestion.com\/en\/wp-json\/wp\/v2\/types\/page"}],"author":[{"embeddable":true,"href":"https:\/\/ispgestion.com\/en\/wp-json\/wp\/v2\/users\/3"}],"replies":[{"embeddable":true,"href":"https:\/\/ispgestion.com\/en\/wp-json\/wp\/v2\/comments?post=2092"}],"version-history":[{"count":23,"href":"https:\/\/ispgestion.com\/en\/wp-json\/wp\/v2\/pages\/2092\/revisions"}],"predecessor-version":[{"id":7264,"href":"https:\/\/ispgestion.com\/en\/wp-json\/wp\/v2\/pages\/2092\/revisions\/7264"}],"up":[{"embeddable":true,"href":"https:\/\/ispgestion.com\/en\/wp-json\/wp\/v2\/pages\/2039"}],"wp:attachment":[{"href":"https:\/\/ispgestion.com\/en\/wp-json\/wp\/v2\/media?parent=2092"}],"curies":[{"name":"wp","href":"https:\/\/api.w.org\/{rel}","templated":true}]}}