{"id":2083,"date":"2021-05-06T08:43:21","date_gmt":"2021-05-06T06:43:21","guid":{"rendered":"https:\/\/ispgestion.com\/?page_id=2083"},"modified":"2022-02-17T17:38:48","modified_gmt":"2022-02-17T16:38:48","slug":"tarifas-por-cobertura-de-fibra","status":"publish","type":"page","link":"https:\/\/ispgestion.com\/en\/redes-isp\/aprovisionamiento-fibra-optica\/tarifas-por-cobertura-de-fibra\/","title":{"rendered":"Rates for Fiber Coverage"},"content":{"rendered":"<div data-elementor-type=\"wp-page\" data-elementor-id=\"2083\" class=\"elementor elementor-2083\">\n\t\t\t\t\t\t<section class=\"elementor-section elementor-top-section elementor-element elementor-element-d9c3fe1 elementor-section-boxed elementor-section-height-default elementor-section-height-default wpr-particle-no wpr-jarallax-no wpr-parallax-no wpr-sticky-section-no wpr-equal-height-no\" data-id=\"d9c3fe1\" data-element_type=\"section\" data-e-type=\"section\">\n\t\t\t\t\t\t<div class=\"elementor-container elementor-column-gap-default\">\n\t\t\t\t\t<div class=\"elementor-column elementor-col-100 elementor-top-column elementor-element elementor-element-f482de5\" data-id=\"f482de5\" data-element_type=\"column\" data-e-type=\"column\">\n\t\t\t<div class=\"elementor-widget-wrap elementor-element-populated\">\n\t\t\t\t\t\t<div class=\"elementor-element elementor-element-acc58eb elementor-widget elementor-widget-heading\" data-id=\"acc58eb\" data-element_type=\"widget\" data-e-type=\"widget\" data-widget_type=\"heading.default\">\n\t\t\t\t<div class=\"elementor-widget-container\">\n\t\t\t\t\t<h2 class=\"elementor-heading-title elementor-size-default\">RATES FOR FIBER COVERAGE<\/h2>\t\t\t\t<\/div>\n\t\t\t\t<\/div>\n\t\t\t\t\t<\/div>\n\t\t<\/div>\n\t\t\t\t\t<\/div>\n\t\t<\/section>\n\t\t\t\t<section class=\"elementor-section elementor-top-section elementor-element elementor-element-80e3d3f elementor-section-boxed elementor-section-height-default elementor-section-height-default wpr-particle-no wpr-jarallax-no wpr-parallax-no wpr-sticky-section-no wpr-equal-height-no\" data-id=\"80e3d3f\" data-element_type=\"section\" data-e-type=\"section\">\n\t\t\t\t\t\t<div class=\"elementor-container elementor-column-gap-default\">\n\t\t\t\t\t<div class=\"elementor-column elementor-col-100 elementor-top-column elementor-element elementor-element-1592829e\" data-id=\"1592829e\" data-element_type=\"column\" data-e-type=\"column\">\n\t\t\t<div class=\"elementor-widget-wrap elementor-element-populated\">\n\t\t\t\t\t\t<div class=\"elementor-element elementor-element-6a67a740 elementor-widget elementor-widget-text-editor\" data-id=\"6a67a740\" data-element_type=\"widget\" data-e-type=\"widget\" data-widget_type=\"text-editor.default\">\n\t\t\t\t<div class=\"elementor-widget-container\">\n\t\t\t\t\t\t\t\t\t<p><\/p>\n<p>Rate search engine based on the coverage of the different providers with which your ISP operates.<\/p>\n<p>When selecting an installation address, you will be shown a list of the rates available for contracting.<\/p>\n<p><\/p>\n<p><\/p>\n<p><\/p>\t\t\t\t\t\t\t\t<\/div>\n\t\t\t\t<\/div>\n\t\t\t\t\t<\/div>\n\t\t<\/div>\n\t\t\t\t\t<\/div>\n\t\t<\/section>\n\t\t\t\t<section class=\"elementor-section elementor-top-section elementor-element elementor-element-7ec5583 elementor-section-boxed elementor-section-height-default elementor-section-height-default wpr-particle-no wpr-jarallax-no wpr-parallax-no wpr-sticky-section-no wpr-equal-height-no\" data-id=\"7ec5583\" data-element_type=\"section\" data-e-type=\"section\">\n\t\t\t\t\t\t<div class=\"elementor-container elementor-column-gap-default\">\n\t\t\t\t\t<div class=\"elementor-column elementor-col-100 elementor-top-column elementor-element elementor-element-4fcfb42\" data-id=\"4fcfb42\" data-element_type=\"column\" data-e-type=\"column\">\n\t\t\t<div class=\"elementor-widget-wrap elementor-element-populated\">\n\t\t\t\t\t\t<div class=\"elementor-element elementor-element-977f634 elementor-widget elementor-widget-image\" data-id=\"977f634\" data-element_type=\"widget\" data-e-type=\"widget\" data-widget_type=\"image.default\">\n\t\t\t\t<div class=\"elementor-widget-container\">\n\t\t\t\t\t\t\t\t\t\t\t\t\t\t\t<img fetchpriority=\"high\" decoding=\"async\" width=\"1024\" height=\"345\" src=\"https:\/\/ispgestion.com\/wp-content\/uploads\/2021\/05\/cobertura-fibra-1024x345.jpg\" class=\"attachment-large size-large wp-image-2085\" alt=\"\" srcset=\"https:\/\/ispgestion.com\/wp-content\/uploads\/2021\/05\/cobertura-fibra-1024x345.jpg 1024w, https:\/\/ispgestion.com\/wp-content\/uploads\/2021\/05\/cobertura-fibra-600x202.jpg 600w, https:\/\/ispgestion.com\/wp-content\/uploads\/2021\/05\/cobertura-fibra-300x101.jpg 300w, https:\/\/ispgestion.com\/wp-content\/uploads\/2021\/05\/cobertura-fibra-768x258.jpg 768w, https:\/\/ispgestion.com\/wp-content\/uploads\/2021\/05\/cobertura-fibra-16x5.jpg 16w, https:\/\/ispgestion.com\/wp-content\/uploads\/2021\/05\/cobertura-fibra.jpg 1376w\" sizes=\"(max-width: 1024px) 100vw, 1024px\" \/>\t\t\t\t\t\t\t\t\t\t\t\t\t\t\t<\/div>\n\t\t\t\t<\/div>\n\t\t\t\t\t<\/div>\n\t\t<\/div>\n\t\t\t\t\t<\/div>\n\t\t<\/section>\n\t\t\t\t<section class=\"elementor-section elementor-top-section elementor-element elementor-element-b403d01 elementor-section-boxed elementor-section-height-default elementor-section-height-default wpr-particle-no wpr-jarallax-no wpr-parallax-no wpr-sticky-section-no wpr-equal-height-no\" data-id=\"b403d01\" data-element_type=\"section\" data-e-type=\"section\">\n\t\t\t\t\t\t<div class=\"elementor-container elementor-column-gap-default\">\n\t\t\t\t\t<div class=\"elementor-column elementor-col-100 elementor-top-column elementor-element elementor-element-9e49fa6\" data-id=\"9e49fa6\" data-element_type=\"column\" data-e-type=\"column\">\n\t\t\t<div class=\"elementor-widget-wrap elementor-element-populated\">\n\t\t\t\t\t\t<div class=\"elementor-element elementor-element-f1ff48e elementor-widget-divider--view-line elementor-widget elementor-widget-divider\" data-id=\"f1ff48e\" data-element_type=\"widget\" data-e-type=\"widget\" data-widget_type=\"divider.default\">\n\t\t\t\t<div class=\"elementor-widget-container\">\n\t\t\t\t\t\t\t<div class=\"elementor-divider\">\n\t\t\t<span class=\"elementor-divider-separator\">\n\t\t\t\t\t\t<\/span>\n\t\t<\/div>\n\t\t\t\t\t\t<\/div>\n\t\t\t\t<\/div>\n\t\t\t\t\t<\/div>\n\t\t<\/div>\n\t\t\t\t\t<\/div>\n\t\t<\/section>\n\t\t\t\t<\/div>","protected":false},"excerpt":{"rendered":"<p>RATES FOR FIBER COVERAGE Rate search engine based on the coverage of the different providers with which your ISP operates. When selecting an installation address, a list of the rates available for contracting will be shown.<\/p>","protected":false},"author":3,"featured_media":0,"parent":2039,"menu_order":40,"comment_status":"closed","ping_status":"closed","template":"","meta":{"neve_meta_sidebar":"full-width","neve_meta_container":"","neve_meta_enable_content_width":"on","neve_meta_content_width":100,"neve_meta_title_alignment":"","neve_meta_author_avatar":"","neve_post_elements_order":"","neve_meta_disable_header":"","neve_meta_disable_footer":"","neve_meta_disable_title":"on","footnotes":""},"class_list":["post-2083","page","type-page","status-publish","hentry"],"yoast_head":"<!-- This site is optimized with the Yoast SEO plugin v27.4 - https:\/\/yoast.com\/product\/yoast-seo-wordpress\/ -->\n<title>Tarifas por Cobertura de Fibra - ISP Gesti\u00f3n<\/title>\n<meta name=\"robots\" content=\"index, follow, max-snippet:-1, max-image-preview:large, max-video-preview:-1\" \/>\n<link rel=\"canonical\" href=\"https:\/\/ispgestion.com\/en\/redes-isp\/aprovisionamiento-fibra-optica\/tarifas-por-cobertura-de-fibra\/\" \/>\n<meta property=\"og:locale\" content=\"en_GB\" \/>\n<meta property=\"og:type\" content=\"article\" \/>\n<meta property=\"og:title\" content=\"Tarifas por Cobertura de Fibra - ISP Gesti\u00f3n\" \/>\n<meta property=\"og:description\" content=\"TARIFAS POR COBERTURA DE FIBRA Buscador de tarifas en funci\u00f3n de la cobertura de los distintos proveedores con los que su ISP opere. Al seleccionar una direcci\u00f3n de instalaci\u00f3n le ser\u00e1 mostrado un listado de las tarifas disponibles para la contrataci\u00f3n.\" \/>\n<meta property=\"og:url\" content=\"https:\/\/ispgestion.com\/en\/redes-isp\/aprovisionamiento-fibra-optica\/tarifas-por-cobertura-de-fibra\/\" \/>\n<meta property=\"og:site_name\" content=\"ISP Gesti\u00f3n\" \/>\n<meta property=\"article:publisher\" content=\"https:\/\/www.facebook.com\/ispgestion\/\" \/>\n<meta property=\"article:modified_time\" content=\"2022-02-17T16:38:48+00:00\" \/>\n<meta property=\"og:image\" content=\"https:\/\/ispgestion.com\/wp-content\/uploads\/2021\/05\/cobertura-fibra-1024x345.jpg\" \/>\n<meta name=\"twitter:card\" content=\"summary_large_image\" \/>\n<meta name=\"twitter:label1\" content=\"Estimated reading time\" \/>\n\t<meta name=\"twitter:data1\" content=\"1 minute\" \/>\n<script type=\"application\/ld+json\" class=\"yoast-schema-graph\">{\"@context\":\"https:\\\/\\\/schema.org\",\"@graph\":[{\"@type\":\"WebPage\",\"@id\":\"https:\\\/\\\/ispgestion.com\\\/redes-isp\\\/aprovisionamiento-fibra-optica\\\/tarifas-por-cobertura-de-fibra\\\/\",\"url\":\"https:\\\/\\\/ispgestion.com\\\/redes-isp\\\/aprovisionamiento-fibra-optica\\\/tarifas-por-cobertura-de-fibra\\\/\",\"name\":\"Tarifas por Cobertura de Fibra - ISP Gesti\u00f3n\",\"isPartOf\":{\"@id\":\"https:\\\/\\\/ispgestion.com\\\/#website\"},\"primaryImageOfPage\":{\"@id\":\"https:\\\/\\\/ispgestion.com\\\/redes-isp\\\/aprovisionamiento-fibra-optica\\\/tarifas-por-cobertura-de-fibra\\\/#primaryimage\"},\"image\":{\"@id\":\"https:\\\/\\\/ispgestion.com\\\/redes-isp\\\/aprovisionamiento-fibra-optica\\\/tarifas-por-cobertura-de-fibra\\\/#primaryimage\"},\"thumbnailUrl\":\"https:\\\/\\\/ispgestion.com\\\/wp-content\\\/uploads\\\/2021\\\/05\\\/cobertura-fibra-1024x345.jpg\",\"datePublished\":\"2021-05-06T06:43:21+00:00\",\"dateModified\":\"2022-02-17T16:38:48+00:00\",\"breadcrumb\":{\"@id\":\"https:\\\/\\\/ispgestion.com\\\/redes-isp\\\/aprovisionamiento-fibra-optica\\\/tarifas-por-cobertura-de-fibra\\\/#breadcrumb\"},\"inLanguage\":\"en-GB\",\"potentialAction\":[{\"@type\":\"ReadAction\",\"target\":[\"https:\\\/\\\/ispgestion.com\\\/redes-isp\\\/aprovisionamiento-fibra-optica\\\/tarifas-por-cobertura-de-fibra\\\/\"]}]},{\"@type\":\"ImageObject\",\"inLanguage\":\"en-GB\",\"@id\":\"https:\\\/\\\/ispgestion.com\\\/redes-isp\\\/aprovisionamiento-fibra-optica\\\/tarifas-por-cobertura-de-fibra\\\/#primaryimage\",\"url\":\"https:\\\/\\\/ispgestion.com\\\/wp-content\\\/uploads\\\/2021\\\/05\\\/cobertura-fibra-1024x345.jpg\",\"contentUrl\":\"https:\\\/\\\/ispgestion.com\\\/wp-content\\\/uploads\\\/2021\\\/05\\\/cobertura-fibra-1024x345.jpg\"},{\"@type\":\"BreadcrumbList\",\"@id\":\"https:\\\/\\\/ispgestion.com\\\/redes-isp\\\/aprovisionamiento-fibra-optica\\\/tarifas-por-cobertura-de-fibra\\\/#breadcrumb\",\"itemListElement\":[{\"@type\":\"ListItem\",\"position\":1,\"name\":\"Portada\",\"item\":\"https:\\\/\\\/ispgestion.com\\\/\"},{\"@type\":\"ListItem\",\"position\":2,\"name\":\"Redes ISP\",\"item\":\"https:\\\/\\\/ispgestion.com\\\/redes-isp\\\/\"},{\"@type\":\"ListItem\",\"position\":3,\"name\":\"Fibra \u00d3ptica\",\"item\":\"https:\\\/\\\/ispgestion.com\\\/redes-isp\\\/aprovisionamiento-fibra-optica\\\/\"},{\"@type\":\"ListItem\",\"position\":4,\"name\":\"Tarifas por Cobertura de Fibra\"}]},{\"@type\":\"WebSite\",\"@id\":\"https:\\\/\\\/ispgestion.com\\\/#website\",\"url\":\"https:\\\/\\\/ispgestion.com\\\/\",\"name\":\"ISP Gesti\u00f3n\",\"description\":\"Software en la nube para ISP - Sotware ERP\",\"publisher\":{\"@id\":\"https:\\\/\\\/ispgestion.com\\\/#organization\"},\"potentialAction\":[{\"@type\":\"SearchAction\",\"target\":{\"@type\":\"EntryPoint\",\"urlTemplate\":\"https:\\\/\\\/ispgestion.com\\\/?s={search_term_string}\"},\"query-input\":{\"@type\":\"PropertyValueSpecification\",\"valueRequired\":true,\"valueName\":\"search_term_string\"}}],\"inLanguage\":\"en-GB\"},{\"@type\":\"Organization\",\"@id\":\"https:\\\/\\\/ispgestion.com\\\/#organization\",\"name\":\"ISP Gesti\u00f3n\",\"url\":\"https:\\\/\\\/ispgestion.com\\\/\",\"logo\":{\"@type\":\"ImageObject\",\"inLanguage\":\"en-GB\",\"@id\":\"https:\\\/\\\/ispgestion.com\\\/#\\\/schema\\\/logo\\\/image\\\/\",\"url\":\"https:\\\/\\\/ispgestion.com\\\/wp-content\\\/uploads\\\/2020\\\/04\\\/cropped-logo-isp-1-1.png\",\"contentUrl\":\"https:\\\/\\\/ispgestion.com\\\/wp-content\\\/uploads\\\/2020\\\/04\\\/cropped-logo-isp-1-1.png\",\"width\":245,\"height\":250,\"caption\":\"ISP Gesti\u00f3n\"},\"image\":{\"@id\":\"https:\\\/\\\/ispgestion.com\\\/#\\\/schema\\\/logo\\\/image\\\/\"},\"sameAs\":[\"https:\\\/\\\/www.facebook.com\\\/ispgestion\\\/\",\"https:\\\/\\\/es.linkedin.com\\\/in\\\/isp-gesti\u00f3n-62652715a\",\"https:\\\/\\\/www.youtube.com\\\/channel\\\/UCkZAs-0NFnSnVrh17SNCARg\"]}]}<\/script>\n<!-- \/ Yoast SEO plugin. -->","yoast_head_json":{"title":"Fibre Coverage Tariffs - ISP Gesti\u00f3n","robots":{"index":"index","follow":"follow","max-snippet":"max-snippet:-1","max-image-preview":"max-image-preview:large","max-video-preview":"max-video-preview:-1"},"canonical":"https:\/\/ispgestion.com\/en\/redes-isp\/aprovisionamiento-fibra-optica\/tarifas-por-cobertura-de-fibra\/","og_locale":"en_GB","og_type":"article","og_title":"Tarifas por Cobertura de Fibra - ISP Gesti\u00f3n","og_description":"TARIFAS POR COBERTURA DE FIBRA Buscador de tarifas en funci\u00f3n de la cobertura de los distintos proveedores con los que su ISP opere. Al seleccionar una direcci\u00f3n de instalaci\u00f3n le ser\u00e1 mostrado un listado de las tarifas disponibles para la contrataci\u00f3n.","og_url":"https:\/\/ispgestion.com\/en\/redes-isp\/aprovisionamiento-fibra-optica\/tarifas-por-cobertura-de-fibra\/","og_site_name":"ISP Gesti\u00f3n","article_publisher":"https:\/\/www.facebook.com\/ispgestion\/","article_modified_time":"2022-02-17T16:38:48+00:00","og_image":[{"url":"https:\/\/ispgestion.com\/wp-content\/uploads\/2021\/05\/cobertura-fibra-1024x345.jpg","type":"","width":"","height":""}],"twitter_card":"summary_large_image","twitter_misc":{"Estimated reading time":"1 minute"},"schema":{"@context":"https:\/\/schema.org","@graph":[{"@type":"WebPage","@id":"https:\/\/ispgestion.com\/redes-isp\/aprovisionamiento-fibra-optica\/tarifas-por-cobertura-de-fibra\/","url":"https:\/\/ispgestion.com\/redes-isp\/aprovisionamiento-fibra-optica\/tarifas-por-cobertura-de-fibra\/","name":"Fibre Coverage Tariffs - ISP Gesti\u00f3n","isPartOf":{"@id":"https:\/\/ispgestion.com\/#website"},"primaryImageOfPage":{"@id":"https:\/\/ispgestion.com\/redes-isp\/aprovisionamiento-fibra-optica\/tarifas-por-cobertura-de-fibra\/#primaryimage"},"image":{"@id":"https:\/\/ispgestion.com\/redes-isp\/aprovisionamiento-fibra-optica\/tarifas-por-cobertura-de-fibra\/#primaryimage"},"thumbnailUrl":"https:\/\/ispgestion.com\/wp-content\/uploads\/2021\/05\/cobertura-fibra-1024x345.jpg","datePublished":"2021-05-06T06:43:21+00:00","dateModified":"2022-02-17T16:38:48+00:00","breadcrumb":{"@id":"https:\/\/ispgestion.com\/redes-isp\/aprovisionamiento-fibra-optica\/tarifas-por-cobertura-de-fibra\/#breadcrumb"},"inLanguage":"en-GB","potentialAction":[{"@type":"ReadAction","target":["https:\/\/ispgestion.com\/redes-isp\/aprovisionamiento-fibra-optica\/tarifas-por-cobertura-de-fibra\/"]}]},{"@type":"ImageObject","inLanguage":"en-GB","@id":"https:\/\/ispgestion.com\/redes-isp\/aprovisionamiento-fibra-optica\/tarifas-por-cobertura-de-fibra\/#primaryimage","url":"https:\/\/ispgestion.com\/wp-content\/uploads\/2021\/05\/cobertura-fibra-1024x345.jpg","contentUrl":"https:\/\/ispgestion.com\/wp-content\/uploads\/2021\/05\/cobertura-fibra-1024x345.jpg"},{"@type":"BreadcrumbList","@id":"https:\/\/ispgestion.com\/redes-isp\/aprovisionamiento-fibra-optica\/tarifas-por-cobertura-de-fibra\/#breadcrumb","itemListElement":[{"@type":"ListItem","position":1,"name":"Portada","item":"https:\/\/ispgestion.com\/"},{"@type":"ListItem","position":2,"name":"Redes ISP","item":"https:\/\/ispgestion.com\/redes-isp\/"},{"@type":"ListItem","position":3,"name":"Fibra \u00d3ptica","item":"https:\/\/ispgestion.com\/redes-isp\/aprovisionamiento-fibra-optica\/"},{"@type":"ListItem","position":4,"name":"Tarifas por Cobertura de Fibra"}]},{"@type":"WebSite","@id":"https:\/\/ispgestion.com\/#website","url":"https:\/\/ispgestion.com\/","name":"ISP Gesti\u00f3n","description":"Cloud Software for ISPs - ERP Software","publisher":{"@id":"https:\/\/ispgestion.com\/#organization"},"potentialAction":[{"@type":"SearchAction","target":{"@type":"EntryPoint","urlTemplate":"https:\/\/ispgestion.com\/?s={search_term_string}"},"query-input":{"@type":"PropertyValueSpecification","valueRequired":true,"valueName":"search_term_string"}}],"inLanguage":"en-GB"},{"@type":"Organization","@id":"https:\/\/ispgestion.com\/#organization","name":"ISP Gesti\u00f3n","url":"https:\/\/ispgestion.com\/","logo":{"@type":"ImageObject","inLanguage":"en-GB","@id":"https:\/\/ispgestion.com\/#\/schema\/logo\/image\/","url":"https:\/\/ispgestion.com\/wp-content\/uploads\/2020\/04\/cropped-logo-isp-1-1.png","contentUrl":"https:\/\/ispgestion.com\/wp-content\/uploads\/2020\/04\/cropped-logo-isp-1-1.png","width":245,"height":250,"caption":"ISP Gesti\u00f3n"},"image":{"@id":"https:\/\/ispgestion.com\/#\/schema\/logo\/image\/"},"sameAs":["https:\/\/www.facebook.com\/ispgestion\/","https:\/\/es.linkedin.com\/in\/isp-gesti\u00f3n-62652715a","https:\/\/www.youtube.com\/channel\/UCkZAs-0NFnSnVrh17SNCARg"]}]}},"_links":{"self":[{"href":"https:\/\/ispgestion.com\/en\/wp-json\/wp\/v2\/pages\/2083","targetHints":{"allow":["GET"]}}],"collection":[{"href":"https:\/\/ispgestion.com\/en\/wp-json\/wp\/v2\/pages"}],"about":[{"href":"https:\/\/ispgestion.com\/en\/wp-json\/wp\/v2\/types\/page"}],"author":[{"embeddable":true,"href":"https:\/\/ispgestion.com\/en\/wp-json\/wp\/v2\/users\/3"}],"replies":[{"embeddable":true,"href":"https:\/\/ispgestion.com\/en\/wp-json\/wp\/v2\/comments?post=2083"}],"version-history":[{"count":9,"href":"https:\/\/ispgestion.com\/en\/wp-json\/wp\/v2\/pages\/2083\/revisions"}],"predecessor-version":[{"id":4619,"href":"https:\/\/ispgestion.com\/en\/wp-json\/wp\/v2\/pages\/2083\/revisions\/4619"}],"up":[{"embeddable":true,"href":"https:\/\/ispgestion.com\/en\/wp-json\/wp\/v2\/pages\/2039"}],"wp:attachment":[{"href":"https:\/\/ispgestion.com\/en\/wp-json\/wp\/v2\/media?parent=2083"}],"curies":[{"name":"wp","href":"https:\/\/api.w.org\/{rel}","templated":true}]}}